{"id":1767,"date":"2016-09-06T10:13:23","date_gmt":"2016-09-06T10:13:23","guid":{"rendered":"http:\/\/www.ipcszeged.hu\/?page_id=1767"},"modified":"2020-08-28T10:11:19","modified_gmt":"2020-08-28T10:11:19","slug":"szent-gellert-ifjusagi-talalkozo-2016","status":"publish","type":"page","link":"https:\/\/ipcszeged.hu\/index.php\/programok-ahol-megtalalsz-bennunket\/szent-gellert-ifjusagi-talalkozo\/szent-gellert-ifjusagi-talalkozo-2016\/","title":{"rendered":"Szent Gell\u00e9rt Ifj\u00fas\u00e1gi Tal\u00e1lkoz\u00f3 2016"},"content":{"rendered":"<h1 style=\"text-align: center;\">1976 Szent Gell\u00e9rt \u00fcnnepe&#8230;..<\/h1>\n<h1 style=\"text-align: center;\">Te is eml\u00e9kszel???????<\/h1>\n<h3 style=\"text-align: center;\">Ha nem, akkor gyere el szeptember 24-\u00e9n a 40. Szent Gell\u00e9rt napra a szegedi Als\u00f3v\u00e1rosi Ferences Templomhoz \u00e9s \u00e1t\u00e9lheted mindazt az \u00e9lm\u00e9nyt, amit a Szent \u00a0Gell\u00e9rt Ifj\u00fas\u00e1gi Tal\u00e1lkoz\u00f3 adhat!<\/h3>\n<h3 style=\"text-align: center;\">T\u00e9ma: ELK\u00d6TELEZ\u0150D\u00c9S<\/h3>\n<h3 style=\"text-align: center;\">El\u0151ad\u00f3: P\u00e1lfai Zolt\u00e1n (Paffy atya)<\/h3>\n<h2 style=\"text-align: center;\"><a href=\"https:\/\/goo.gl\/forms\/F7wd1wVkjSM7qrnL2\"><strong>Regisztr\u00e1lok a tal\u00e1lkoz\u00f3n<\/strong><\/a><\/h2>\n<h4 style=\"text-align: center;\"><span style=\"color: #ff0000;\">Regisztr\u00e1ci\u00f3s hat\u00e1rid\u0151: 2016.09.20.<\/span><\/h4>\n ","protected":false},"excerpt":{"rendered":"<p>1976 Szent Gell\u00e9rt \u00fcnnepe&#8230;.. Te is eml\u00e9kszel??????? Ha nem, akkor gyere el szeptember 24-\u00e9n a 40. Szent Gell\u00e9rt napra a szegedi Als\u00f3v\u00e1rosi Ferences Templomhoz \u00e9s \u00e1t\u00e9lheted mindazt az \u00e9lm\u00e9nyt, amit a Szent \u00a0Gell\u00e9rt Ifj\u00fas\u00e1gi Tal\u00e1lkoz\u00f3 adhat! T\u00e9ma: ELK\u00d6TELEZ\u0150D\u00c9S El\u0151ad\u00f3: P\u00e1lfai Zolt\u00e1n (Paffy atya) Regisztr\u00e1lok a tal\u00e1lkoz\u00f3n Regisztr\u00e1ci\u00f3s hat\u00e1rid\u0151: 2016.09.20.<\/p>\n","protected":false},"author":1,"featured_media":1768,"parent":264,"menu_order":4,"comment_status":"closed","ping_status":"closed","template":"","meta":{"ngg_post_thumbnail":0,"footnotes":""},"class_list":["post-1767","page","type-page","status-publish","has-post-thumbnail","hentry"],"_links":{"self":[{"href":"https:\/\/ipcszeged.hu\/index.php\/wp-json\/wp\/v2\/pages\/1767","targetHints":{"allow":["GET"]}}],"collection":[{"href":"https:\/\/ipcszeged.hu\/index.php\/wp-json\/wp\/v2\/pages"}],"about":[{"href":"https:\/\/ipcszeged.hu\/index.php\/wp-json\/wp\/v2\/types\/page"}],"author":[{"embeddable":true,"href":"https:\/\/ipcszeged.hu\/index.php\/wp-json\/wp\/v2\/users\/1"}],"replies":[{"embeddable":true,"href":"https:\/\/ipcszeged.hu\/index.php\/wp-json\/wp\/v2\/comments?post=1767"}],"version-history":[{"count":4,"href":"https:\/\/ipcszeged.hu\/index.php\/wp-json\/wp\/v2\/pages\/1767\/revisions"}],"predecessor-version":[{"id":1783,"href":"https:\/\/ipcszeged.hu\/index.php\/wp-json\/wp\/v2\/pages\/1767\/revisions\/1783"}],"up":[{"embeddable":true,"href":"https:\/\/ipcszeged.hu\/index.php\/wp-json\/wp\/v2\/pages\/264"}],"wp:featuredmedia":[{"embeddable":true,"href":"https:\/\/ipcszeged.hu\/index.php\/wp-json\/wp\/v2\/media\/1768"}],"wp:attachment":[{"href":"https:\/\/ipcszeged.hu\/index.php\/wp-json\/wp\/v2\/media?parent=1767"}],"curies":[{"name":"wp","href":"https:\/\/api.w.org\/{rel}","templated":true}]}}