{"id":17595,"date":"2021-10-22T09:15:34","date_gmt":"2021-10-22T09:15:34","guid":{"rendered":"https:\/\/ipcszeged.hu\/?page_id=17595"},"modified":"2021-10-22T09:15:35","modified_gmt":"2021-10-22T09:15:35","slug":"ipc-kihivas21-osz","status":"publish","type":"page","link":"https:\/\/ipcszeged.hu\/index.php\/ipc-kihivas21-osz\/","title":{"rendered":"IPC Kih\u00edv\u00e1s&#8217;21 \u0151sz"},"content":{"rendered":"\n<div class=\"wp-block-image\"><figure class=\"aligncenter size-full is-resized\"><img loading=\"lazy\" decoding=\"async\" src=\"https:\/\/ipcszeged.hu\/wp-content\/uploads\/2021\/10\/Orange-Pumpkin-Pregnancy-Announcement.jpg\" alt=\"\" class=\"wp-image-17580\" width=\"357\" height=\"500\" srcset=\"https:\/\/ipcszeged.hu\/wp-content\/uploads\/2021\/10\/Orange-Pumpkin-Pregnancy-Announcement.jpg 1428w, https:\/\/ipcszeged.hu\/wp-content\/uploads\/2021\/10\/Orange-Pumpkin-Pregnancy-Announcement-214x300.jpg 214w, https:\/\/ipcszeged.hu\/wp-content\/uploads\/2021\/10\/Orange-Pumpkin-Pregnancy-Announcement-107x150.jpg 107w, https:\/\/ipcszeged.hu\/wp-content\/uploads\/2021\/10\/Orange-Pumpkin-Pregnancy-Announcement-768x1076.jpg 768w, https:\/\/ipcszeged.hu\/wp-content\/uploads\/2021\/10\/Orange-Pumpkin-Pregnancy-Announcement-1097x1536.jpg 1097w, https:\/\/ipcszeged.hu\/wp-content\/uploads\/2021\/10\/Orange-Pumpkin-Pregnancy-Announcement-1024x1434.jpg 1024w, https:\/\/ipcszeged.hu\/wp-content\/uploads\/2021\/10\/Orange-Pumpkin-Pregnancy-Announcement-771x1080.jpg 771w\" sizes=\"auto, (max-width: 357px) 100vw, 357px\" \/><\/figure><\/div>\n\n\n\n<div class=\"wp-block-image\"><figure class=\"aligncenter size-full is-resized\"><img loading=\"lazy\" decoding=\"async\" src=\"https:\/\/ipcszeged.hu\/wp-content\/uploads\/2021\/10\/Teal-Hand-Drawn-Family-Friday-Wellness-Social-and-Emotional-Learning-Poster.jpg\" alt=\"\" class=\"wp-image-17583\" width=\"397\" height=\"561\" srcset=\"https:\/\/ipcszeged.hu\/wp-content\/uploads\/2021\/10\/Teal-Hand-Drawn-Family-Friday-Wellness-Social-and-Emotional-Learning-Poster.jpg 1587w, https:\/\/ipcszeged.hu\/wp-content\/uploads\/2021\/10\/Teal-Hand-Drawn-Family-Friday-Wellness-Social-and-Emotional-Learning-Poster-212x300.jpg 212w, https:\/\/ipcszeged.hu\/wp-content\/uploads\/2021\/10\/Teal-Hand-Drawn-Family-Friday-Wellness-Social-and-Emotional-Learning-Poster-106x150.jpg 106w, https:\/\/ipcszeged.hu\/wp-content\/uploads\/2021\/10\/Teal-Hand-Drawn-Family-Friday-Wellness-Social-and-Emotional-Learning-Poster-768x1086.jpg 768w, https:\/\/ipcszeged.hu\/wp-content\/uploads\/2021\/10\/Teal-Hand-Drawn-Family-Friday-Wellness-Social-and-Emotional-Learning-Poster-1086x1536.jpg 1086w, https:\/\/ipcszeged.hu\/wp-content\/uploads\/2021\/10\/Teal-Hand-Drawn-Family-Friday-Wellness-Social-and-Emotional-Learning-Poster-1448x2048.jpg 1448w, https:\/\/ipcszeged.hu\/wp-content\/uploads\/2021\/10\/Teal-Hand-Drawn-Family-Friday-Wellness-Social-and-Emotional-Learning-Poster-1024x1449.jpg 1024w, https:\/\/ipcszeged.hu\/wp-content\/uploads\/2021\/10\/Teal-Hand-Drawn-Family-Friday-Wellness-Social-and-Emotional-Learning-Poster-763x1080.jpg 763w\" sizes=\"auto, (max-width: 397px) 100vw, 397px\" \/><\/figure><\/div>\n\n\n\n<div class=\"wp-block-image\"><figure class=\"aligncenter size-full is-resized\"><img loading=\"lazy\" decoding=\"async\" src=\"https:\/\/ipcszeged.hu\/wp-content\/uploads\/2021\/10\/Purple-and-Orange-Wicked-Cute-Halloween-Poster.jpg\" alt=\"\" class=\"wp-image-17588\" width=\"397\" height=\"561\" srcset=\"https:\/\/ipcszeged.hu\/wp-content\/uploads\/2021\/10\/Purple-and-Orange-Wicked-Cute-Halloween-Poster.jpg 1587w, https:\/\/ipcszeged.hu\/wp-content\/uploads\/2021\/10\/Purple-and-Orange-Wicked-Cute-Halloween-Poster-212x300.jpg 212w, https:\/\/ipcszeged.hu\/wp-content\/uploads\/2021\/10\/Purple-and-Orange-Wicked-Cute-Halloween-Poster-106x150.jpg 106w, https:\/\/ipcszeged.hu\/wp-content\/uploads\/2021\/10\/Purple-and-Orange-Wicked-Cute-Halloween-Poster-768x1086.jpg 768w, https:\/\/ipcszeged.hu\/wp-content\/uploads\/2021\/10\/Purple-and-Orange-Wicked-Cute-Halloween-Poster-1086x1536.jpg 1086w, https:\/\/ipcszeged.hu\/wp-content\/uploads\/2021\/10\/Purple-and-Orange-Wicked-Cute-Halloween-Poster-1448x2048.jpg 1448w, https:\/\/ipcszeged.hu\/wp-content\/uploads\/2021\/10\/Purple-and-Orange-Wicked-Cute-Halloween-Poster-1024x1449.jpg 1024w, https:\/\/ipcszeged.hu\/wp-content\/uploads\/2021\/10\/Purple-and-Orange-Wicked-Cute-Halloween-Poster-763x1080.jpg 763w\" sizes=\"auto, (max-width: 397px) 100vw, 397px\" \/><\/figure><\/div>\n\n\n\n<div class=\"wp-block-image\"><figure class=\"aligncenter size-full is-resized\"><img loading=\"lazy\" decoding=\"async\" src=\"https:\/\/ipcszeged.hu\/wp-content\/uploads\/2021\/10\/Narancssarga-es-Fekete-Jelmez-Buli-Meghivo.jpg\" alt=\"\" class=\"wp-image-17593\" width=\"414\" height=\"414\" srcset=\"https:\/\/ipcszeged.hu\/wp-content\/uploads\/2021\/10\/Narancssarga-es-Fekete-Jelmez-Buli-Meghivo.jpg 1654w, https:\/\/ipcszeged.hu\/wp-content\/uploads\/2021\/10\/Narancssarga-es-Fekete-Jelmez-Buli-Meghivo-300x300.jpg 300w, https:\/\/ipcszeged.hu\/wp-content\/uploads\/2021\/10\/Narancssarga-es-Fekete-Jelmez-Buli-Meghivo-150x150.jpg 150w, https:\/\/ipcszeged.hu\/wp-content\/uploads\/2021\/10\/Narancssarga-es-Fekete-Jelmez-Buli-Meghivo-768x768.jpg 768w, https:\/\/ipcszeged.hu\/wp-content\/uploads\/2021\/10\/Narancssarga-es-Fekete-Jelmez-Buli-Meghivo-1536x1536.jpg 1536w, https:\/\/ipcszeged.hu\/wp-content\/uploads\/2021\/10\/Narancssarga-es-Fekete-Jelmez-Buli-Meghivo-1024x1024.jpg 1024w, https:\/\/ipcszeged.hu\/wp-content\/uploads\/2021\/10\/Narancssarga-es-Fekete-Jelmez-Buli-Meghivo-1080x1080.jpg 1080w, https:\/\/ipcszeged.hu\/wp-content\/uploads\/2021\/10\/Narancssarga-es-Fekete-Jelmez-Buli-Meghivo-640x640.jpg 640w\" sizes=\"auto, (max-width: 414px) 100vw, 414px\" \/><\/figure><\/div>\n ","protected":false},"excerpt":{"rendered":"","protected":false},"author":1,"featured_media":0,"parent":0,"menu_order":0,"comment_status":"closed","ping_status":"closed","template":"","meta":{"ngg_post_thumbnail":0,"footnotes":""},"class_list":["post-17595","page","type-page","status-publish","hentry"],"_links":{"self":[{"href":"https:\/\/ipcszeged.hu\/index.php\/wp-json\/wp\/v2\/pages\/17595","targetHints":{"allow":["GET"]}}],"collection":[{"href":"https:\/\/ipcszeged.hu\/index.php\/wp-json\/wp\/v2\/pages"}],"about":[{"href":"https:\/\/ipcszeged.hu\/index.php\/wp-json\/wp\/v2\/types\/page"}],"author":[{"embeddable":true,"href":"https:\/\/ipcszeged.hu\/index.php\/wp-json\/wp\/v2\/users\/1"}],"replies":[{"embeddable":true,"href":"https:\/\/ipcszeged.hu\/index.php\/wp-json\/wp\/v2\/comments?post=17595"}],"version-history":[{"count":1,"href":"https:\/\/ipcszeged.hu\/index.php\/wp-json\/wp\/v2\/pages\/17595\/revisions"}],"predecessor-version":[{"id":17596,"href":"https:\/\/ipcszeged.hu\/index.php\/wp-json\/wp\/v2\/pages\/17595\/revisions\/17596"}],"wp:attachment":[{"href":"https:\/\/ipcszeged.hu\/index.php\/wp-json\/wp\/v2\/media?parent=17595"}],"curies":[{"name":"wp","href":"https:\/\/api.w.org\/{rel}","templated":true}]}}