{"id":17592,"date":"2021-10-22T09:12:25","date_gmt":"2021-10-22T09:12:25","guid":{"rendered":"https:\/\/ipcszeged.hu\/?page_id=17592"},"modified":"2021-10-29T07:05:49","modified_gmt":"2021-10-29T07:05:49","slug":"csutortoki-tokfaragas","status":"publish","type":"page","link":"https:\/\/ipcszeged.hu\/index.php\/csutortoki-tokfaragas\/","title":{"rendered":"Cs\u00fct\u00f6rt\u00f6ki t\u00f6kfarag\u00e1s"},"content":{"rendered":"<p>Az \u0151sz bek\u00f6sz\u00f6nt\u00e9vel az egyik legn\u00e9pszer\u0171bb szabadid\u0151s tev\u00e9kenys\u00e9gg\u00e9 v\u00e1lt a t\u00f6kfarag\u00e1s. A mi kih\u00edv\u00e1ssorozatunkb\u00f3l sem hi\u00e1nyozhat ez az elem, azonban tett\u00fcnk bele egy kis csavart!<\/p>\n<h3>K\u00e9sz\u00edts t\u00f6kl\u00e1mp\u00e1st, de ez alkalommal kereszt\u00e9ny szimb\u00f3lummal!<\/h3>\n<p>Ehhez az al\u00e1bbi <strong><a href=\"https:\/\/drive.google.com\/drive\/folders\/1jGuc2QW3zhWwwE1lWxFVt0_o2ODELmbV?usp=sharing\">Drive linken<\/a><\/strong> tal\u00e1lsz kreat\u00edv sablonokat is, ha neked most egy sem jutna eszedbe:<\/p>\n<h3>Mit kell m\u00e9g tenned?*<\/h3>\n<ol>\n<li>K\u00fcldj az elk\u00e9sz\u00fclt alkot\u00e1sodr\u00f3l egy olyan fot\u00f3t, amelyen a kezedben tartod a kifaragott m\u0171vet! Fontos, hogy a bek\u00fcld\u00f6tt k\u00e9pen az alkot\u00f3 is rajta legyen!<\/li>\n<\/ol>\n<p>Ide v\u00e1rjuk a bek\u00fcld\u00f6tt anyagokat: <a href=\"mailto:ipc.kih\u00edv\u00e1s@gmail.com\">ipc.kihivas@gmail.com<\/a><\/p>\n<p><span style=\"color: #ff0000;\"><strong>Hat\u00e1rid\u0151: 2021. november 4. cs\u00fct\u00f6rt\u00f6k, 23:59<\/strong><\/span><\/p>\n<h3>\u00c9s m\u00e9g mi\u00e9rt \u00e9rdemes nevezned?<\/h3>\n<p>A lelkes r\u00e9sztvev\u0151k k\u00f6z\u00fcl 3 f\u0151t fogunk kisorsolni 2021. november 9-\u00e9n, \u00e9l\u0151ben a <a href=\"https:\/\/www.facebook.com\/ifjusagpasztoraciosiroda\/\">Facebook oldalunkon<\/a>! Le ne maradj!<\/p>\n<p><em>*A programon val\u00f3 r\u00e9szv\u00e9tellel \u00e9s a k\u00e9pek bek\u00fcld\u00e9s\u00e9vel hozz\u00e1j\u00e1rulsz ahhoz, hogy az IPC munkat\u00e1rsai felhaszn\u00e1lj\u00e1k azokat. <\/em><\/p>\n\n\n<figure class=\"wp-block-image size-full\"><img loading=\"lazy\" decoding=\"async\" width=\"1654\" height=\"1654\" src=\"https:\/\/ipcszeged.hu\/wp-content\/uploads\/2021\/10\/Narancssarga-es-Fekete-Jelmez-Buli-Meghivo.jpg\" alt=\"\" class=\"wp-image-17593\" srcset=\"https:\/\/ipcszeged.hu\/wp-content\/uploads\/2021\/10\/Narancssarga-es-Fekete-Jelmez-Buli-Meghivo.jpg 1654w, https:\/\/ipcszeged.hu\/wp-content\/uploads\/2021\/10\/Narancssarga-es-Fekete-Jelmez-Buli-Meghivo-300x300.jpg 300w, https:\/\/ipcszeged.hu\/wp-content\/uploads\/2021\/10\/Narancssarga-es-Fekete-Jelmez-Buli-Meghivo-150x150.jpg 150w, https:\/\/ipcszeged.hu\/wp-content\/uploads\/2021\/10\/Narancssarga-es-Fekete-Jelmez-Buli-Meghivo-768x768.jpg 768w, https:\/\/ipcszeged.hu\/wp-content\/uploads\/2021\/10\/Narancssarga-es-Fekete-Jelmez-Buli-Meghivo-1536x1536.jpg 1536w, https:\/\/ipcszeged.hu\/wp-content\/uploads\/2021\/10\/Narancssarga-es-Fekete-Jelmez-Buli-Meghivo-1024x1024.jpg 1024w, https:\/\/ipcszeged.hu\/wp-content\/uploads\/2021\/10\/Narancssarga-es-Fekete-Jelmez-Buli-Meghivo-1080x1080.jpg 1080w, https:\/\/ipcszeged.hu\/wp-content\/uploads\/2021\/10\/Narancssarga-es-Fekete-Jelmez-Buli-Meghivo-640x640.jpg 640w\" sizes=\"auto, (max-width: 1654px) 100vw, 1654px\" \/><\/figure>\n ","protected":false},"excerpt":{"rendered":"<p>Az \u0151sz bek\u00f6sz\u00f6nt\u00e9vel az egyik legn\u00e9pszer\u0171bb szabadid\u0151s tev\u00e9kenys\u00e9gg\u00e9 v\u00e1lt a t\u00f6kfarag\u00e1s. A mi kih\u00edv\u00e1ssorozatunkb\u00f3l sem hi\u00e1nyozhat ez az elem, azonban tett\u00fcnk bele egy kis csavart! K\u00e9sz\u00edts t\u00f6kl\u00e1mp\u00e1st, de ez alkalommal kereszt\u00e9ny szimb\u00f3lummal! Ehhez az al\u00e1bbi Drive linken tal\u00e1lsz kreat\u00edv sablonokat is, ha neked most egy sem jutna eszedbe: Mit kell m\u00e9g tenned?* K\u00fcldj az elk\u00e9sz\u00fclt&hellip; <br \/> <a class=\"read-more\" href=\"https:\/\/ipcszeged.hu\/index.php\/csutortoki-tokfaragas\/\">Read more<\/a><\/p>\n","protected":false},"author":1,"featured_media":0,"parent":0,"menu_order":0,"comment_status":"closed","ping_status":"closed","template":"","meta":{"ngg_post_thumbnail":0,"footnotes":""},"class_list":["post-17592","page","type-page","status-publish","hentry"],"_links":{"self":[{"href":"https:\/\/ipcszeged.hu\/index.php\/wp-json\/wp\/v2\/pages\/17592","targetHints":{"allow":["GET"]}}],"collection":[{"href":"https:\/\/ipcszeged.hu\/index.php\/wp-json\/wp\/v2\/pages"}],"about":[{"href":"https:\/\/ipcszeged.hu\/index.php\/wp-json\/wp\/v2\/types\/page"}],"author":[{"embeddable":true,"href":"https:\/\/ipcszeged.hu\/index.php\/wp-json\/wp\/v2\/users\/1"}],"replies":[{"embeddable":true,"href":"https:\/\/ipcszeged.hu\/index.php\/wp-json\/wp\/v2\/comments?post=17592"}],"version-history":[{"count":2,"href":"https:\/\/ipcszeged.hu\/index.php\/wp-json\/wp\/v2\/pages\/17592\/revisions"}],"predecessor-version":[{"id":17623,"href":"https:\/\/ipcszeged.hu\/index.php\/wp-json\/wp\/v2\/pages\/17592\/revisions\/17623"}],"wp:attachment":[{"href":"https:\/\/ipcszeged.hu\/index.php\/wp-json\/wp\/v2\/media?parent=17592"}],"curies":[{"name":"wp","href":"https:\/\/api.w.org\/{rel}","templated":true}]}}