{"id":17587,"date":"2021-10-22T09:01:24","date_gmt":"2021-10-22T09:01:24","guid":{"rendered":"https:\/\/ipcszeged.hu\/?page_id=17587"},"modified":"2021-10-29T07:06:52","modified_gmt":"2021-10-29T07:06:52","slug":"tok-jo-sutni","status":"publish","type":"page","link":"https:\/\/ipcszeged.hu\/index.php\/tok-jo-sutni\/","title":{"rendered":"T\u00f6k j\u00f3 s\u00fctni!"},"content":{"rendered":"<p>Az \u0151szi term\u00e9szet nem csak a sz\u00ednekben, hanem a term\u00e9nyekben is igen gazdag. A T\u00f6k j\u00f3 s\u00fctni! kih\u00edv\u00e1ssal a legn\u00e9pszer\u0171bb \u0151szi term\u00e9ssel, a s\u00fct\u0151t\u00f6kkel dolgozhatsz! A t\u00f6kfarag\u00e1s sor\u00e1n fennmaradt s\u00fct\u0151t\u00f6k\u00f6t se pazarold el! Haszn\u00e1ld fel kreat\u00edvan!<\/p>\n<h3>K\u00e9sz\u00edts el egy \u00e1ltalad kedvelt, vagy ak\u00e1r \u00fajonnan kipr\u00f3b\u00e1lt s\u00fct\u0151t\u00f6k\u00f6s receptet!<\/h3>\n<p>Seg\u00edts\u00e9g\u00fcl gy\u0171jt\u00f6tt\u00fcnk neked n\u00e9h\u00e1ny szuper receptet. Az al\u00e1bbi <strong><a href=\"https:\/\/ipcszeged.hu\/wp-content\/uploads\/2021\/10\/Tok-jo-sutni-recept-otletek.pdf\">linken<\/a><\/strong>&nbsp;csemeg\u00e9zhetsz bel\u0151l\u00fck.<\/p>\n<h3>Mit kell m\u00e9g tenned?*<\/h3>\n<ol>\n<li>Fot\u00f3zd le az elk\u00e9sz\u00fclt finoms\u00e1got \u00e9s k\u00fcldd el nek\u00fcnk a recepttel egy\u00fctt!<\/li>\n<li>Ha finom lett \u00e9s teheted, aj\u00e1nd\u00e9kozz meg vele egy k\u00f6rny\u00e9kedben \u00e9l\u0151 r\u00e1szorul\u00f3 csal\u00e1dot!<\/li>\n<\/ol>\n<p>Ide v\u00e1rjuk a bek\u00fcld\u00f6tt anyagokat: <a href=\"mailto:ipc.kih\u00edv\u00e1s@gmail.com\">ipc.kihivas@gmail.com<\/a><\/p>\n<p><span style=\"color: #ff0000;\"><strong>Hat\u00e1rid\u0151: 2021. november 4. cs\u00fct\u00f6rt\u00f6k, 23:59<\/strong><\/span><\/p>\n<h3>\u00c9s m\u00e9g mi\u00e9rt \u00e9rdemes nevezned?<\/h3>\n<p>A lelkes r\u00e9sztvev\u0151k k\u00f6z\u00fcl 3 f\u0151t fogunk kisorsolni 2021. november 9-\u00e9n, \u00e9l\u0151ben a <strong><a href=\"https:\/\/www.facebook.com\/ifjusagpasztoraciosiroda\/\">Facebook oldalunkon<\/a>!<\/strong> Le ne maradj!<\/p>\n<p><em>*A programon val\u00f3 r\u00e9szv\u00e9tellel \u00e9s a k\u00e9pek bek\u00fcld\u00e9s\u00e9vel hozz\u00e1j\u00e1rulsz ahhoz, hogy az IPC munkat\u00e1rsai felhaszn\u00e1lj\u00e1k azokat. <\/em><\/p>\n\n\n<figure class=\"wp-block-image size-full\"><img loading=\"lazy\" decoding=\"async\" width=\"1587\" height=\"2245\" src=\"https:\/\/ipcszeged.hu\/wp-content\/uploads\/2021\/10\/Purple-and-Orange-Wicked-Cute-Halloween-Poster.jpg\" alt=\"\" class=\"wp-image-17588\" srcset=\"https:\/\/ipcszeged.hu\/wp-content\/uploads\/2021\/10\/Purple-and-Orange-Wicked-Cute-Halloween-Poster.jpg 1587w, https:\/\/ipcszeged.hu\/wp-content\/uploads\/2021\/10\/Purple-and-Orange-Wicked-Cute-Halloween-Poster-212x300.jpg 212w, https:\/\/ipcszeged.hu\/wp-content\/uploads\/2021\/10\/Purple-and-Orange-Wicked-Cute-Halloween-Poster-106x150.jpg 106w, https:\/\/ipcszeged.hu\/wp-content\/uploads\/2021\/10\/Purple-and-Orange-Wicked-Cute-Halloween-Poster-768x1086.jpg 768w, https:\/\/ipcszeged.hu\/wp-content\/uploads\/2021\/10\/Purple-and-Orange-Wicked-Cute-Halloween-Poster-1086x1536.jpg 1086w, https:\/\/ipcszeged.hu\/wp-content\/uploads\/2021\/10\/Purple-and-Orange-Wicked-Cute-Halloween-Poster-1448x2048.jpg 1448w, https:\/\/ipcszeged.hu\/wp-content\/uploads\/2021\/10\/Purple-and-Orange-Wicked-Cute-Halloween-Poster-1024x1449.jpg 1024w, https:\/\/ipcszeged.hu\/wp-content\/uploads\/2021\/10\/Purple-and-Orange-Wicked-Cute-Halloween-Poster-763x1080.jpg 763w\" sizes=\"auto, (max-width: 1587px) 100vw, 1587px\" \/><\/figure>\n ","protected":false},"excerpt":{"rendered":"<p>Az \u0151szi term\u00e9szet nem csak a sz\u00ednekben, hanem a term\u00e9nyekben is igen gazdag. A T\u00f6k j\u00f3 s\u00fctni! kih\u00edv\u00e1ssal a legn\u00e9pszer\u0171bb \u0151szi term\u00e9ssel, a s\u00fct\u0151t\u00f6kkel dolgozhatsz! A t\u00f6kfarag\u00e1s sor\u00e1n fennmaradt s\u00fct\u0151t\u00f6k\u00f6t se pazarold el! Haszn\u00e1ld fel kreat\u00edvan! K\u00e9sz\u00edts el egy \u00e1ltalad kedvelt, vagy ak\u00e1r \u00fajonnan kipr\u00f3b\u00e1lt s\u00fct\u0151t\u00f6k\u00f6s receptet! Seg\u00edts\u00e9g\u00fcl gy\u0171jt\u00f6tt\u00fcnk neked n\u00e9h\u00e1ny szuper receptet. Az al\u00e1bbi&hellip; <br \/> <a class=\"read-more\" href=\"https:\/\/ipcszeged.hu\/index.php\/tok-jo-sutni\/\">Read more<\/a><\/p>\n","protected":false},"author":1,"featured_media":0,"parent":0,"menu_order":0,"comment_status":"closed","ping_status":"closed","template":"","meta":{"ngg_post_thumbnail":0,"footnotes":""},"class_list":["post-17587","page","type-page","status-publish","hentry"],"_links":{"self":[{"href":"https:\/\/ipcszeged.hu\/index.php\/wp-json\/wp\/v2\/pages\/17587","targetHints":{"allow":["GET"]}}],"collection":[{"href":"https:\/\/ipcszeged.hu\/index.php\/wp-json\/wp\/v2\/pages"}],"about":[{"href":"https:\/\/ipcszeged.hu\/index.php\/wp-json\/wp\/v2\/types\/page"}],"author":[{"embeddable":true,"href":"https:\/\/ipcszeged.hu\/index.php\/wp-json\/wp\/v2\/users\/1"}],"replies":[{"embeddable":true,"href":"https:\/\/ipcszeged.hu\/index.php\/wp-json\/wp\/v2\/comments?post=17587"}],"version-history":[{"count":3,"href":"https:\/\/ipcszeged.hu\/index.php\/wp-json\/wp\/v2\/pages\/17587\/revisions"}],"predecessor-version":[{"id":17625,"href":"https:\/\/ipcszeged.hu\/index.php\/wp-json\/wp\/v2\/pages\/17587\/revisions\/17625"}],"wp:attachment":[{"href":"https:\/\/ipcszeged.hu\/index.php\/wp-json\/wp\/v2\/media?parent=17587"}],"curies":[{"name":"wp","href":"https:\/\/api.w.org\/{rel}","templated":true}]}}