{"id":17582,"date":"2021-10-22T08:54:34","date_gmt":"2021-10-22T08:54:34","guid":{"rendered":"https:\/\/ipcszeged.hu\/?page_id=17582"},"modified":"2021-10-29T07:06:11","modified_gmt":"2021-10-29T07:06:11","slug":"emlek-kedd","status":"publish","type":"page","link":"https:\/\/ipcszeged.hu\/index.php\/emlek-kedd\/","title":{"rendered":"Eml\u00e9k kedd"},"content":{"rendered":"<p>P\u00f6rg\u0151s volt a ny\u00e1r? Bizony\u00e1ra sok \u00e9lm\u00e9nnyel gazdagodt\u00e1l. Sz\u00edvesen gondolsz vissza ezekre az eml\u00e9kekre? Akkor ez a kih\u00edv\u00e1s neked sz\u00f3l!<\/p>\n<h3>K\u00e9sz\u00edts egy maximum 60 m\u00e1sodperces vide\u00f3t zenei al\u00e1fest\u00e9ssel a legkedvesebb fot\u00f3idb\u00f3l!<\/h3>\n<p>Ha esetleg nem tudod hogyan kezdj neki, gy\u0171jt\u00f6tt\u00fcnk n\u00e9h\u00e1ny <strong><a href=\"https:\/\/ipcszeged.hu\/wp-content\/uploads\/2021\/10\/Emlek-kedd-video-kollazs-app-otletek.pdf\">applik\u00e1ci\u00f3t<\/a>,<\/strong> amelyek seg\u00edts\u00e9g\u00e9vel bele is v\u00e1ghatsz a kih\u00edv\u00e1sba!<\/p>\n<h3>Mit kell m\u00e9g tenned?*<\/h3>\n<ol>\n<li>K\u00fcldd el nek\u00fcnk az elk\u00e9sz\u00fclt kisfilmet!<\/li>\n<\/ol>\n<p>Ide v\u00e1rjuk a bek\u00fcld\u00f6tt anyagokat: <a href=\"mailto:ipc.kih\u00edv\u00e1s@gmail.com\">ipc.kihivas@gmail.com<\/a><\/p>\n<p><span style=\"color: #ff0000;\"><strong>Hat\u00e1rid\u0151: 2021. november 4. cs\u00fct\u00f6rt\u00f6k, 23:59<\/strong><\/span><\/p>\n<h3>\u00c9s m\u00e9g mi\u00e9rt \u00e9rdemes nevezned?<\/h3>\n<p>A lelkes r\u00e9sztvev\u0151k k\u00f6z\u00fcl 3 f\u0151t fogunk kisorsolni 2021. november 9-\u00e9n, \u00e9l\u0151ben a <strong><a href=\"https:\/\/www.facebook.com\/ifjusagpasztoraciosiroda\/\">Facebook oldalunkon<\/a><\/strong>! Le ne maradj!<\/p>\n<p><em>*A programon val\u00f3 r\u00e9szv\u00e9tellel \u00e9s a k\u00e9pek bek\u00fcld\u00e9s\u00e9vel hozz\u00e1j\u00e1rulsz ahhoz, hogy az IPC munkat\u00e1rsai felhaszn\u00e1lj\u00e1k azokat.<\/em><\/p>\n\n\n<figure class=\"wp-block-image size-full\"><img loading=\"lazy\" decoding=\"async\" width=\"1587\" height=\"2245\" src=\"https:\/\/ipcszeged.hu\/wp-content\/uploads\/2021\/10\/Teal-Hand-Drawn-Family-Friday-Wellness-Social-and-Emotional-Learning-Poster.jpg\" alt=\"\" class=\"wp-image-17583\" srcset=\"https:\/\/ipcszeged.hu\/wp-content\/uploads\/2021\/10\/Teal-Hand-Drawn-Family-Friday-Wellness-Social-and-Emotional-Learning-Poster.jpg 1587w, https:\/\/ipcszeged.hu\/wp-content\/uploads\/2021\/10\/Teal-Hand-Drawn-Family-Friday-Wellness-Social-and-Emotional-Learning-Poster-212x300.jpg 212w, https:\/\/ipcszeged.hu\/wp-content\/uploads\/2021\/10\/Teal-Hand-Drawn-Family-Friday-Wellness-Social-and-Emotional-Learning-Poster-106x150.jpg 106w, https:\/\/ipcszeged.hu\/wp-content\/uploads\/2021\/10\/Teal-Hand-Drawn-Family-Friday-Wellness-Social-and-Emotional-Learning-Poster-768x1086.jpg 768w, https:\/\/ipcszeged.hu\/wp-content\/uploads\/2021\/10\/Teal-Hand-Drawn-Family-Friday-Wellness-Social-and-Emotional-Learning-Poster-1086x1536.jpg 1086w, https:\/\/ipcszeged.hu\/wp-content\/uploads\/2021\/10\/Teal-Hand-Drawn-Family-Friday-Wellness-Social-and-Emotional-Learning-Poster-1448x2048.jpg 1448w, https:\/\/ipcszeged.hu\/wp-content\/uploads\/2021\/10\/Teal-Hand-Drawn-Family-Friday-Wellness-Social-and-Emotional-Learning-Poster-1024x1449.jpg 1024w, https:\/\/ipcszeged.hu\/wp-content\/uploads\/2021\/10\/Teal-Hand-Drawn-Family-Friday-Wellness-Social-and-Emotional-Learning-Poster-763x1080.jpg 763w\" sizes=\"auto, (max-width: 1587px) 100vw, 1587px\" \/><\/figure>\n ","protected":false},"excerpt":{"rendered":"<p>P\u00f6rg\u0151s volt a ny\u00e1r? Bizony\u00e1ra sok \u00e9lm\u00e9nnyel gazdagodt\u00e1l. Sz\u00edvesen gondolsz vissza ezekre az eml\u00e9kekre? Akkor ez a kih\u00edv\u00e1s neked sz\u00f3l! K\u00e9sz\u00edts egy maximum 60 m\u00e1sodperces vide\u00f3t zenei al\u00e1fest\u00e9ssel a legkedvesebb fot\u00f3idb\u00f3l! Ha esetleg nem tudod hogyan kezdj neki, gy\u0171jt\u00f6tt\u00fcnk n\u00e9h\u00e1ny applik\u00e1ci\u00f3t, amelyek seg\u00edts\u00e9g\u00e9vel bele is v\u00e1ghatsz a kih\u00edv\u00e1sba! Mit kell m\u00e9g tenned?* K\u00fcldd el nek\u00fcnk&hellip; <br \/> <a class=\"read-more\" href=\"https:\/\/ipcszeged.hu\/index.php\/emlek-kedd\/\">Read more<\/a><\/p>\n","protected":false},"author":1,"featured_media":0,"parent":0,"menu_order":0,"comment_status":"closed","ping_status":"closed","template":"","meta":{"ngg_post_thumbnail":0,"footnotes":""},"class_list":["post-17582","page","type-page","status-publish","hentry"],"_links":{"self":[{"href":"https:\/\/ipcszeged.hu\/index.php\/wp-json\/wp\/v2\/pages\/17582","targetHints":{"allow":["GET"]}}],"collection":[{"href":"https:\/\/ipcszeged.hu\/index.php\/wp-json\/wp\/v2\/pages"}],"about":[{"href":"https:\/\/ipcszeged.hu\/index.php\/wp-json\/wp\/v2\/types\/page"}],"author":[{"embeddable":true,"href":"https:\/\/ipcszeged.hu\/index.php\/wp-json\/wp\/v2\/users\/1"}],"replies":[{"embeddable":true,"href":"https:\/\/ipcszeged.hu\/index.php\/wp-json\/wp\/v2\/comments?post=17582"}],"version-history":[{"count":6,"href":"https:\/\/ipcszeged.hu\/index.php\/wp-json\/wp\/v2\/pages\/17582\/revisions"}],"predecessor-version":[{"id":17624,"href":"https:\/\/ipcszeged.hu\/index.php\/wp-json\/wp\/v2\/pages\/17582\/revisions\/17624"}],"wp:attachment":[{"href":"https:\/\/ipcszeged.hu\/index.php\/wp-json\/wp\/v2\/media?parent=17582"}],"curies":[{"name":"wp","href":"https:\/\/api.w.org\/{rel}","templated":true}]}}