{"id":17579,"date":"2021-10-22T08:40:46","date_gmt":"2021-10-22T08:40:46","guid":{"rendered":"https:\/\/ipcszeged.hu\/?page_id=17579"},"modified":"2021-10-29T07:07:23","modified_gmt":"2021-10-29T07:07:23","slug":"moz-go","status":"publish","type":"page","link":"https:\/\/ipcszeged.hu\/index.php\/moz-go\/","title":{"rendered":"MOZ-GO!"},"content":{"rendered":"<p>&nbsp;<\/p>\n<p style=\"text-align: justify;\">Nincs is jobb egy kis \u0151szi sportol\u00e1sn\u00e1l! Haszn\u00e1ld ki a naps\u00fct\u00e9ses id\u0151t, v\u00e1lassz egy neked tetsz\u0151 programot az idei <br><strong>MOZ \u2013 GO!<\/strong> kih\u00edv\u00e1sunkb\u00f3l! P\u00f6rgesd fel bar\u00e1taidat \u00e9s csal\u00e1dtagjaidat!<\/p>\n<p><strong>Mib\u0151l v\u00e1laszthatsz?<\/strong><\/p>\n<h4><span style=\"color: #000000;\">1. Fuss 2021 m-t!<\/span><\/h4>\n<p>vagy<\/p>\n<h4>2. S\u00e9t\u00e1lj 20 percet!<\/h4>\n<p>vagy<\/p>\n<h4>3. Tekerj 20 km-t!<\/h4>\n<p>Figyeld meg a k\u00f6rnyezetedet, \u0151sszel k\u00fcl\u00f6n\u00f6sen sz\u00e9p sz\u00ednekben pomp\u00e1zik k\u00f6r\u00fcl\u00f6tt\u00fcnk minden!<\/p>\n<h3>Mit kell m\u00e9g tenned?*<\/h3>\n<ol>\n<li>K\u00fcldj nek\u00fcnk egy k\u00e9perny\u0151k\u00e9pet az \u00e1ltalad megtett \u00e9s applik\u00e1ci\u00f3val megm\u00e9rt t\u00e1vols\u00e1gr\u00f3l<\/li>\n<li>K\u00e9sz\u00edts egy szelfit vagy csoportk\u00e9pet a kih\u00edv\u00e1s teljes\u00edt\u00e9s\u00e9t k\u00f6vet\u0151en \u00e9s k\u00fcldd el nek\u00fcnk!<\/li>\n<\/ol>\n<p>Ide v\u00e1rjuk a bek\u00fcld\u00f6tt anyagokat:<strong> <a href=\"mailto:ipc.kih\u00edv\u00e1s@gmail.com\">ipc.kihivas@gmail.com<\/a><\/strong><\/p>\n<p><span style=\"color: #ff0000;\"><strong>Hat\u00e1rid\u0151: 2021. november 4. cs\u00fct\u00f6rt\u00f6k, 23:59<\/strong><\/span><\/p>\n<p>Ha nem ismersz ilyen appot, akkor az al\u00e1bbi <strong><a href=\"https:\/\/ipcszeged.hu\/wp-content\/uploads\/2021\/10\/MOZ-GO-kihivas-applikaciok.pdf\">linken<\/a> <\/strong>tal\u00e1lsz n\u00e9h\u00e1ny opci\u00f3t.<\/p>\n<h3>\u00c9s m\u00e9g mi\u00e9rt \u00e9rdemes nevezned?&nbsp;A lelkes r\u00e9sztvev\u0151k k\u00f6z\u00fcl 3 f\u0151t fogunk kisorsolni 2021. november 9-\u00e9n, \u00e9l\u0151ben a <strong><a href=\"https:\/\/www.facebook.com\/ifjusagpasztoraciosiroda\/\">Facebook oldalunkon<\/a><\/strong>! Le ne maradj!<\/h3>\n<p><em>*A programon val\u00f3 r\u00e9szv\u00e9tellel \u00e9s a k\u00e9pek bek\u00fcld\u00e9s\u00e9vel hozz\u00e1j\u00e1rulsz ahhoz, hogy az IPC munkat\u00e1rsai felhaszn\u00e1lj\u00e1k azokat.<\/em><\/p>\n\n\n<figure class=\"wp-block-image size-full\"><img loading=\"lazy\" decoding=\"async\" width=\"1428\" height=\"2000\" src=\"https:\/\/ipcszeged.hu\/wp-content\/uploads\/2021\/10\/Orange-Pumpkin-Pregnancy-Announcement.jpg\" alt=\"\" class=\"wp-image-17580\" srcset=\"https:\/\/ipcszeged.hu\/wp-content\/uploads\/2021\/10\/Orange-Pumpkin-Pregnancy-Announcement.jpg 1428w, https:\/\/ipcszeged.hu\/wp-content\/uploads\/2021\/10\/Orange-Pumpkin-Pregnancy-Announcement-214x300.jpg 214w, https:\/\/ipcszeged.hu\/wp-content\/uploads\/2021\/10\/Orange-Pumpkin-Pregnancy-Announcement-107x150.jpg 107w, https:\/\/ipcszeged.hu\/wp-content\/uploads\/2021\/10\/Orange-Pumpkin-Pregnancy-Announcement-768x1076.jpg 768w, https:\/\/ipcszeged.hu\/wp-content\/uploads\/2021\/10\/Orange-Pumpkin-Pregnancy-Announcement-1097x1536.jpg 1097w, https:\/\/ipcszeged.hu\/wp-content\/uploads\/2021\/10\/Orange-Pumpkin-Pregnancy-Announcement-1024x1434.jpg 1024w, https:\/\/ipcszeged.hu\/wp-content\/uploads\/2021\/10\/Orange-Pumpkin-Pregnancy-Announcement-771x1080.jpg 771w\" sizes=\"auto, (max-width: 1428px) 100vw, 1428px\" \/><\/figure>\n ","protected":false},"excerpt":{"rendered":"<p>&nbsp; Nincs is jobb egy kis \u0151szi sportol\u00e1sn\u00e1l! Haszn\u00e1ld ki a naps\u00fct\u00e9ses id\u0151t, v\u00e1lassz egy neked tetsz\u0151 programot az idei MOZ \u2013 GO! kih\u00edv\u00e1sunkb\u00f3l! P\u00f6rgesd fel bar\u00e1taidat \u00e9s csal\u00e1dtagjaidat! Mib\u0151l v\u00e1laszthatsz? 1. Fuss 2021 m-t! vagy 2. S\u00e9t\u00e1lj 20 percet! vagy 3. Tekerj 20 km-t! Figyeld meg a k\u00f6rnyezetedet, \u0151sszel k\u00fcl\u00f6n\u00f6sen sz\u00e9p sz\u00ednekben pomp\u00e1zik k\u00f6r\u00fcl\u00f6tt\u00fcnk&hellip; <br \/> <a class=\"read-more\" href=\"https:\/\/ipcszeged.hu\/index.php\/moz-go\/\">Read more<\/a><\/p>\n","protected":false},"author":1,"featured_media":0,"parent":0,"menu_order":0,"comment_status":"closed","ping_status":"closed","template":"","meta":{"ngg_post_thumbnail":0,"footnotes":""},"class_list":["post-17579","page","type-page","status-publish","hentry"],"_links":{"self":[{"href":"https:\/\/ipcszeged.hu\/index.php\/wp-json\/wp\/v2\/pages\/17579","targetHints":{"allow":["GET"]}}],"collection":[{"href":"https:\/\/ipcszeged.hu\/index.php\/wp-json\/wp\/v2\/pages"}],"about":[{"href":"https:\/\/ipcszeged.hu\/index.php\/wp-json\/wp\/v2\/types\/page"}],"author":[{"embeddable":true,"href":"https:\/\/ipcszeged.hu\/index.php\/wp-json\/wp\/v2\/users\/1"}],"replies":[{"embeddable":true,"href":"https:\/\/ipcszeged.hu\/index.php\/wp-json\/wp\/v2\/comments?post=17579"}],"version-history":[{"count":5,"href":"https:\/\/ipcszeged.hu\/index.php\/wp-json\/wp\/v2\/pages\/17579\/revisions"}],"predecessor-version":[{"id":17626,"href":"https:\/\/ipcszeged.hu\/index.php\/wp-json\/wp\/v2\/pages\/17579\/revisions\/17626"}],"wp:attachment":[{"href":"https:\/\/ipcszeged.hu\/index.php\/wp-json\/wp\/v2\/media?parent=17579"}],"curies":[{"name":"wp","href":"https:\/\/api.w.org\/{rel}","templated":true}]}}