{"id":17577,"date":"2021-10-22T08:26:26","date_gmt":"2021-10-22T08:26:26","guid":{"rendered":"https:\/\/ipcszeged.hu\/?page_id=17577"},"modified":"2021-10-22T08:26:27","modified_gmt":"2021-10-22T08:26:27","slug":"reszletek","status":"publish","type":"page","link":"https:\/\/ipcszeged.hu\/index.php\/reszletek\/","title":{"rendered":"R\u00e9szletek"},"content":{"rendered":"<h2 style=\"text-align: center;\">Sziasztok!<\/h2>\n<h4 style=\"text-align: justify;\">Nagyon \u00f6r\u00fcl\u00fcnk, hogy ekkora lelkesed\u00e9ssel fogadt\u00e1tok a tavalyi \u0151szi IPC kih\u00edv\u00e1st! Id\u00e9n is k\u00e9sz\u00fcl\u00fcnk nektek n\u00e9h\u00e1ny izgalmas d\u00e9lut\u00e1ni program\u00f6tlettel az\u00e9rt, hogy m\u00e9g sz\u00ednesebb\u00e9 tegy\u00fck az \u0151szi sz\u00fcneteteket!<\/h4>\n<h3 style=\"text-align: center;\">K\u00f6vessetek benn\u00fcnket a <a href=\"https:\/\/www.facebook.com\/ifjusagpasztoraciosiroda\/\" target=\"_blank\" rel=\"noopener\">Facebook oldalunkon<\/a>!&nbsp;<\/h3>\n<p>&nbsp;<\/p>\n\n\n<div class=\"wp-block-image is-style-default\"><figure class=\"aligncenter size-full\"><img loading=\"lazy\" decoding=\"async\" width=\"774\" height=\"788\" src=\"https:\/\/ipcszeged.hu\/wp-content\/uploads\/2021\/10\/cropped-beharangozo-kesz-plakat.png\" alt=\"\" class=\"wp-image-17532\" srcset=\"https:\/\/ipcszeged.hu\/wp-content\/uploads\/2021\/10\/cropped-beharangozo-kesz-plakat.png 774w, https:\/\/ipcszeged.hu\/wp-content\/uploads\/2021\/10\/cropped-beharangozo-kesz-plakat-295x300.png 295w, https:\/\/ipcszeged.hu\/wp-content\/uploads\/2021\/10\/cropped-beharangozo-kesz-plakat-147x150.png 147w, https:\/\/ipcszeged.hu\/wp-content\/uploads\/2021\/10\/cropped-beharangozo-kesz-plakat-768x782.png 768w\" sizes=\"auto, (max-width: 774px) 100vw, 774px\" \/><\/figure><\/div>\n ","protected":false},"excerpt":{"rendered":"<p>Sziasztok! Nagyon \u00f6r\u00fcl\u00fcnk, hogy ekkora lelkesed\u00e9ssel fogadt\u00e1tok a tavalyi \u0151szi IPC kih\u00edv\u00e1st! Id\u00e9n is k\u00e9sz\u00fcl\u00fcnk nektek n\u00e9h\u00e1ny izgalmas d\u00e9lut\u00e1ni program\u00f6tlettel az\u00e9rt, hogy m\u00e9g sz\u00ednesebb\u00e9 tegy\u00fck az \u0151szi sz\u00fcneteteket! K\u00f6vessetek benn\u00fcnket a Facebook oldalunkon!&nbsp; &nbsp;<\/p>\n","protected":false},"author":1,"featured_media":0,"parent":0,"menu_order":0,"comment_status":"closed","ping_status":"closed","template":"","meta":{"ngg_post_thumbnail":0,"footnotes":""},"class_list":["post-17577","page","type-page","status-publish","hentry"],"_links":{"self":[{"href":"https:\/\/ipcszeged.hu\/index.php\/wp-json\/wp\/v2\/pages\/17577","targetHints":{"allow":["GET"]}}],"collection":[{"href":"https:\/\/ipcszeged.hu\/index.php\/wp-json\/wp\/v2\/pages"}],"about":[{"href":"https:\/\/ipcszeged.hu\/index.php\/wp-json\/wp\/v2\/types\/page"}],"author":[{"embeddable":true,"href":"https:\/\/ipcszeged.hu\/index.php\/wp-json\/wp\/v2\/users\/1"}],"replies":[{"embeddable":true,"href":"https:\/\/ipcszeged.hu\/index.php\/wp-json\/wp\/v2\/comments?post=17577"}],"version-history":[{"count":1,"href":"https:\/\/ipcszeged.hu\/index.php\/wp-json\/wp\/v2\/pages\/17577\/revisions"}],"predecessor-version":[{"id":17578,"href":"https:\/\/ipcszeged.hu\/index.php\/wp-json\/wp\/v2\/pages\/17577\/revisions\/17578"}],"wp:attachment":[{"href":"https:\/\/ipcszeged.hu\/index.php\/wp-json\/wp\/v2\/media?parent=17577"}],"curies":[{"name":"wp","href":"https:\/\/api.w.org\/{rel}","templated":true}]}}