{"id":17454,"date":"2021-04-09T12:58:42","date_gmt":"2021-04-09T12:58:42","guid":{"rendered":"https:\/\/ipcszeged.hu\/?page_id=17454"},"modified":"2021-05-13T09:14:19","modified_gmt":"2021-05-13T09:14:19","slug":"2021-legyetek-szentek","status":"publish","type":"page","link":"https:\/\/ipcszeged.hu\/index.php\/programok-ahol-megtalalsz-bennunket\/egyhazmegyei-nyari-tabor\/2021-legyetek-szentek\/","title":{"rendered":"2021 &#8220;Legyetek Szentek&#8221;"},"content":{"rendered":"<h3 style=\"text-align: justify;\">Kedves Katek\u00e9t\u00e1k!<\/h3>\n<p style=\"text-align: justify;\">A jelenlegi helyzetben tov\u00e1bbra is abban rem\u00e9nyked\u00fcnk, hogy id\u00e9n ism\u00e9t megrendezhetj\u00fck az Egyh\u00e1zmegyei Ifj\u00fas\u00e1gi T\u00e1bort. A t\u00e1bor lehet\u0151s\u00e9get ad arra, hogy k\u00fcl\u00f6nb\u00f6z\u0151 pl\u00e9b\u00e1ni\u00e1k fiataljai megismerj\u00e9k egym\u00e1st, egy\u00fctt \u00f6r\u00fcljenek, im\u00e1dkozzanak \u00e9s er\u0151s\u00edts\u00e9k egym\u00e1sban az egyh\u00e1zmegyei identit\u00e1st. Ezt seg\u00edti majd a t\u00e1borvezet\u0151k \u00e1ltal \u00f6ssze\u00e1ll\u00edtott gazdag program k\u00edn\u00e1lat, melyet hamarosan mindenkinek tov\u00e1bb\u00edtunk.<\/p>\n<p style=\"text-align: justify;\">A t\u00e1bor eddig kialakult r\u00e9szletei a k\u00f6vetkez\u0151k:<br>Id\u0151pont: <strong>2021. j\u00falius 5\u2013 11.<\/strong><br>Helysz\u00edn: <strong>Domasz\u00e9k-Z\u00f6ldf\u00e1s<\/strong><br><strong>Az idei t\u00e1bor t\u00e9m\u00e1ja: \u201eLegyetek szentek\u201d<\/strong> (Pt,16) A t\u00e1bor f\u00f3kusz\u00e1ban olyan 20-21. sz\u00e1zadi fiatal szentek lesznek, akik egyszer\u0171en, mai m\u00f3don \u00e9s p\u00e9lda\u00e9rt\u00e9k\u0171en \u00e9lt\u00e9k meg hit\u00fcket.<br><strong>R\u00e9szv\u00e9teli d\u00edj:<\/strong> 10.000 forint (jelk\u00e9pes hozz\u00e1j\u00e1rul\u00e1s)<br><strong>Korhat\u00e1r: 13-18 \u00e9v<\/strong><br><span style=\"color: #ff0000;\"><strong>Regisztr\u00e1ci\u00f3s hat\u00e1rid\u0151 2021. j\u00fanius 1.<\/strong><\/span><\/p>\n<p><strong><span style=\"color: #ff0000;\">A jelentkez\u00e9s felt\u00e9tele a pl\u00e9b\u00e1nosi aj\u00e1nl\u00e1s nyomtatott form\u00e1ja vagy felt\u00f6lt\u00e9se a <\/span><\/strong><strong><span style=\"color: #ff0000;\">regisztr\u00e1ci\u00f3s rendszerbe!<\/span><\/strong> Az aj\u00e1nl\u00e1s mint\u00e1ja az al\u00e1bbi linkre kattintva let\u00f6lthet\u0151: <strong><a href=\"https:\/\/ipcszeged.hu\/wp-content\/uploads\/2021\/04\/plebanosi-ajanlas-nyari-tabor2021.pdf\">Pl\u00e9b\u00e1nosi Aj\u00e1nl\u00e1s 2021<\/a><\/strong><\/p>\n<p style=\"text-align: justify;\">A t\u00e1borban val\u00f3 r\u00e9szv\u00e9tel regisztr\u00e1ci\u00f3hoz k\u00f6t\u00f6tt! A t\u00e1borhely adotts\u00e1gai miatt az id\u0151rendi jelentkez\u00e9st tudjuk elfogadni. A jelentkez\u00e9si lista mellett egy v\u00e1r\u00f3 list\u00e1t is kialak\u00edtunk, amelyr\u0151l abban az esetben lehet beker\u00fclni a t\u00e1boroz\u00f3k k\u00f6z\u00e9, ha valaki visszamondja az el\u0151zetes regisztr\u00e1ci\u00f3j\u00e1t.<\/p>\n<p>K\u00e9rem a katek\u00e9t\u00e1kat, hogy amint lehets\u00e9ges hirdess\u00e9k a fiatalok sz\u00e1m\u00e1ra!<\/p>\n<p style=\"padding-left: 40px;\">Paptestv\u00e9ri \u00fcdv\u00f6zlettel:<\/p>\n<p>Szeged, 2021. \u00e1prilis 7.<\/p>\n<p style=\"text-align: right; padding-left: 40px;\">Serf\u0151z\u0151 Levente<br>ifj\u00fas\u00e1gi referens<\/p>\n\n\n<div class=\"wp-block-image\"><figure class=\"aligncenter size-large\"><img loading=\"lazy\" decoding=\"async\" width=\"800\" height=\"1131\" src=\"https:\/\/ipcszeged.hu\/wp-content\/uploads\/2021\/04\/legyetekszentek_okk-1-e1618909209329.jpg\" alt=\"\" class=\"wp-image-17467\"\/><\/figure><\/div>\n ","protected":false},"excerpt":{"rendered":"<p>Kedves Katek\u00e9t\u00e1k! A jelenlegi helyzetben tov\u00e1bbra is abban rem\u00e9nyked\u00fcnk, hogy id\u00e9n ism\u00e9t megrendezhetj\u00fck az Egyh\u00e1zmegyei Ifj\u00fas\u00e1gi T\u00e1bort. A t\u00e1bor lehet\u0151s\u00e9get ad arra, hogy k\u00fcl\u00f6nb\u00f6z\u0151 pl\u00e9b\u00e1ni\u00e1k fiataljai megismerj\u00e9k egym\u00e1st, egy\u00fctt \u00f6r\u00fcljenek, im\u00e1dkozzanak \u00e9s er\u0151s\u00edts\u00e9k egym\u00e1sban az egyh\u00e1zmegyei identit\u00e1st. Ezt seg\u00edti majd a t\u00e1borvezet\u0151k \u00e1ltal \u00f6ssze\u00e1ll\u00edtott gazdag program k\u00edn\u00e1lat, melyet hamarosan mindenkinek tov\u00e1bb\u00edtunk. A t\u00e1bor eddig kialakult&hellip; <br \/> <a class=\"read-more\" href=\"https:\/\/ipcszeged.hu\/index.php\/programok-ahol-megtalalsz-bennunket\/egyhazmegyei-nyari-tabor\/2021-legyetek-szentek\/\">Read more<\/a><\/p>\n","protected":false},"author":1,"featured_media":0,"parent":274,"menu_order":0,"comment_status":"closed","ping_status":"closed","template":"","meta":{"ngg_post_thumbnail":0,"footnotes":""},"class_list":["post-17454","page","type-page","status-publish","hentry"],"_links":{"self":[{"href":"https:\/\/ipcszeged.hu\/index.php\/wp-json\/wp\/v2\/pages\/17454","targetHints":{"allow":["GET"]}}],"collection":[{"href":"https:\/\/ipcszeged.hu\/index.php\/wp-json\/wp\/v2\/pages"}],"about":[{"href":"https:\/\/ipcszeged.hu\/index.php\/wp-json\/wp\/v2\/types\/page"}],"author":[{"embeddable":true,"href":"https:\/\/ipcszeged.hu\/index.php\/wp-json\/wp\/v2\/users\/1"}],"replies":[{"embeddable":true,"href":"https:\/\/ipcszeged.hu\/index.php\/wp-json\/wp\/v2\/comments?post=17454"}],"version-history":[{"count":4,"href":"https:\/\/ipcszeged.hu\/index.php\/wp-json\/wp\/v2\/pages\/17454\/revisions"}],"predecessor-version":[{"id":17476,"href":"https:\/\/ipcszeged.hu\/index.php\/wp-json\/wp\/v2\/pages\/17454\/revisions\/17476"}],"up":[{"embeddable":true,"href":"https:\/\/ipcszeged.hu\/index.php\/wp-json\/wp\/v2\/pages\/274"}],"wp:attachment":[{"href":"https:\/\/ipcszeged.hu\/index.php\/wp-json\/wp\/v2\/media?parent=17454"}],"curies":[{"name":"wp","href":"https:\/\/api.w.org\/{rel}","templated":true}]}}