{"id":17425,"date":"2021-02-08T12:04:51","date_gmt":"2021-02-08T12:04:51","guid":{"rendered":"https:\/\/ipcszeged.hu\/?page_id=17425"},"modified":"2021-02-08T12:04:53","modified_gmt":"2021-02-08T12:04:53","slug":"mit-kell-tennem-egy-egeszseges-faert","status":"publish","type":"page","link":"https:\/\/ipcszeged.hu\/index.php\/mit-kell-tennem-egy-egeszseges-faert\/","title":{"rendered":"Mit kell tennem egy eg\u00e9szs\u00e9ges f\u00e1\u00e9rt?"},"content":{"rendered":"\n<figure class=\"wp-block-image size-full\"><img loading=\"lazy\" decoding=\"async\" width=\"600\" height=\"503\" src=\"https:\/\/ipcszeged.hu\/wp-content\/uploads\/2021\/02\/147244667_1591491994383966_3823871526230584745_o-1.jpg\" alt=\"\" class=\"wp-image-17426\" srcset=\"https:\/\/ipcszeged.hu\/wp-content\/uploads\/2021\/02\/147244667_1591491994383966_3823871526230584745_o-1.jpg 600w, https:\/\/ipcszeged.hu\/wp-content\/uploads\/2021\/02\/147244667_1591491994383966_3823871526230584745_o-1-300x252.jpg 300w, https:\/\/ipcszeged.hu\/wp-content\/uploads\/2021\/02\/147244667_1591491994383966_3823871526230584745_o-1-150x126.jpg 150w\" sizes=\"auto, (max-width: 600px) 100vw, 600px\" \/><\/figure>\n ","protected":false},"excerpt":{"rendered":"","protected":false},"author":1,"featured_media":0,"parent":0,"menu_order":0,"comment_status":"closed","ping_status":"closed","template":"","meta":{"ngg_post_thumbnail":0,"footnotes":""},"class_list":["post-17425","page","type-page","status-publish","hentry"],"_links":{"self":[{"href":"https:\/\/ipcszeged.hu\/index.php\/wp-json\/wp\/v2\/pages\/17425","targetHints":{"allow":["GET"]}}],"collection":[{"href":"https:\/\/ipcszeged.hu\/index.php\/wp-json\/wp\/v2\/pages"}],"about":[{"href":"https:\/\/ipcszeged.hu\/index.php\/wp-json\/wp\/v2\/types\/page"}],"author":[{"embeddable":true,"href":"https:\/\/ipcszeged.hu\/index.php\/wp-json\/wp\/v2\/users\/1"}],"replies":[{"embeddable":true,"href":"https:\/\/ipcszeged.hu\/index.php\/wp-json\/wp\/v2\/comments?post=17425"}],"version-history":[{"count":1,"href":"https:\/\/ipcszeged.hu\/index.php\/wp-json\/wp\/v2\/pages\/17425\/revisions"}],"predecessor-version":[{"id":17427,"href":"https:\/\/ipcszeged.hu\/index.php\/wp-json\/wp\/v2\/pages\/17425\/revisions\/17427"}],"wp:attachment":[{"href":"https:\/\/ipcszeged.hu\/index.php\/wp-json\/wp\/v2\/media?parent=17425"}],"curies":[{"name":"wp","href":"https:\/\/api.w.org\/{rel}","templated":true}]}}