{"id":17388,"date":"2021-02-01T08:40:32","date_gmt":"2021-02-01T08:40:32","guid":{"rendered":"https:\/\/ipcszeged.hu\/?page_id=17388"},"modified":"2021-02-17T14:44:01","modified_gmt":"2021-02-17T14:44:01","slug":"tvt21","status":"publish","type":"page","link":"https:\/\/ipcszeged.hu\/index.php\/tvt21\/","title":{"rendered":"TVT&#8217;21"},"content":{"rendered":"\n<figure class=\"wp-block-image size-large\"><img loading=\"lazy\" decoding=\"async\" width=\"924\" height=\"1343\" src=\"https:\/\/ipcszeged.hu\/wp-content\/uploads\/2021\/02\/cropped-Tesz-Vesz-Tavasz-2021-plakat.jpg\" alt=\"\" class=\"wp-image-17397\" srcset=\"https:\/\/ipcszeged.hu\/wp-content\/uploads\/2021\/02\/cropped-Tesz-Vesz-Tavasz-2021-plakat.jpg 924w, https:\/\/ipcszeged.hu\/wp-content\/uploads\/2021\/02\/cropped-Tesz-Vesz-Tavasz-2021-plakat-206x300.jpg 206w, https:\/\/ipcszeged.hu\/wp-content\/uploads\/2021\/02\/cropped-Tesz-Vesz-Tavasz-2021-plakat-103x150.jpg 103w, https:\/\/ipcszeged.hu\/wp-content\/uploads\/2021\/02\/cropped-Tesz-Vesz-Tavasz-2021-plakat-768x1116.jpg 768w, https:\/\/ipcszeged.hu\/wp-content\/uploads\/2021\/02\/cropped-Tesz-Vesz-Tavasz-2021-plakat-743x1080.jpg 743w\" sizes=\"auto, (max-width: 924px) 100vw, 924px\" \/><\/figure>\n\n\n<p style=\"margin: 0cm; margin-bottom: .0001pt; text-align: justify; text-indent: 35.0pt; line-height: 115%;\"><span style=\"color: black;\">A tavalyi \u00e9vben sajnos a j\u00e1rv\u00e1ny okozta helyzet miatt nem volt lehet\u0151s\u00e9g\u00fcnk megval\u00f3s\u00edtani a Tesz-Vesz Tavasz c\u00edm\u0171 rendezv\u00e9ny\u00fcnket, \u00edgy id\u00e9n mindenk\u00e9ppen szeretn\u00e9nk megszervezni. Az imm\u00e1ron XIII. alkalommal megrendez\u00e9sre ker\u00fcl\u0151 programunkat rendhagy\u00f3 m\u00f3don tervezz\u00fck megval\u00f3s\u00edtani. Most egy kih\u00edv\u00e1sra h\u00edvjuk a kedves \u00e9rdekl\u0151d\u0151ket, amely a jelenlegi pand\u00e9mia id\u0151szak\u00e1ban nagyszer\u0171 k\u00fclt\u00e9ri projektlehet\u0151s\u00e9get biztos\u00edt.<\/span><\/p>\n<p style=\"margin: 0cm; margin-bottom: .0001pt; text-align: justify; text-indent: 35.0pt; line-height: 115%;\"><b><i><span style=\"color: black;\">C\u00e9lunk, hogy a Szeged-Csan\u00e1di Egyh\u00e1zmegye 990. \u00e9vfordul\u00f3ja \u00e9s a NEK 2020 alkalm\u00e1b\u00f3l 2020 f\u00e1t \u00fcltess\u00fcnk az egyh\u00e1zmegye ter\u00fclet\u00e9n. <\/span><\/i><\/b><span style=\"color: black;\">Ez\u00e1ltal szeretn\u00e9nk, hogy egy tiszt\u00e1bb, z\u00f6ldebb \u00e9s \u00e9lettel telibb k\u00f6rnyezetben \u00e9lj\u00fcnk.<\/span><b><i><\/i><\/b><\/p>\n<p style=\"margin: 0cm; margin-bottom: .0001pt; text-align: justify; text-indent: 35.0pt; line-height: 115%;\"><span style=\"color: black;\">V\u00e1rjuk olyan pl\u00e9b\u00e1niai k\u00f6z\u00f6ss\u00e9gek, hittanos csoportok, iskol\u00e1k, csal\u00e1dok, k\u00f6z\u00f6ss\u00e9gek jelentkez\u00e9s\u00e9t, akik sz\u00edvesen \u00e1ll\u00edtanak eml\u00e9ket egy fa\u00fcltet\u00e9s keret\u00e9ben.<\/span><\/p>\n<p style=\"margin: 0cm; margin-bottom: .0001pt; text-align: justify; text-indent: 35.0pt; line-height: 115%;\"><span style=\"color: black;\">A fa\u00fcltet\u00e9s helysz\u00edne lehet iskolaudvar*, k\u00f6zter\u00fclet**, pl\u00e9b\u00e1nia udvar, templomkert, csal\u00e1di h\u00e1z udvara \u00e9s el\u0151kertje, valamint k\u00fclter\u00fcletek is.<\/span><\/p>\n<p style=\"margin: 0cm; margin-bottom: .0001pt; text-align: justify; text-indent: 35.0pt; line-height: 115%;\"><i><span style=\"color: black;\">A regisztr\u00e1ltaknak az IPC aj\u00e1nd\u00e9kk\u00e9nt biztos\u00edtja az \u00fcltetend\u0151 facsemet\u00e9ket.<\/span><\/i><span style=\"color: black;\"> Azt tervezz\u00fck, hogy a regisztr\u00e1lt telep\u00fcl\u00e9seket l\u00e1tva, a lehet\u0151 legk\u00f6zelebb tudjuk \u00e1tadni a szabadgy\u00f6ker\u0171 facsemet\u00e9ket, amelyeket m\u00e9g m\u00e1rciusban (az \u00e1tv\u00e9telt k\u00f6vet\u0151en) mihamarabb \u00e9rdemes el\u00fcltetni \u00e9s gondozni! A f\u00e1k \u00e1tv\u00e9tel\u00e9r\u0151l a regisztr\u00e1ci\u00f3t k\u00f6vet\u0151en k\u00fcld\u00fcnk \u00e9rtes\u00edt\u00e9st \u00e9s tov\u00e1bbi inform\u00e1ci\u00f3t.<\/span> <span style=\"color: black;\">\u00c9rdemes egy r\u00f6vid megeml\u00e9kez\u00e9st tartani, vagy a fa mell\u00e9 eml\u00e9kt\u00e1bl\u00e1t elhelyezni.<\/span> <span style=\"color: black;\">\u00d6r\u00fcln\u00e9nk, ha min\u00e9l t\u00f6bb csal\u00e1d is csatlakozna az idei programunkhoz, \u00edgy k\u00e9rem a kedves Aty\u00e1kat \u00e9s Katek\u00e9t\u00e1kat, hogy lehet\u0151s\u00e9g szerint min\u00e9l t\u00f6bb csal\u00e1dot sz\u00f3l\u00edtsanak meg szem\u00e9lyesen is, \u00e9s b\u00e1tor\u00edts\u00e1k \u0151ket a kih\u00edv\u00e1shoz val\u00f3 csatlakoz\u00e1sra.<\/span><\/p>\n<p style=\"margin: 0cm; margin-bottom: .0001pt; text-align: justify; text-indent: 35.0pt; line-height: 115%;\"><span style=\"color: black;\">A program az elm\u00falt \u00e9vekhez kapcsol\u00f3d\u00f3an pontszerz\u00e9si lehet\u0151s\u00e9gk\u00e9nt is szerepel a kateketikai el\u0151meneteli rendszerben. Minden hitoktat\u00f3 k\u00f6z\u00f6ss\u00e9gi pontot sz\u00e1moltathat el minden olyan helysz\u00ednen t\u00f6rt\u00e9nt fa\u00fcltet\u00e9st k\u00f6vet\u0151en, amely a hitoktat\u00f3\/katek\u00e9ta szervez\u00e9s\u00e9ben k\u00f6zter\u00fcleten, templomkertben vagy pl\u00e9b\u00e1nia udvaron val\u00f3sul meg, \u00e9s azt fot\u00f3dokument\u00e1ci\u00f3 (maximum 2 fot\u00f3) alapj\u00e1n igazolni is tudja. <\/span><\/p>\n<p style=\"margin: 0cm; margin-bottom: .0001pt; text-align: justify; line-height: 115%;\"><span style=\"font-size: 5.0pt; line-height: 115%; color: black;\">&nbsp;<\/span><\/p>\n<p style=\"margin: 0cm; margin-bottom: .0001pt; text-align: justify; line-height: 115%;\"><b><span style=\"color: black;\">A<\/span><\/b><span style=\"color: black;\"> <b>kih\u00edv\u00e1s id\u0151pontja 2021. m\u00e1rcius 1. &#8211; \u00e1prilis 30.<\/b><\/span><\/p>\n<p style=\"margin: 0cm; margin-bottom: .0001pt; text-align: justify; line-height: 115%;\"><span style=\"color: #000000;\"><b>Ide kattintva is tudsz regisztr\u00e1lni: <a href=\"https:\/\/forms.gle\/oWabDC5KUxKT5M4c9\">TVT&#8217;21 REGISZTR\u00c1CI\u00d3<\/a><\/b><\/span><\/p>\n<p style=\"margin: 0cm; margin-bottom: .0001pt; text-align: justify; line-height: 115%;\"><b><span style=\"color: red;\">Regisztr\u00e1ci\u00f3s hat\u00e1rid\u0151: 2021. febru\u00e1r 20.<\/span><\/b><\/p>\n<p style=\"margin: 0cm; margin-bottom: .0001pt; text-align: justify; line-height: 115%;\"><span style=\"color: black;\">B\u0151vebb inform\u00e1ci\u00f3: <\/span><span style=\"color: #0563c1;\">ipc.szeged@gmail.com<\/span><\/p>\n<p style=\"margin: 0cm; margin-bottom: .0001pt; line-height: 115%;\"><span style=\"font-size: 10.0pt; line-height: 115%; color: black;\">*; ** Ezen helysz\u00ednek v\u00e1laszt\u00e1sa el\u0151tt mindenk\u00e9ppen \u00e9rdemes egyeztetni a helyi vezet\u0151vel, \u00f6nkorm\u00e1nyzattal!<\/span><\/p> ","protected":false},"excerpt":{"rendered":"<p>A tavalyi \u00e9vben sajnos a j\u00e1rv\u00e1ny okozta helyzet miatt nem volt lehet\u0151s\u00e9g\u00fcnk megval\u00f3s\u00edtani a Tesz-Vesz Tavasz c\u00edm\u0171 rendezv\u00e9ny\u00fcnket, \u00edgy id\u00e9n mindenk\u00e9ppen szeretn\u00e9nk megszervezni. Az imm\u00e1ron XIII. alkalommal megrendez\u00e9sre ker\u00fcl\u0151 programunkat rendhagy\u00f3 m\u00f3don tervezz\u00fck megval\u00f3s\u00edtani. Most egy kih\u00edv\u00e1sra h\u00edvjuk a kedves \u00e9rdekl\u0151d\u0151ket, amely a jelenlegi pand\u00e9mia id\u0151szak\u00e1ban nagyszer\u0171 k\u00fclt\u00e9ri projektlehet\u0151s\u00e9get biztos\u00edt. C\u00e9lunk, hogy a Szeged-Csan\u00e1di Egyh\u00e1zmegye&hellip; <br \/> <a class=\"read-more\" href=\"https:\/\/ipcszeged.hu\/index.php\/tvt21\/\">Read more<\/a><\/p>\n","protected":false},"author":1,"featured_media":0,"parent":0,"menu_order":0,"comment_status":"closed","ping_status":"closed","template":"","meta":{"ngg_post_thumbnail":0,"footnotes":""},"class_list":["post-17388","page","type-page","status-publish","hentry"],"_links":{"self":[{"href":"https:\/\/ipcszeged.hu\/index.php\/wp-json\/wp\/v2\/pages\/17388","targetHints":{"allow":["GET"]}}],"collection":[{"href":"https:\/\/ipcszeged.hu\/index.php\/wp-json\/wp\/v2\/pages"}],"about":[{"href":"https:\/\/ipcszeged.hu\/index.php\/wp-json\/wp\/v2\/types\/page"}],"author":[{"embeddable":true,"href":"https:\/\/ipcszeged.hu\/index.php\/wp-json\/wp\/v2\/users\/1"}],"replies":[{"embeddable":true,"href":"https:\/\/ipcszeged.hu\/index.php\/wp-json\/wp\/v2\/comments?post=17388"}],"version-history":[{"count":3,"href":"https:\/\/ipcszeged.hu\/index.php\/wp-json\/wp\/v2\/pages\/17388\/revisions"}],"predecessor-version":[{"id":17405,"href":"https:\/\/ipcszeged.hu\/index.php\/wp-json\/wp\/v2\/pages\/17388\/revisions\/17405"}],"wp:attachment":[{"href":"https:\/\/ipcszeged.hu\/index.php\/wp-json\/wp\/v2\/media?parent=17388"}],"curies":[{"name":"wp","href":"https:\/\/api.w.org\/{rel}","templated":true}]}}