{"id":16622,"date":"2020-06-25T12:14:35","date_gmt":"2020-06-25T12:14:35","guid":{"rendered":"http:\/\/www.ipcszeged.hu\/?page_id=16622"},"modified":"2020-06-25T12:14:36","modified_gmt":"2020-06-25T12:14:36","slug":"treningek","status":"publish","type":"page","link":"https:\/\/ipcszeged.hu\/index.php\/projektjeink\/transznacionalis-egyuttmukodesek-efop-5-2-2-17-2017-00126\/programok\/treningek\/","title":{"rendered":"Tr\u00e9ningek"},"content":{"rendered":"\n<p>A projekt sor\u00e1n 16 alkalommal megval\u00f3sult kompetenciafejleszt\u0151 tr\u00e9ningek besz\u00e1mol\u00f3i az al\u00e1bbi list\u00e1ban tal\u00e1lhat\u00f3k:<\/p>\n\n\n\n<div class=\"wp-block-file\"><a href=\"http:\/\/www.ipcszeged.hu\/wp-content\/uploads\/2020\/06\/tr\u00e9ning20190330.pdf\">tr\u00e9ning20190330<\/a><a href=\"http:\/\/www.ipcszeged.hu\/wp-content\/uploads\/2020\/06\/tr\u00e9ning20190330.pdf\" class=\"wp-block-file__button\" download>Let\u00f6lt\u00e9s<\/a><\/div>\n\n\n\n<div class=\"wp-block-file\"><a href=\"http:\/\/www.ipcszeged.hu\/wp-content\/uploads\/2020\/06\/tr\u00e9ning20190409.pdf\">tr\u00e9ning20190409<\/a><a href=\"http:\/\/www.ipcszeged.hu\/wp-content\/uploads\/2020\/06\/tr\u00e9ning20190409.pdf\" class=\"wp-block-file__button\" download>Let\u00f6lt\u00e9s<\/a><\/div>\n\n\n\n<div class=\"wp-block-file\"><a href=\"http:\/\/www.ipcszeged.hu\/wp-content\/uploads\/2020\/06\/tr\u00e9ning20190409I.pdf\">tr\u00e9ning20190409I<\/a><a href=\"http:\/\/www.ipcszeged.hu\/wp-content\/uploads\/2020\/06\/tr\u00e9ning20190409I.pdf\" class=\"wp-block-file__button\" download>Let\u00f6lt\u00e9s<\/a><\/div>\n\n\n\n<div class=\"wp-block-file\"><a href=\"http:\/\/www.ipcszeged.hu\/wp-content\/uploads\/2020\/06\/tr\u00e9ning20190416.pdf\">tr\u00e9ning20190416<\/a><a href=\"http:\/\/www.ipcszeged.hu\/wp-content\/uploads\/2020\/06\/tr\u00e9ning20190416.pdf\" class=\"wp-block-file__button\" download>Let\u00f6lt\u00e9s<\/a><\/div>\n\n\n\n<div class=\"wp-block-file\"><a href=\"http:\/\/www.ipcszeged.hu\/wp-content\/uploads\/2020\/06\/tr\u00e9ning20190508.pdf\">tr\u00e9ning20190508<\/a><a href=\"http:\/\/www.ipcszeged.hu\/wp-content\/uploads\/2020\/06\/tr\u00e9ning20190508.pdf\" class=\"wp-block-file__button\" download>Let\u00f6lt\u00e9s<\/a><\/div>\n\n\n\n<div class=\"wp-block-file\"><a href=\"http:\/\/www.ipcszeged.hu\/wp-content\/uploads\/2020\/06\/tr\u00e9ning20190620.pdf\">tr\u00e9ning20190620<\/a><a href=\"http:\/\/www.ipcszeged.hu\/wp-content\/uploads\/2020\/06\/tr\u00e9ning20190620.pdf\" class=\"wp-block-file__button\" download>Let\u00f6lt\u00e9s<\/a><\/div>\n\n\n\n<div class=\"wp-block-file\"><a href=\"http:\/\/www.ipcszeged.hu\/wp-content\/uploads\/2020\/06\/tr\u00e9ning20191004.pdf\">tr\u00e9ning20191004<\/a><a href=\"http:\/\/www.ipcszeged.hu\/wp-content\/uploads\/2020\/06\/tr\u00e9ning20191004.pdf\" class=\"wp-block-file__button\" download>Let\u00f6lt\u00e9s<\/a><\/div>\n\n\n\n<div class=\"wp-block-file\"><a href=\"http:\/\/www.ipcszeged.hu\/wp-content\/uploads\/2020\/06\/tr\u00e9ning20191026_26.pdf\">tr\u00e9ning20191026_26<\/a><a href=\"http:\/\/www.ipcszeged.hu\/wp-content\/uploads\/2020\/06\/tr\u00e9ning20191026_26.pdf\" class=\"wp-block-file__button\" download>Let\u00f6lt\u00e9s<\/a><\/div>\n\n\n\n<div class=\"wp-block-file\"><a href=\"http:\/\/www.ipcszeged.hu\/wp-content\/uploads\/2020\/06\/tr\u00e9ning20191105.pdf\">tr\u00e9ning20191105<\/a><a href=\"http:\/\/www.ipcszeged.hu\/wp-content\/uploads\/2020\/06\/tr\u00e9ning20191105.pdf\" class=\"wp-block-file__button\" download>Let\u00f6lt\u00e9s<\/a><\/div>\n\n\n\n<div class=\"wp-block-file\"><a href=\"http:\/\/www.ipcszeged.hu\/wp-content\/uploads\/2020\/06\/tr\u00e9ning20191106.pdf\">tr\u00e9ning20191106<\/a><a href=\"http:\/\/www.ipcszeged.hu\/wp-content\/uploads\/2020\/06\/tr\u00e9ning20191106.pdf\" class=\"wp-block-file__button\" download>Let\u00f6lt\u00e9s<\/a><\/div>\n\n\n\n<div class=\"wp-block-file\"><a href=\"http:\/\/www.ipcszeged.hu\/wp-content\/uploads\/2020\/06\/tr\u00e9ning20191118.pdf\">tr\u00e9ning20191118<\/a><a href=\"http:\/\/www.ipcszeged.hu\/wp-content\/uploads\/2020\/06\/tr\u00e9ning20191118.pdf\" class=\"wp-block-file__button\" download>Let\u00f6lt\u00e9s<\/a><\/div>\n\n\n\n<div class=\"wp-block-file\"><a href=\"http:\/\/www.ipcszeged.hu\/wp-content\/uploads\/2020\/06\/tr\u00e9ning20191125.pdf\">tr\u00e9ning20191125<\/a><a href=\"http:\/\/www.ipcszeged.hu\/wp-content\/uploads\/2020\/06\/tr\u00e9ning20191125.pdf\" class=\"wp-block-file__button\" download>Let\u00f6lt\u00e9s<\/a><\/div>\n\n\n\n<div class=\"wp-block-file\"><a href=\"http:\/\/www.ipcszeged.hu\/wp-content\/uploads\/2020\/06\/tr\u00e9ning20191127.pdf\">tr\u00e9ning20191127<\/a><a href=\"http:\/\/www.ipcszeged.hu\/wp-content\/uploads\/2020\/06\/tr\u00e9ning20191127.pdf\" class=\"wp-block-file__button\" download>Let\u00f6lt\u00e9s<\/a><\/div>\n\n\n\n<div class=\"wp-block-file\"><a href=\"http:\/\/www.ipcszeged.hu\/wp-content\/uploads\/2020\/06\/tr\u00e9ning20191130.pdf\">tr\u00e9ning20191130<\/a><a href=\"http:\/\/www.ipcszeged.hu\/wp-content\/uploads\/2020\/06\/tr\u00e9ning20191130.pdf\" class=\"wp-block-file__button\" download>Let\u00f6lt\u00e9s<\/a><\/div>\n\n\n\n<div class=\"wp-block-file\"><a href=\"http:\/\/www.ipcszeged.hu\/wp-content\/uploads\/2020\/06\/tr\u00e9ning20200214.pdf\">tr\u00e9ning20200214<\/a><a href=\"http:\/\/www.ipcszeged.hu\/wp-content\/uploads\/2020\/06\/tr\u00e9ning20200214.pdf\" class=\"wp-block-file__button\" download>Let\u00f6lt\u00e9s<\/a><\/div>\n\n\n\n<div class=\"wp-block-file\"><a href=\"http:\/\/www.ipcszeged.hu\/wp-content\/uploads\/2020\/06\/tr\u00e9ning20200229.pdf\">tr\u00e9ning20200229<\/a><a href=\"http:\/\/www.ipcszeged.hu\/wp-content\/uploads\/2020\/06\/tr\u00e9ning20200229.pdf\" class=\"wp-block-file__button\" download>Let\u00f6lt\u00e9s<\/a><\/div>\n ","protected":false},"excerpt":{"rendered":"<p>A projekt sor\u00e1n 16 alkalommal megval\u00f3sult kompetenciafejleszt\u0151 tr\u00e9ningek besz\u00e1mol\u00f3i az al\u00e1bbi list\u00e1ban tal\u00e1lhat\u00f3k:<\/p>\n","protected":false},"author":1,"featured_media":0,"parent":16589,"menu_order":2,"comment_status":"closed","ping_status":"closed","template":"","meta":{"ngg_post_thumbnail":0,"footnotes":""},"class_list":["post-16622","page","type-page","status-publish","hentry"],"_links":{"self":[{"href":"https:\/\/ipcszeged.hu\/index.php\/wp-json\/wp\/v2\/pages\/16622","targetHints":{"allow":["GET"]}}],"collection":[{"href":"https:\/\/ipcszeged.hu\/index.php\/wp-json\/wp\/v2\/pages"}],"about":[{"href":"https:\/\/ipcszeged.hu\/index.php\/wp-json\/wp\/v2\/types\/page"}],"author":[{"embeddable":true,"href":"https:\/\/ipcszeged.hu\/index.php\/wp-json\/wp\/v2\/users\/1"}],"replies":[{"embeddable":true,"href":"https:\/\/ipcszeged.hu\/index.php\/wp-json\/wp\/v2\/comments?post=16622"}],"version-history":[{"count":2,"href":"https:\/\/ipcszeged.hu\/index.php\/wp-json\/wp\/v2\/pages\/16622\/revisions"}],"predecessor-version":[{"id":16640,"href":"https:\/\/ipcszeged.hu\/index.php\/wp-json\/wp\/v2\/pages\/16622\/revisions\/16640"}],"up":[{"embeddable":true,"href":"https:\/\/ipcszeged.hu\/index.php\/wp-json\/wp\/v2\/pages\/16589"}],"wp:attachment":[{"href":"https:\/\/ipcszeged.hu\/index.php\/wp-json\/wp\/v2\/media?parent=16622"}],"curies":[{"name":"wp","href":"https:\/\/api.w.org\/{rel}","templated":true}]}}