{"id":16592,"date":"2020-06-25T10:48:46","date_gmt":"2020-06-25T10:48:46","guid":{"rendered":"http:\/\/www.ipcszeged.hu\/?page_id=16592"},"modified":"2020-06-26T12:55:06","modified_gmt":"2020-06-26T12:55:06","slug":"workshopok","status":"publish","type":"page","link":"https:\/\/ipcszeged.hu\/index.php\/projektjeink\/transznacionalis-egyuttmukodesek-efop-5-2-2-17-2017-00126\/programok\/workshopok\/","title":{"rendered":"Workshopok"},"content":{"rendered":"\n<p>A projekt sor\u00e1n megval\u00f3sult 12 workshop besz\u00e1mol\u00f3i az al\u00e1bbi dokumentumokban \u00e9rhet\u0151ek el:<\/p>\n\n\n\n<div class=\"wp-block-file\"><a href=\"http:\/\/www.ipcszeged.hu\/wp-content\/uploads\/2020\/06\/workshop-20181012_14.pdf\">workshop 20181012_14<\/a><a href=\"http:\/\/www.ipcszeged.hu\/wp-content\/uploads\/2020\/06\/workshop-20181012_14.pdf\" class=\"wp-block-file__button\" download>Let\u00f6lt\u00e9s<\/a><\/div>\n\n\n\n<div class=\"wp-block-file\"><a href=\"http:\/\/www.ipcszeged.hu\/wp-content\/uploads\/2020\/06\/workshop-20181019_24.pdf\">workshop 20181019_24<\/a><a href=\"http:\/\/www.ipcszeged.hu\/wp-content\/uploads\/2020\/06\/workshop-20181019_24.pdf\" class=\"wp-block-file__button\" download>Let\u00f6lt\u00e9s<\/a><\/div>\n\n\n\n<div class=\"wp-block-file\"><a href=\"http:\/\/www.ipcszeged.hu\/wp-content\/uploads\/2020\/06\/workshop-20181029_30.pdf\">workshop 20181029_30<\/a><a href=\"http:\/\/www.ipcszeged.hu\/wp-content\/uploads\/2020\/06\/workshop-20181029_30.pdf\" class=\"wp-block-file__button\" download>Let\u00f6lt\u00e9s<\/a><\/div>\n\n\n\n<div class=\"wp-block-file\"><a href=\"http:\/\/www.ipcszeged.hu\/wp-content\/uploads\/2020\/06\/workshop-20190524_26.pdf\">workshop 20190524_26<\/a><a href=\"http:\/\/www.ipcszeged.hu\/wp-content\/uploads\/2020\/06\/workshop-20190524_26.pdf\" class=\"wp-block-file__button\" download>Let\u00f6lt\u00e9s<\/a><\/div>\n\n\n\n<div class=\"wp-block-file\"><a href=\"http:\/\/www.ipcszeged.hu\/wp-content\/uploads\/2020\/06\/workshop-20190622_24.pdf\">workshop 20190622_24<\/a><a href=\"http:\/\/www.ipcszeged.hu\/wp-content\/uploads\/2020\/06\/workshop-20190622_24.pdf\" class=\"wp-block-file__button\" download>Let\u00f6lt\u00e9s<\/a><\/div>\n\n\n\n<div class=\"wp-block-file\"><a href=\"http:\/\/www.ipcszeged.hu\/wp-content\/uploads\/2020\/06\/workshop-20190628_30.pdf\">workshop 20190628_30<\/a><a href=\"http:\/\/www.ipcszeged.hu\/wp-content\/uploads\/2020\/06\/workshop-20190628_30.pdf\" class=\"wp-block-file__button\" download>Let\u00f6lt\u00e9s<\/a><\/div>\n\n\n\n<div class=\"wp-block-file\"><a href=\"http:\/\/www.ipcszeged.hu\/wp-content\/uploads\/2020\/06\/workshop-20190823_25.pdf\">workshop 20190823_25<\/a><a href=\"http:\/\/www.ipcszeged.hu\/wp-content\/uploads\/2020\/06\/workshop-20190823_25.pdf\" class=\"wp-block-file__button\" download>Let\u00f6lt\u00e9s<\/a><\/div>\n\n\n\n<div class=\"wp-block-file\"><a href=\"http:\/\/www.ipcszeged.hu\/wp-content\/uploads\/2020\/06\/workshop-20191115_17.pdf\">workshop 20191115_17<\/a><a href=\"http:\/\/www.ipcszeged.hu\/wp-content\/uploads\/2020\/06\/workshop-20191115_17.pdf\" class=\"wp-block-file__button\" download>Let\u00f6lt\u00e9s<\/a><\/div>\n\n\n\n<div class=\"wp-block-file\"><a href=\"http:\/\/www.ipcszeged.hu\/wp-content\/uploads\/2020\/06\/workshop-20191122_24.pdf\">workshop 20191122_24<\/a><a href=\"http:\/\/www.ipcszeged.hu\/wp-content\/uploads\/2020\/06\/workshop-20191122_24.pdf\" class=\"wp-block-file__button\" download>Let\u00f6lt\u00e9s<\/a><\/div>\n\n\n\n<div class=\"wp-block-file\"><a href=\"http:\/\/www.ipcszeged.hu\/wp-content\/uploads\/2020\/06\/workshop-20191124_26.pdf\">workshop 20191124_26<\/a><a href=\"http:\/\/www.ipcszeged.hu\/wp-content\/uploads\/2020\/06\/workshop-20191124_26.pdf\" class=\"wp-block-file__button\" download>Let\u00f6lt\u00e9s<\/a><\/div>\n\n\n\n<div class=\"wp-block-file\"><a href=\"http:\/\/www.ipcszeged.hu\/wp-content\/uploads\/2020\/06\/workshop-20200206_08.pdf\">workshop 20200206_08<\/a><a href=\"http:\/\/www.ipcszeged.hu\/wp-content\/uploads\/2020\/06\/workshop-20200206_08.pdf\" class=\"wp-block-file__button\" download>Let\u00f6lt\u00e9s<\/a><\/div>\n\n\n\n<div class=\"wp-block-file\"><a href=\"http:\/\/www.ipcszeged.hu\/wp-content\/uploads\/2020\/06\/workshop-20200214_16.pdf\">workshop 20200214_16<\/a><a href=\"http:\/\/www.ipcszeged.hu\/wp-content\/uploads\/2020\/06\/workshop-20200214_16.pdf\" class=\"wp-block-file__button\" download>Let\u00f6lt\u00e9s<\/a><\/div>\n\n\n\n<p><\/p>\n ","protected":false},"excerpt":{"rendered":"<p>A projekt sor\u00e1n megval\u00f3sult 12 workshop besz\u00e1mol\u00f3i az al\u00e1bbi dokumentumokban \u00e9rhet\u0151ek el:<\/p>\n","protected":false},"author":1,"featured_media":0,"parent":16589,"menu_order":0,"comment_status":"closed","ping_status":"closed","template":"","meta":{"ngg_post_thumbnail":0,"footnotes":""},"class_list":["post-16592","page","type-page","status-publish","hentry"],"_links":{"self":[{"href":"https:\/\/ipcszeged.hu\/index.php\/wp-json\/wp\/v2\/pages\/16592","targetHints":{"allow":["GET"]}}],"collection":[{"href":"https:\/\/ipcszeged.hu\/index.php\/wp-json\/wp\/v2\/pages"}],"about":[{"href":"https:\/\/ipcszeged.hu\/index.php\/wp-json\/wp\/v2\/types\/page"}],"author":[{"embeddable":true,"href":"https:\/\/ipcszeged.hu\/index.php\/wp-json\/wp\/v2\/users\/1"}],"replies":[{"embeddable":true,"href":"https:\/\/ipcszeged.hu\/index.php\/wp-json\/wp\/v2\/comments?post=16592"}],"version-history":[{"count":4,"href":"https:\/\/ipcszeged.hu\/index.php\/wp-json\/wp\/v2\/pages\/16592\/revisions"}],"predecessor-version":[{"id":16641,"href":"https:\/\/ipcszeged.hu\/index.php\/wp-json\/wp\/v2\/pages\/16592\/revisions\/16641"}],"up":[{"embeddable":true,"href":"https:\/\/ipcszeged.hu\/index.php\/wp-json\/wp\/v2\/pages\/16589"}],"wp:attachment":[{"href":"https:\/\/ipcszeged.hu\/index.php\/wp-json\/wp\/v2\/media?parent=16592"}],"curies":[{"name":"wp","href":"https:\/\/api.w.org\/{rel}","templated":true}]}}