{"id":16589,"date":"2020-06-25T10:46:48","date_gmt":"2020-06-25T10:46:48","guid":{"rendered":"http:\/\/www.ipcszeged.hu\/?page_id=16589"},"modified":"2020-06-25T10:46:49","modified_gmt":"2020-06-25T10:46:49","slug":"programok","status":"publish","type":"page","link":"https:\/\/ipcszeged.hu\/index.php\/projektjeink\/transznacionalis-egyuttmukodesek-efop-5-2-2-17-2017-00126\/programok\/","title":{"rendered":"Programok"},"content":{"rendered":"\n<p>Az EFOP 5.2.2-17-2017-00126 sz\u00e1m\u00fa Fiatalokkal a kereszt\u00e9ny Eur\u00f3p\u00e1\u00e9rt c\u00edm\u0171 projekt keret\u00e9ben az al\u00e1bbi t\u00edpus\u00fa programok val\u00f3sultak meg: <\/p>\n\n\n\n<ul class=\"wp-block-list\"><li>Workshopok <\/li><li>Kompetenciafejleszt\u0151 tr\u00e9ningek<\/li><li>Tanulm\u00e1nyutak<\/li><li>Konferencia<\/li><li>Kutat\u00e1s<\/li><\/ul>\n ","protected":false},"excerpt":{"rendered":"<p>Az EFOP 5.2.2-17-2017-00126 sz\u00e1m\u00fa Fiatalokkal a kereszt\u00e9ny Eur\u00f3p\u00e1\u00e9rt c\u00edm\u0171 projekt keret\u00e9ben az al\u00e1bbi t\u00edpus\u00fa programok val\u00f3sultak meg: Workshopok Kompetenciafejleszt\u0151 tr\u00e9ningek Tanulm\u00e1nyutak Konferencia Kutat\u00e1s<\/p>\n","protected":false},"author":1,"featured_media":0,"parent":14643,"menu_order":4,"comment_status":"closed","ping_status":"closed","template":"","meta":{"ngg_post_thumbnail":0,"footnotes":""},"class_list":["post-16589","page","type-page","status-publish","hentry"],"_links":{"self":[{"href":"https:\/\/ipcszeged.hu\/index.php\/wp-json\/wp\/v2\/pages\/16589","targetHints":{"allow":["GET"]}}],"collection":[{"href":"https:\/\/ipcszeged.hu\/index.php\/wp-json\/wp\/v2\/pages"}],"about":[{"href":"https:\/\/ipcszeged.hu\/index.php\/wp-json\/wp\/v2\/types\/page"}],"author":[{"embeddable":true,"href":"https:\/\/ipcszeged.hu\/index.php\/wp-json\/wp\/v2\/users\/1"}],"replies":[{"embeddable":true,"href":"https:\/\/ipcszeged.hu\/index.php\/wp-json\/wp\/v2\/comments?post=16589"}],"version-history":[{"count":1,"href":"https:\/\/ipcszeged.hu\/index.php\/wp-json\/wp\/v2\/pages\/16589\/revisions"}],"predecessor-version":[{"id":16591,"href":"https:\/\/ipcszeged.hu\/index.php\/wp-json\/wp\/v2\/pages\/16589\/revisions\/16591"}],"up":[{"embeddable":true,"href":"https:\/\/ipcszeged.hu\/index.php\/wp-json\/wp\/v2\/pages\/14643"}],"wp:attachment":[{"href":"https:\/\/ipcszeged.hu\/index.php\/wp-json\/wp\/v2\/media?parent=16589"}],"curies":[{"name":"wp","href":"https:\/\/api.w.org\/{rel}","templated":true}]}}