{"id":16585,"date":"2020-06-24T11:38:33","date_gmt":"2020-06-24T11:38:33","guid":{"rendered":"http:\/\/www.ipcszeged.hu\/?page_id=16585"},"modified":"2020-06-24T11:38:34","modified_gmt":"2020-06-24T11:38:34","slug":"modszertan","status":"publish","type":"page","link":"https:\/\/ipcszeged.hu\/index.php\/projektjeink\/transznacionalis-egyuttmukodesek-efop-5-2-2-17-2017-00126\/modszertan\/","title":{"rendered":"M\u00f3dszertan"},"content":{"rendered":"\n<figure class=\"wp-block-embed-youtube wp-block-embed is-type-video is-provider-youtube wp-embed-aspect-16-9 wp-has-aspect-ratio\"><div class=\"wp-block-embed__wrapper\">\n<div class='embed-container'><iframe loading=\"lazy\" title=\"Bibliai B\u00e1bk\u00e9sz\u00edt\u00e9s - Szeged-Csan\u00e1di Egyh\u00e1zmegye- Transznacion\u00e1lis projekt\" width=\"1920\" height=\"1080\" src=\"https:\/\/www.youtube.com\/embed\/cGLoZUWFhzc?feature=oembed\" frameborder=\"0\" allow=\"accelerometer; autoplay; encrypted-media; gyroscope; picture-in-picture\" allowfullscreen><\/iframe><\/div>\n<\/div><\/figure>\n\n\n\n<p>Biblia B\u00e1bk\u00e9sz\u00edt\u00e9s &#8211; Szeged-CSan\u00e1di Egyh\u00e1zmegye <\/p>\n ","protected":false},"excerpt":{"rendered":"<p>Biblia B\u00e1bk\u00e9sz\u00edt\u00e9s &#8211; Szeged-CSan\u00e1di Egyh\u00e1zmegye<\/p>\n","protected":false},"author":1,"featured_media":0,"parent":14643,"menu_order":3,"comment_status":"closed","ping_status":"closed","template":"","meta":{"ngg_post_thumbnail":0,"footnotes":""},"class_list":["post-16585","page","type-page","status-publish","hentry"],"_links":{"self":[{"href":"https:\/\/ipcszeged.hu\/index.php\/wp-json\/wp\/v2\/pages\/16585","targetHints":{"allow":["GET"]}}],"collection":[{"href":"https:\/\/ipcszeged.hu\/index.php\/wp-json\/wp\/v2\/pages"}],"about":[{"href":"https:\/\/ipcszeged.hu\/index.php\/wp-json\/wp\/v2\/types\/page"}],"author":[{"embeddable":true,"href":"https:\/\/ipcszeged.hu\/index.php\/wp-json\/wp\/v2\/users\/1"}],"replies":[{"embeddable":true,"href":"https:\/\/ipcszeged.hu\/index.php\/wp-json\/wp\/v2\/comments?post=16585"}],"version-history":[{"count":1,"href":"https:\/\/ipcszeged.hu\/index.php\/wp-json\/wp\/v2\/pages\/16585\/revisions"}],"predecessor-version":[{"id":16587,"href":"https:\/\/ipcszeged.hu\/index.php\/wp-json\/wp\/v2\/pages\/16585\/revisions\/16587"}],"up":[{"embeddable":true,"href":"https:\/\/ipcszeged.hu\/index.php\/wp-json\/wp\/v2\/pages\/14643"}],"wp:attachment":[{"href":"https:\/\/ipcszeged.hu\/index.php\/wp-json\/wp\/v2\/media?parent=16585"}],"curies":[{"name":"wp","href":"https:\/\/api.w.org\/{rel}","templated":true}]}}