{"id":16557,"date":"2020-06-08T08:17:01","date_gmt":"2020-06-08T08:17:01","guid":{"rendered":"http:\/\/www.ipcszeged.hu\/?page_id=16557"},"modified":"2020-08-28T10:10:35","modified_gmt":"2020-08-28T10:10:35","slug":"xvii-egyhazmegyei-nyari-tabor","status":"publish","type":"page","link":"https:\/\/ipcszeged.hu\/index.php\/programok-ahol-megtalalsz-bennunket\/egyhazmegyei-nyari-tabor\/xvii-egyhazmegyei-nyari-tabor\/","title":{"rendered":"2020-Egy keny\u00e9r, egy test vagyunk"},"content":{"rendered":"<h2><a href=\"http:\/\/www.ipcszeged.hu\/wp-content\/uploads\/2020\/06\/Nyari-tabor-2020-plakat-A3.jpg\"><img loading=\"lazy\" decoding=\"async\" class=\"aligncenter size-full wp-image-16575\" src=\"http:\/\/www.ipcszeged.hu\/wp-content\/uploads\/2020\/06\/Nyari-tabor-2020-plakat-A3.jpg\" alt=\"\" width=\"1280\" height=\"1810\" srcset=\"https:\/\/ipcszeged.hu\/wp-content\/uploads\/2020\/06\/Nyari-tabor-2020-plakat-A3.jpg 1280w, https:\/\/ipcszeged.hu\/wp-content\/uploads\/2020\/06\/Nyari-tabor-2020-plakat-A3-212x300.jpg 212w, https:\/\/ipcszeged.hu\/wp-content\/uploads\/2020\/06\/Nyari-tabor-2020-plakat-A3-106x150.jpg 106w, https:\/\/ipcszeged.hu\/wp-content\/uploads\/2020\/06\/Nyari-tabor-2020-plakat-A3-768x1086.jpg 768w, https:\/\/ipcszeged.hu\/wp-content\/uploads\/2020\/06\/Nyari-tabor-2020-plakat-A3-1086x1536.jpg 1086w, https:\/\/ipcszeged.hu\/wp-content\/uploads\/2020\/06\/Nyari-tabor-2020-plakat-A3-1024x1448.jpg 1024w, https:\/\/ipcszeged.hu\/wp-content\/uploads\/2020\/06\/Nyari-tabor-2020-plakat-A3-764x1080.jpg 764w\" sizes=\"auto, (max-width: 1280px) 100vw, 1280px\" \/><\/a><\/h2>\n<h2 style=\"text-align: center;\">2020. J\u00daLIUS 06-10<br \/>\nT\u00c9MA: K\u00d6Z\u00d6SS\u00c9G<\/h2>\n<p style=\"text-align: center;\"><em>&#8220;Egy keny\u00e9r, egy test vagyunk&#8221; (1Kor 10,17)<\/em><\/p>\n<p style=\"text-align: justify;\"><strong>Kedves T\u00e1boroz\u00f3k!<\/strong><br \/>\nId\u00e9n is megszervez\u00e9sre ker\u00fcl az Egyh\u00e1zmegyei Ny\u00e1ri t\u00e1bor Domasz\u00e9k-Z\u00f6ldf\u00e1son.<\/p>\n<h5><strong>A t\u00e1bor idei k\u00f6lts\u00e9ge <span style=\"color: #3366ff;\">10.000 Ft<\/span><\/strong>, amelyet a regisztr\u00e1ci\u00f3s \u00e9rtes\u00edt\u00e9st k\u00f6vet\u0151en banki \u00e1tutal\u00e1s, vagy k\u00e9szp\u00e9nz fizet\u00e9ssel lehet kiegyenl\u00edteni!<\/h5>\n<p>Jelentkezni ide kattintva tudsz:<\/p>\n<h2 style=\"text-align: center;\"><a href=\"https:\/\/forms.gle\/3UeipPHW4y8Hs6ZM7\">REGISZTR\u00c1LOK A T\u00c1BORRA&#8217; 2020<\/a><\/h2>\n<p style=\"text-align: justify;\"><span style=\"color: #ff0000;\"><strong>Regisztr\u00e1ci\u00f3s hat\u00e1rid\u0151 2020. j\u00fanius 28. 23:59!<\/strong><\/span><\/p>\n<p style=\"text-align: justify;\">Az id\u00e9n kialakult j\u00e1rv\u00e1ny\u00fcgyi helyzet \u00e9rtelm\u00e9ben a t\u00e1borba jelentkez\u0151k sz\u00e1m\u00e1t 50 f\u0151ben limit\u00e1ljuk. Amennyiben a regisztr\u00e1ltak sz\u00e1ma el\u00e9ri az 50 f\u0151t v\u00e1r\u00f3lista ker\u00fcl kialak\u00edt\u00e1sra.<\/p>\n<p>Az el\u0151z\u0151 \u00e9vekhez hasonl\u00f3an az \u00e9rv\u00e9nyes regisztr\u00e1ci\u00f3 lead\u00e1s\u00e1hoz sz\u00fcks\u00e9g lesz egy a sz\u00fcl\u0151 \u00e1ltal al\u00e1\u00edrt eg\u00e9szs\u00e9g\u00fcgyi nyilatkozatra, tov\u00e1bb\u00e1 egy pl\u00e9b\u00e1nosi aj\u00e1nl\u00e1sra!<\/p>\n<p style=\"text-align: justify;\"><strong>A sz\u00fcks\u00e9ges nyilatkozat \u00e9s pl\u00e9b\u00e1nosi aj\u00e1nl\u00e1s mint\u00e1ja itt \u00e9rhet\u0151 el:&nbsp;<\/strong><\/p>\n<p style=\"text-align: justify;\"><a href=\"http:\/\/www.ipcszeged.hu\/wp-content\/uploads\/2020\/06\/e\u00fc-nyilatkozat_2020.pdf\">e\u00fc-nyilatkozat_2020<\/a><\/p>\n<p style=\"text-align: justify;\"><a href=\"http:\/\/www.ipcszeged.hu\/wp-content\/uploads\/2020\/06\/pl\u00e9b\u00e1nosi-aj\u00e1nl\u00e1s-2020.pdf\">pl\u00e9b\u00e1nosi-aj\u00e1nl\u00e1s-2020<\/a><\/p>\n ","protected":false},"excerpt":{"rendered":"<p>2020. J\u00daLIUS 06-10 T\u00c9MA: K\u00d6Z\u00d6SS\u00c9G &#8220;Egy keny\u00e9r, egy test vagyunk&#8221; (1Kor 10,17) Kedves T\u00e1boroz\u00f3k! Id\u00e9n is megszervez\u00e9sre ker\u00fcl az Egyh\u00e1zmegyei Ny\u00e1ri t\u00e1bor Domasz\u00e9k-Z\u00f6ldf\u00e1son. A t\u00e1bor idei k\u00f6lts\u00e9ge 10.000 Ft, amelyet a regisztr\u00e1ci\u00f3s \u00e9rtes\u00edt\u00e9st k\u00f6vet\u0151en banki \u00e1tutal\u00e1s, vagy k\u00e9szp\u00e9nz fizet\u00e9ssel lehet kiegyenl\u00edteni! Jelentkezni ide kattintva tudsz: REGISZTR\u00c1LOK A T\u00c1BORRA&#8217; 2020 Regisztr\u00e1ci\u00f3s hat\u00e1rid\u0151 2020. j\u00fanius 28. 23:59!&hellip; <br \/> <a class=\"read-more\" href=\"https:\/\/ipcszeged.hu\/index.php\/programok-ahol-megtalalsz-bennunket\/egyhazmegyei-nyari-tabor\/xvii-egyhazmegyei-nyari-tabor\/\">Read more<\/a><\/p>\n","protected":false},"author":1,"featured_media":0,"parent":274,"menu_order":0,"comment_status":"closed","ping_status":"closed","template":"","meta":{"ngg_post_thumbnail":0,"footnotes":""},"class_list":["post-16557","page","type-page","status-publish","hentry"],"_links":{"self":[{"href":"https:\/\/ipcszeged.hu\/index.php\/wp-json\/wp\/v2\/pages\/16557","targetHints":{"allow":["GET"]}}],"collection":[{"href":"https:\/\/ipcszeged.hu\/index.php\/wp-json\/wp\/v2\/pages"}],"about":[{"href":"https:\/\/ipcszeged.hu\/index.php\/wp-json\/wp\/v2\/types\/page"}],"author":[{"embeddable":true,"href":"https:\/\/ipcszeged.hu\/index.php\/wp-json\/wp\/v2\/users\/1"}],"replies":[{"embeddable":true,"href":"https:\/\/ipcszeged.hu\/index.php\/wp-json\/wp\/v2\/comments?post=16557"}],"version-history":[{"count":7,"href":"https:\/\/ipcszeged.hu\/index.php\/wp-json\/wp\/v2\/pages\/16557\/revisions"}],"predecessor-version":[{"id":16772,"href":"https:\/\/ipcszeged.hu\/index.php\/wp-json\/wp\/v2\/pages\/16557\/revisions\/16772"}],"up":[{"embeddable":true,"href":"https:\/\/ipcszeged.hu\/index.php\/wp-json\/wp\/v2\/pages\/274"}],"wp:attachment":[{"href":"https:\/\/ipcszeged.hu\/index.php\/wp-json\/wp\/v2\/media?parent=16557"}],"curies":[{"name":"wp","href":"https:\/\/api.w.org\/{rel}","templated":true}]}}