{"id":16489,"date":"2020-04-28T08:30:15","date_gmt":"2020-04-28T08:30:15","guid":{"rendered":"http:\/\/www.ipcszeged.hu\/?page_id=16489"},"modified":"2020-04-28T09:13:26","modified_gmt":"2020-04-28T09:13:26","slug":"a-szentszek-megnyilatkozasai-a-fiatalokkal-kapcsolatban","status":"publish","type":"page","link":"https:\/\/ipcszeged.hu\/index.php\/projektjeink\/transznacionalis-egyuttmukodesek-efop-5-2-2-17-2017-00126\/bejegyzesek\/a-szentszek-megnyilatkozasai-a-fiatalokkal-kapcsolatban\/","title":{"rendered":"A Szentsz\u00e9k megnyilatkoz\u00e1sai a fiatalokkal kapcsolatban I. r\u00e9sz"},"content":{"rendered":"<h3 style=\"text-align: center;\">1.<\/h3>\n<p style=\"text-align: justify;\"><strong>Ifj\u00fas\u00e1gpasztor\u00e1ci\u00f3 a tudom\u00e1nyos medodika szempontj\u00e1b\u00f3l<\/strong><br \/>\nAz ifj\u00fas\u00e1gpasztor\u00e1ci\u00f3t tekintve \u00fatkeres\u0151 f\u00e1zisban van a Magyar Katolikus Egyh\u00e1z. Erre az \u00fatkeres\u00e9sre v\u00e1laszk\u00e9nt sz\u00fcletett meg az MKPK Ifj\u00fas\u00e1gi Bizotts\u00e1g\u00e1nak tanulm\u00e1nya: A fiatalok evangeliz\u00e1ci\u00f3ja ma c\u00edmmel. Az egyh\u00e1zmegy\u00e9k t\u00f6bbs\u00e9g\u00e9ben \u00f6szt\u00f6nszer\u0171en v\u00e9gzik a pasztor\u00e1ci\u00f3nak az ifj\u00fas\u00e1ggal foglalkoz\u00f3 szegmens\u00e9t. Ez azt jelenti, hogy \u00e9vek \u00f3ta ugyan abban a strukt\u00far\u00e1ban gondolkoznak, ami term\u00e9szetesen j\u00f3l bev\u00e1lt, ugyanakkor kezd felsz\u00edness\u00e9 v\u00e1lni. A k\u00e9t sz\u00f3t &#8211; ifj\u00fas\u00e1g \u00e9s pasztor\u00e1ci\u00f3 &#8211; \u00f6sszekapcsolva eml\u00edtj\u00fck, de az \u00edgy kapott kifejez\u00e9snek vajon val\u00f3ban ismerj\u00fck-e a jelent\u00e9s\u00e9t \u00e9s jelent\u0151s\u00e9g\u00e9t vagy csup\u00e1n, mint sz\u00f3ban forg\u00f3 k\u00f6zhelyet haszn\u00e1ljuk a mindennapokban. Maguk a fiatalok sem ismerik az ifj\u00fas\u00e1gpasztor\u00e1ci\u00f3nak, mint kifejez\u00e9snek \u00e9s tev\u00e9kenys\u00e9gnek a l\u00e9nyeg\u00e9t.&nbsp; Ennek az ismeretlens\u00e9gnek az oka tal\u00e1n abban gy\u00f6kerezik, hogy a ketek\u00e9zis \u00fagymond bekebelezi az ifj\u00fas\u00e1gpasztor\u00e1ci\u00f3t. Ahelyett, hogy a gyermek katek\u00e9zis egy k\u00fcl\u00f6n t\u00e1rgy\u00e1v\u00e1 tenn\u00e9, csup\u00e1n csak az ember hitbeli fejl\u0151d\u00e9s\u00e9nek egy korszakak\u00e9nt kezeli.<\/p>\n<hr>\n<h3 style=\"text-align: center;\">2.<\/h3>\n<p style=\"text-align: justify;\"><strong>El\u0151sz\u00f3 a p\u00e1p\u00e1knak az ifj\u00fas\u00e1g fel\u00e9 int\u00e9zett szavaihoz<\/strong><br \/>\nA bejegyz\u00e9s a Szeged &#8211; Csan\u00e1di Egyh\u00e1zmegye ifj\u00fas\u00e1g pasztor\u00e1ci\u00f3s helyzet\u00e9t pr\u00f3b\u00e1lja felt\u00e9rk\u00e9pezni. Nem lehet az ifj\u00fas\u00e1gpasztor\u00e1ci\u00f3 helyzet\u00e9t orsz\u00e1gos, vagy nemzetk\u00f6zi szinten \u00e1ltal\u00e1nosan \u00e1ttekinteni. Ki kell emelni, hogy az orsz\u00e1gon bel\u00fcl, az egyh\u00e1zmegy\u00e9k helyzete \u00e9s er\u0151forr\u00e1sai (gazdas\u00e1gi \u00e9s \u00f6nk\u00e9ntess\u00e9gi) nagyban k\u00fcl\u00f6nb\u00f6znek egym\u00e1st\u00f3l. Ezt er\u0151s\u00edti meg XVI. Benedek, a Youcat c\u00edm\u0171 katekizmusban \u00edrt el\u0151szava is: &#8220;&#8230; nem csak a kontinensek \u00e9s n\u00e9peik kult\u00far\u00e1i k\u00f6z\u00f6tt van k\u00fcl\u00f6nbs\u00e9g, hanem az egyes t\u00e1rsadalmakon bel\u00fcl is l\u00e9teznek &#8220;kontinensek&#8221;.\u00b9 A fiatalokr\u00f3l val\u00f3 \u00e1ltal\u00e1nos gondolkod\u00e1s legfontosabb alapj\u00e1t tal\u00e1n a p\u00e1pai megnyilatkoz\u00e1sok adj\u00e1k, ezr\u00e9t a bejegyz\u00e9s els\u0151 fel\u00e9ben ismertet\u00e9sre ker\u00fcl II. J\u00e1nos P\u00e1lnak, XVI. Benedeknek \u00e9s Ferenc p\u00e1p\u00e1nak a fiatalokkal kapcsolatos megsz\u00f3lal\u00e1sai, megnyilatkoz\u00e1sai. XVI. Benedek p\u00e1pa megnyilatkoz\u00e1saib\u00f3l k\u00e9sz\u00fclt egy r\u00f6videbb foglalat, amelyben besz\u00e9deinek a fiatalok mai evangeliz\u00e1ci\u00f3j\u00e1ra utal\u00f3 momentumait emelt\u00e9k ki.\u00b2 Hasonl\u00f3 k\u00e9pen Ferenc p\u00e1p\u00e1nak is egy k\u00f6tetbe gy\u0171jt\u00f6tt\u00e9k azokat a megnyilatkoz\u00e1sait, amelyeket a fiatalokhoz int\u00e9zett.\u00b3 A gy\u0171jt\u0151 munk\u00e1t nagyban seg\u00edtette a Magyar P\u00fcsps\u00f6ki Konferencia weboldal\u00e1n\u2074 tal\u00e1lhat\u00f3 k\u00f6nyvt\u00e1r, amely online hozz\u00e1f\u00e9r\u00e9st tesz lehet\u0151v\u00e9 a p\u00e1pai dokumentumok t\u00f6bbs\u00e9g\u00e9hez. A p\u00e1p\u00e1k \u00e1ltal a fiatalokr\u00f3l kialak\u00edtott k\u00e9pek seg\u00edtenek abban, hogy hogyan gondoljuk el a mai fiatalok \u00f6r\u00f6meit \u00e9s neh\u00e9zs\u00e9geit a kereszt\u00e9ny szeml\u00e9letben. Ugyanakkor a jelen kor t\u00e1rsadalma \u00e1ll\u00edtotta neh\u00e9zs\u00e9gekre is r\u00e1mutatnak egy-egy megnyilatkoz\u00e1sukban.<\/p>\n<p style=\"padding-left: 40px; text-align: justify;\">\u00b9 <em>Youcat: A Katolikus Egyh\u00e1z Ifj\u00fas\u00e1gi Katekizmusa. Kairosz, Budapest 2013.<\/em><br \/>\n<em>\u00b2 Evangelizzare i giovanni oggi. Il contributo di Benedetto XVI, Pontificio Consiglio per i Laici, Roma, 2012 ford.: K\u00e1m\u00e1n Veronika: A fiatalok evangeliz\u00e1ci\u00f3ja ma. Szemelv\u00e9nyek XVI. Benedek p\u00e1pa megnyilatkoz\u00e1saib\u00f3l Bp. 2014<\/em><br \/>\n<em>\u00b3 (szerk., ford.) T\u0151zs\u00e9r Endre: Ferenc P\u00e1pa: \u00d6lellek benneteket! Besz\u00e9dek fiatalokhoz. J\u00e9zus T\u00e1rsas\u00e1ga Magyarorsz\u00e1gi Rendtartom\u00e1ny, Budapest 2014.<\/em><br \/>\n<em>\u2074uj.katolikus.hu\/adattar.php?h=10 2017.04.20. 10:45.<\/em><\/p>\n<hr>\n<h3 style=\"text-align: center;\">3.<\/h3>\n<p style=\"text-align: justify;\"><strong>Ter\u00fcleti lehat\u00e1rolts\u00e1g:&nbsp;<\/strong>&nbsp; &nbsp; &nbsp; &nbsp; &nbsp; &nbsp; &nbsp; &nbsp; &nbsp; &nbsp; &nbsp; &nbsp; &nbsp; &nbsp; &nbsp; &nbsp; &nbsp; &nbsp; &nbsp; &nbsp; &nbsp; &nbsp; &nbsp; &nbsp; &nbsp; &nbsp; &nbsp; &nbsp; &nbsp; &nbsp; &nbsp; &nbsp; &nbsp; &nbsp; &nbsp; &nbsp; &nbsp; &nbsp; &nbsp; &nbsp; &nbsp; &nbsp; &nbsp; &nbsp; &nbsp; &nbsp; &nbsp; &nbsp; &nbsp; &nbsp; &nbsp; Az alaposabb \u00e9s re\u00e1lisabb helyzetk\u00e9phez sz\u00fcks\u00e9ges a ter\u00fcletenk\u00e9nti elemz\u00e9s, ami k\u00e9t f\u0151 ter\u00fcletet jelent: az egyik a sz\u00f3rv\u00e1nyter\u00fcletet k\u00e9pez\u0151 B\u00e9k\u00e9s megye, m\u00edg a m\u00e1sik a Szeged &#8211; Csan\u00e1di Egyh\u00e1zmegye centrum\u00e1t alkot\u00f3 Csongr\u00e1d megye. Ebben a felt\u00e9rk\u00e9pez\u00e9sben a n\u00e9psz\u00e1ml\u00e1l\u00e1si adatok \u00e9s f\u0151k\u00e9nt a 2013-ban kiadott Darvai Tibor \u00e1ltal k\u00e9sz\u00edtett 2012-es felm\u00e9r\u00e9se\u00b9 ny\u00fajt seg\u00edts\u00e9get, amely betekint\u00e9st enged a Katolikus Ifj\u00fas\u00e1gi Alap\u00edtv\u00e1ny \u00e1ltal szervezett katolikus ifj\u00fas\u00e1gi \u00e9letbe.<\/p>\n<p style=\"padding-left: 40px; text-align: justify;\">\u00b9<em>Darvai Tibor: K\u00f6z\u00e9piskol\u00e1sok szabadid\u0151s tev\u00e9kenys\u00e9ge, \u00e9rt\u00e9krendje \u00e9s j\u00f6v\u0151k\u00e9pe Csongr\u00e1d \u00e9s B\u00e9k\u00e9s megy\u00e9ben 2012. Katolikus Ifj\u00fas\u00e1gi Alap\u00edtv\u00e1ny, Szeged 2013.<\/em><\/p>\n<hr>\n<h3 style=\"text-align: center;\">4.<\/h3>\n<p style=\"text-align: justify;\"><strong>Szentsz\u00e9ki megnyilatkoz\u00e1sok a fiatalokkal kapcsolatban<\/strong><br \/>\nHa teljes k\u00e9pet szeretn\u00e9nk kapni a p\u00e1p\u00e1k v\u00e9lem\u00e9ny\u00e9r\u0151l a fiatalokat illet\u0151en, akkor legink\u00e1bb a p\u00e1pai megnyilatkoz\u00e1sokat kell alaposabban \u00e1ttekinteni. Jelen bejegyz\u00e9sben II. J\u00e1nos P\u00e1l p\u00e1p\u00e1t\u00f3l kezdve XVI. Benedeken \u00e1t Ferenc p\u00e1p\u00e1ig bez\u00e1r\u00f3lag vizsg\u00e1l\u00f3dhatunk. Fontos egy \u00f6sszef\u00fcgg\u00e9sben l\u00e1tni a h\u00e1rom p\u00e1pa tev\u00e9kenys\u00e9g\u00e9t \u00e9s megnyilatkoz\u00e1sait a fiatalokkal kapcsolatban. Ez\u00e9rt egys\u00e9ges t\u00e9m\u00e1kra (rem\u00e9nys\u00e9g &#8211; j\u00f6v\u0151 &#8211; gener\u00e1ci\u00f3k &#8211; kirekesztetts\u00e9g &#8211; az Egyh\u00e1z akt\u00edv tagj\u00e1nak lenni &#8211; a fiatalok k\u00eds\u00e9r\u00e9se \u00e9s meghallgat\u00e1sa &#8211; a fiatalok megsz\u00f3l\u00edt\u00e1sa napjainkban &#8211; a fiatalok jelenkori neh\u00e9zs\u00e9gei &#8211; a p\u00e1p\u00e1k k\u00e9r\u00e9sei a fiatalokt\u00f3l) kell bontani a k\u00fcl\u00f6nb\u00f6z\u0151 v\u00e9lem\u00e9nyeket \u00e9s megnyilatkoz\u00e1sokat. A legnagyobb horderej\u0171 megnyilatkoz\u00e1sok \u00e1ltal\u00e1ban az Ifj\u00fas\u00e1gi Vil\u00e1gtal\u00e1lkoz\u00f3k alkalm\u00e1val sz\u00fcletnek meg, de mindezeket kieg\u00e9sz\u00edtve fontos a m\u00e1s alkalmak sor\u00e1n sz\u00fcletett besz\u00e9deket, buzd\u00edt\u00e1sokat is megvizsg\u00e1lni.<\/p>\n<hr>\n<h3 style=\"text-align: center;\">5.<\/h3>\n<p style=\"text-align: justify;\"><strong>II. J\u00e1nos P\u00e1l p\u00e1pa a fiatalokr\u00f3l a fiatalokhoz<\/strong><br \/>\nA besz\u00e9dek \u00e9s megnyilatkoz\u00e1sok el\u0151tt mindenk\u00e9ppen meg kell eml\u00edteni II. J\u00e1nos P\u00e1l fiatalok\u00e9rt val\u00f3 tenni v\u00e1gy\u00e1s\u00e1t. 1984-ben \u00e9letre h\u00edvta a p\u00e1pa a ma is nagy hagyom\u00e1nynak \u00f6rvend\u0151 Katolikus Ifj\u00fas\u00e1gi Vil\u00e1gtal\u00e1lkoz\u00f3t\u00b9, amelyre a vil\u00e1g minden fiatalj\u00e1t megh\u00edvta \u00e9s 1985-t\u0151l hivatalosan is kezdem\u00e9nyezte az ifj\u00fas\u00e1gi vil\u00e1gnap rendszeres megtart\u00e1s\u00e1t.\u00b2 Ezek az alkalmak lehet\u0151s\u00e9get adnak a vil\u00e1g fiataljai sz\u00e1m\u00e1ra egyr\u00e9szt arra, hogy hit\u00fcket egy hatalmas egy\u00fctt mozg\u00f3, egy\u00fctt gondolkod\u00f3 t\u00f6megk\u00e9nt is meg\u00e9lhess\u00e9k. Tal\u00e1n ez az aspektus lehet a legfontosabb egy vil\u00e1gtal\u00e1lkoz\u00f3 kapcs\u00e1n. M\u00e1sr\u00e9szt a fiatalok k\u00f6zelebb ker\u00fclhetnek a p\u00e1p\u00e1hoz, l\u00e1thatj\u00e1k \u00e9l\u0151ben, amely a r\u00f3mai katolikus egyh\u00e1z fel\u00e9 val\u00f3 elk\u00f6telez\u0151d\u00e9s\u00fcket is er\u0151s\u00edti. Harmadr\u00e9szt pedig az ifj\u00fas\u00e1gi vil\u00e1gtal\u00e1lkoz\u00f3k lehet\u0151s\u00e9get adnak arra, hogy a vil\u00e1g fiatal kereszt\u00e9nyeinek t\u00f6bb gener\u00e1ci\u00f3ja tal\u00e1lkozhasson egym\u00e1ssal, \u00e9s egy\u00fctt hit\u00e9lm\u00e9nyekben r\u00e9szes\u00fclhessenek.\u00b3 V\u00e9g\u00fcl pedig ki kell mondanunk, hogy a tal\u00e1lkoz\u00f3kon r\u00e9szt vev\u0151 fiatalok egyben vil\u00e1got is l\u00e1tnak. Megismerkedhetnek m\u00e1s orsz\u00e1gok fiataljaival \u00e9s azok kult\u00far\u00e1j\u00e1val. A tal\u00e1lkoz\u00f3k n\u00e9pszer\u0171s\u00e9g\u00e9t j\u00f3l mutatja a szervez\u00e9si id\u0151pontok s\u0171r\u0171s\u00e9ge \u00e9s a r\u00e9sztvev\u0151k l\u00e9tsz\u00e1ma, amely gyakran 1 milli\u00f3 f\u0151 k\u00f6zeli, s\u0151t olykor t\u00fal is l\u00e9pi azt.\u2074 Tov\u00e1bb\u00e1 az is a tal\u00e1lkoz\u00f3k fontoss\u00e1g\u00e1ra utal, hogy a P\u00e9teri sz\u00e9kben II. J\u00e1nos P\u00e1l p\u00e1p\u00e1t k\u00f6vet\u0151 XVI. Benedek \u00e9s Ferenc p\u00e1pa is tov\u00e1bb \u00e9lteti ezt a kezdem\u00e9nyez\u00e9st a szem\u00e9lyes jelenl\u00e9t\u00fckkel.<\/p>\n<p style=\"padding-left: 40px; text-align: justify;\">\n<em>\u00b9A k\u00f6vetkez\u0151 \u00e9vekben \u00e9s helysz\u00edneken rendeztek m\u00e1r Katolikus Ifj\u00fas\u00e1gi Vil\u00e1gtal\u00e1lkoz\u00f3kat:<\/em><br \/>\n<em>1984 R\u00f3ma, 1985 R\u00f3ma, 1986 R\u00f3ma, 1987Buenos Aires, 1989 Santiago de Compostela, 1991 Czestochowa, 1993 Denver, 1995 Manila, 1997 P\u00e1rizs, 2000 R\u00f3ma, 2002 Toronto, 2005 K\u00f6ln, 2008 Sydney, 2011 Madrid, 2013 Rio de Janeiro, 2016 Krakk\u00f3 forr\u00e1s: http:\/\/www.vatican.va\/gmg\/documents\/gmg_chronicle-wyd_20020325_en.html 2015.01.22. 14:58.<\/em><br \/>\n<em>\u00b2 T\u0151zs\u00e9r 2014:18.&nbsp; &nbsp; &nbsp; &nbsp; &nbsp; &nbsp; &nbsp; &nbsp; &nbsp; &nbsp; &nbsp; &nbsp; &nbsp; &nbsp; &nbsp; &nbsp; &nbsp; &nbsp; &nbsp; &nbsp; &nbsp; &nbsp; &nbsp; &nbsp; &nbsp; &nbsp; &nbsp; &nbsp; &nbsp; &nbsp; &nbsp; &nbsp; &nbsp; &nbsp; &nbsp; &nbsp; &nbsp; &nbsp; &nbsp; &nbsp; &nbsp; &nbsp; &nbsp; &nbsp; &nbsp; &nbsp; &nbsp; &nbsp; &nbsp; \u00b3&nbsp;XVI. Benedek 2010.<\/em><br \/>\n<em>\u2074 Buenos Aires 1.000.000, Czestochowa 1.600.000, Manila 5.000.000, P\u00e1rizs 1.200.000, R\u00f3ma 2.000.000, K\u00f6ln 1.200.000, Madrid 1.400.000<\/em><\/p>\n<p>&nbsp;<\/p>\n ","protected":false},"excerpt":{"rendered":"<p>1. Ifj\u00fas\u00e1gpasztor\u00e1ci\u00f3 a tudom\u00e1nyos medodika szempontj\u00e1b\u00f3l Az ifj\u00fas\u00e1gpasztor\u00e1ci\u00f3t tekintve \u00fatkeres\u0151 f\u00e1zisban van a Magyar Katolikus Egyh\u00e1z. Erre az \u00fatkeres\u00e9sre v\u00e1laszk\u00e9nt sz\u00fcletett meg az MKPK Ifj\u00fas\u00e1gi Bizotts\u00e1g\u00e1nak tanulm\u00e1nya: A fiatalok evangeliz\u00e1ci\u00f3ja ma c\u00edmmel. Az egyh\u00e1zmegy\u00e9k t\u00f6bbs\u00e9g\u00e9ben \u00f6szt\u00f6nszer\u0171en v\u00e9gzik a pasztor\u00e1ci\u00f3nak az ifj\u00fas\u00e1ggal foglalkoz\u00f3 szegmens\u00e9t. Ez azt jelenti, hogy \u00e9vek \u00f3ta ugyan abban a strukt\u00far\u00e1ban gondolkoznak, ami&hellip; <br \/> <a class=\"read-more\" href=\"https:\/\/ipcszeged.hu\/index.php\/projektjeink\/transznacionalis-egyuttmukodesek-efop-5-2-2-17-2017-00126\/bejegyzesek\/a-szentszek-megnyilatkozasai-a-fiatalokkal-kapcsolatban\/\">Read more<\/a><\/p>\n","protected":false},"author":1,"featured_media":0,"parent":16477,"menu_order":4,"comment_status":"closed","ping_status":"closed","template":"","meta":{"ngg_post_thumbnail":0,"footnotes":""},"class_list":["post-16489","page","type-page","status-publish","hentry"],"_links":{"self":[{"href":"https:\/\/ipcszeged.hu\/index.php\/wp-json\/wp\/v2\/pages\/16489","targetHints":{"allow":["GET"]}}],"collection":[{"href":"https:\/\/ipcszeged.hu\/index.php\/wp-json\/wp\/v2\/pages"}],"about":[{"href":"https:\/\/ipcszeged.hu\/index.php\/wp-json\/wp\/v2\/types\/page"}],"author":[{"embeddable":true,"href":"https:\/\/ipcszeged.hu\/index.php\/wp-json\/wp\/v2\/users\/1"}],"replies":[{"embeddable":true,"href":"https:\/\/ipcszeged.hu\/index.php\/wp-json\/wp\/v2\/comments?post=16489"}],"version-history":[{"count":2,"href":"https:\/\/ipcszeged.hu\/index.php\/wp-json\/wp\/v2\/pages\/16489\/revisions"}],"predecessor-version":[{"id":16493,"href":"https:\/\/ipcszeged.hu\/index.php\/wp-json\/wp\/v2\/pages\/16489\/revisions\/16493"}],"up":[{"embeddable":true,"href":"https:\/\/ipcszeged.hu\/index.php\/wp-json\/wp\/v2\/pages\/16477"}],"wp:attachment":[{"href":"https:\/\/ipcszeged.hu\/index.php\/wp-json\/wp\/v2\/media?parent=16489"}],"curies":[{"name":"wp","href":"https:\/\/api.w.org\/{rel}","templated":true}]}}