{"id":16466,"date":"2020-04-14T17:41:38","date_gmt":"2020-04-14T17:41:38","guid":{"rendered":"http:\/\/www.ipcszeged.hu\/?page_id=16466"},"modified":"2022-10-20T09:25:41","modified_gmt":"2022-10-20T08:25:41","slug":"modszertani-ajanlas","status":"publish","type":"page","link":"https:\/\/ipcszeged.hu\/index.php\/projektjeink\/transznacionalis-egyuttmukodesek-efop-5-2-2-17-2017-00126\/ifjusagpasztoracios-kutatasa\/modszertani-ajanlas\/","title":{"rendered":"M\u00f3dszertani aj\u00e1nl\u00e1s"},"content":{"rendered":"<p>A Kutat\u00e1si Z\u00e1r\u00f3jelent\u00e9s teljes eg\u00e9sze al\u00e1bb olvashat\u00f3 lapozhat\u00f3 PDF form\u00e1tumban.<\/p>\n<p>Amennyiben a weboldal nem t\u00f6lt\u0151dik be megfelel\u0151en, vagy a lasabb kapcsolati sebess\u00e9g miatt nem jelenik meg megfelel\u0151en a lapozhat\u00f3 PDF dokumentum, abban az esetben a Z\u00e1r\u00f3jelent\u00e9s anyaga let\u00f6lthet\u0151 PDF form\u00e1tumban is hozz\u00e1f\u00e9rhet\u0151:<a href=\"http:\/\/www.ipcszeged.hu\/index.php\/transznacionalis-egyuttmukodesek-efop-5-2-2-17-2017-00126\/ifjusagpasztoracios-kutatasa\/modszertani-ajanlas\/\">Ifj\u00fas\u00e1gpasztor\u00e1ci\u00f3s_kutat\u00e1s_m\u00f3dszertani_gy\u0171jtem\u00e9ny_szegedcsan\u00e1d_20200218<\/a><\/p>\n<div class=\"_3d-flip-book  fb3d-fullscreen-mode full-size\" data-id=\"17974\" data-mode=\"fullscreen\" data-title=\"false\" data-template=\"short-white-book-view\" data-lightbox=\"dark-shadow\" data-urlparam=\"fb3d-page\" data-page-n=\"0\" data-pdf=\"\" data-tax=\"null\" data-thumbnail=\"\" data-cols=\"3\" data-book-template=\"default\" data-trigger=\"\"><\/div><script type=\"text\/javascript\">window.FB3D_CLIENT_DATA = window.FB3D_CLIENT_DATA || [];FB3D_CLIENT_DATA.push('eyJwb3N0cyI6eyIxNzk3NCI6eyJJRCI6MTc5NzQsInRpdGxlIjoiSWZqXHUwMGZhc1x1MDBlMWdwb2xpdGlrYWkgS3V0YXRcdTAwZTFzIC0gTVx1MDBmM2RzemVydGFuaSBhalx1MDBlMW5sXHUwMGUxcyIsInR5cGUiOiJwZGYiLCJyZWFkeV9mdW5jdGlvbiI6IiIsImJvb2tfc3R5bGUiOiJmbGF0IiwiYm9va190ZW1wbGF0ZSI6Im5vbmUiLCJvdXRsaW5lIjpbXSwiZGF0YSI6eyJwb3N0X0lEIjoiMTY0NzAiLCJndWlkIjoiaHR0cHM6XC9cL2lwY3N6ZWdlZC5odVwvd3AtY29udGVudFwvdXBsb2Fkc1wvMjAyMFwvMDRcL0lmalx1MDBmYXNcdTAwZTFncG9saXRpa2FpX2t1dGF0XHUwMGUxc19tXHUwMGYzZHN6ZXJ0YW5pX2d5XHUwMTcxanRlbVx1MDBlOW55X2ZpbmFsXzIwMjAwMjE4LnBkZiIsInBkZl9wYWdlcyI6IjEzNCIsInBhZ2VzX2N1c3RvbWl6YXRpb24iOiJub25lIn0sInRodW1ibmFpbCI6eyJkYXRhIjp7InBvc3RfSUQiOiIwIn0sInR5cGUiOiJhdXRvIn0sInByb3BzIjp7ImNhY2hlZFBhZ2VzIjoiYXV0byIsInJlbmRlckluYWN0aXZlUGFnZXMiOiJhdXRvIiwicmVuZGVySW5hY3RpdmVQYWdlc09uTW9iaWxlIjoiYXV0byIsInJlbmRlcldoaWxlRmxpcHBpbmciOiJhdXRvIiwicHJlbG9hZFBhZ2VzIjoiYXV0byIsInJ0bCI6ImF1dG8iLCJpbnRlcmFjdGl2ZUNvcm5lcnMiOiJhdXRvIiwic2hlZXQiOnsic3RhcnRWZWxvY2l0eSI6ImF1dG8iLCJ3YXZlIjoiYXV0byIsInNoYXBlIjoiYXV0byIsIndpZHRoVGV4ZWxzIjoiYXV0byIsImNvbG9yIjoiYXV0byIsInNpZGUiOiJhdXRvIiwiY29ybmVyRGV2aWF0aW9uIjoiYXV0byIsImZsZXhpYmlsaXR5IjoiYXV0byIsImZsZXhpYmxlQ29ybmVyIjoiYXV0byIsImJlbmRpbmciOiJhdXRvIiwiaGVpZ2h0VGV4ZWxzIjoiYXV0byJ9LCJjb3ZlciI6eyJ3YXZlIjoiYXV0byIsImNvbG9yIjoiYXV0byIsImJpbmRlclRleHR1cmUiOiJhdXRvIiwiZGVwdGgiOiJhdXRvIiwicGFkZGluZyI6ImF1dG8iLCJzdGFydFZlbG9jaXR5IjoiYXV0byIsImZsZXhpYmlsaXR5IjoiYXV0byIsImZsZXhpYmxlQ29ybmVyIjoiYXV0byIsImJlbmRpbmciOiJhdXRvIiwid2lkdGhUZXhlbHMiOiJhdXRvIiwiaGVpZ2h0VGV4ZWxzIjoiYXV0byIsIm1hc3MiOiJhdXRvIiwic2lkZSI6ImF1dG8iLCJzaGFwZSI6ImF1dG8ifSwicGFnZSI6eyJ3YXZlIjoiYXV0byIsImNvbG9yIjoiYXV0byIsImRlcHRoIjoiYXV0byIsInN0YXJ0VmVsb2NpdHkiOiJhdXRvIiwiZmxleGliaWxpdHkiOiJhdXRvIiwiZmxleGlibGVDb3JuZXIiOiJhdXRvIiwiYmVuZGluZyI6ImF1dG8iLCJ3aWR0aFRleGVscyI6ImF1dG8iLCJoZWlnaHRUZXhlbHMiOiJhdXRvIiwibWFzcyI6ImF1dG8iLCJzaWRlIjoiYXV0byIsInNoYXBlIjoiYXV0byJ9LCJoZWlnaHQiOiJhdXRvIiwid2lkdGgiOiJhdXRvIiwiZ3Jhdml0eSI6ImF1dG8iLCJwYWdlc0ZvclByZWRpY3RpbmciOiJhdXRvIn0sImNvbnRyb2xQcm9wcyI6eyJhY3Rpb25zIjp7ImNtZFNhdmUiOnsiZW5hYmxlZCI6ImF1dG8iLCJlbmFibGVkSW5OYXJyb3ciOiJhdXRvIn0sImNtZFByaW50Ijp7ImVuYWJsZWQiOiJhdXRvIiwiZW5hYmxlZEluTmFycm93IjoiYXV0byJ9LCJjbWRTaW5nbGVQYWdlIjp7ImVuYWJsZWQiOiJhdXRvIiwiZW5hYmxlZEluTmFycm93IjoiYXV0byIsImFjdGl2ZSI6ImF1dG8iLCJhY3RpdmVGb3JNb2JpbGUiOiJhdXRvIn19fSwiYXV0b1RodW1ibmFpbCI6Imh0dHBzOlwvXC9pcGNzemVnZWQuaHVcL3dwLWNvbnRlbnRcL3VwbG9hZHNcLzNkLWZsaXAtYm9va1wvYXV0by10aHVtYm5haWxzXC8xNzk3NC5wbmciLCJwb3N0X25hbWUiOiJpZmp1c2FncG9saXRpa2FpLWt1dGF0YXMtbW9kc3plcnRhbmktYWphbmxhcyIsInBvc3RfdHlwZSI6IjNkLWZsaXAtYm9vayJ9fSwicGFnZXMiOltdLCJmaXJzdFBhZ2VzIjpbXX0=');window.FB3D_CLIENT_LOCALE && FB3D_CLIENT_LOCALE.render && FB3D_CLIENT_LOCALE.render();<\/script>\n ","protected":false},"excerpt":{"rendered":"<p>A Kutat\u00e1si Z\u00e1r\u00f3jelent\u00e9s teljes eg\u00e9sze al\u00e1bb olvashat\u00f3 lapozhat\u00f3 PDF form\u00e1tumban. Amennyiben a weboldal nem t\u00f6lt\u0151dik be megfelel\u0151en, vagy a lasabb kapcsolati sebess\u00e9g miatt nem jelenik meg megfelel\u0151en a lapozhat\u00f3 PDF dokumentum, abban az esetben a Z\u00e1r\u00f3jelent\u00e9s anyaga let\u00f6lthet\u0151 PDF form\u00e1tumban is hozz\u00e1f\u00e9rhet\u0151:Ifj\u00fas\u00e1gpasztor\u00e1ci\u00f3s_kutat\u00e1s_m\u00f3dszertani_gy\u0171jtem\u00e9ny_szegedcsan\u00e1d_20200218<\/p>\n","protected":false},"author":1,"featured_media":0,"parent":16459,"menu_order":1,"comment_status":"closed","ping_status":"closed","template":"","meta":{"ngg_post_thumbnail":0,"footnotes":""},"class_list":["post-16466","page","type-page","status-publish","hentry"],"_links":{"self":[{"href":"https:\/\/ipcszeged.hu\/index.php\/wp-json\/wp\/v2\/pages\/16466","targetHints":{"allow":["GET"]}}],"collection":[{"href":"https:\/\/ipcszeged.hu\/index.php\/wp-json\/wp\/v2\/pages"}],"about":[{"href":"https:\/\/ipcszeged.hu\/index.php\/wp-json\/wp\/v2\/types\/page"}],"author":[{"embeddable":true,"href":"https:\/\/ipcszeged.hu\/index.php\/wp-json\/wp\/v2\/users\/1"}],"replies":[{"embeddable":true,"href":"https:\/\/ipcszeged.hu\/index.php\/wp-json\/wp\/v2\/comments?post=16466"}],"version-history":[{"count":3,"href":"https:\/\/ipcszeged.hu\/index.php\/wp-json\/wp\/v2\/pages\/16466\/revisions"}],"predecessor-version":[{"id":17976,"href":"https:\/\/ipcszeged.hu\/index.php\/wp-json\/wp\/v2\/pages\/16466\/revisions\/17976"}],"up":[{"embeddable":true,"href":"https:\/\/ipcszeged.hu\/index.php\/wp-json\/wp\/v2\/pages\/16459"}],"wp:attachment":[{"href":"https:\/\/ipcszeged.hu\/index.php\/wp-json\/wp\/v2\/media?parent=16466"}],"curies":[{"name":"wp","href":"https:\/\/api.w.org\/{rel}","templated":true}]}}