{"id":16426,"date":"2020-03-04T08:18:48","date_gmt":"2020-03-04T08:18:48","guid":{"rendered":"http:\/\/www.ipcszeged.hu\/?page_id=16426"},"modified":"2020-08-19T11:55:31","modified_gmt":"2020-08-19T11:55:31","slug":"nagybojti-fuzet-2020","status":"publish","type":"page","link":"https:\/\/ipcszeged.hu\/index.php\/letoltesek\/segedanyagok\/nagybojt\/nagybojti-fuzet-2020\/","title":{"rendered":"Nagyb\u00f6jti F\u00fczet 2020"},"content":{"rendered":"<p><div class='embed-container'><div data-url=\"https:\/\/issuu.com\/kompabh\/docs\/nagyb_jti_f_zet_lapozhat_\" style=\"width: 1437px; height: 1080px;\" class=\"issuuembed\"><\/div><script type=\"text\/javascript\" src=\"\/\/e.issuu.com\/embed.js\" async=\"true\"><\/script><\/div><\/p>\n<p>Amennyiben nem jelenik meg helyesen a Nagyb\u00f6jti F\u00fczet let\u00f6lthet\u0151 PDF form\u00e1tumban is: <a href=\"http:\/\/www.ipcszeged.hu\/wp-content\/uploads\/2020\/03\/Nagyb\u00f6jti-f\u00fczet-lapozhat\u00f3.pdf\">Nagyb\u00f6jti f\u00fczet lapozhat\u00f3<\/a><\/p>\n\n\n<p><\/p>\n ","protected":false},"excerpt":{"rendered":"<p>Amennyiben nem jelenik meg helyesen a Nagyb\u00f6jti F\u00fczet let\u00f6lthet\u0151 PDF form\u00e1tumban is: Nagyb\u00f6jti f\u00fczet lapozhat\u00f3<\/p>\n","protected":false},"author":1,"featured_media":0,"parent":729,"menu_order":4,"comment_status":"closed","ping_status":"closed","template":"","meta":{"ngg_post_thumbnail":0,"footnotes":""},"class_list":["post-16426","page","type-page","status-publish","hentry"],"_links":{"self":[{"href":"https:\/\/ipcszeged.hu\/index.php\/wp-json\/wp\/v2\/pages\/16426","targetHints":{"allow":["GET"]}}],"collection":[{"href":"https:\/\/ipcszeged.hu\/index.php\/wp-json\/wp\/v2\/pages"}],"about":[{"href":"https:\/\/ipcszeged.hu\/index.php\/wp-json\/wp\/v2\/types\/page"}],"author":[{"embeddable":true,"href":"https:\/\/ipcszeged.hu\/index.php\/wp-json\/wp\/v2\/users\/1"}],"replies":[{"embeddable":true,"href":"https:\/\/ipcszeged.hu\/index.php\/wp-json\/wp\/v2\/comments?post=16426"}],"version-history":[{"count":5,"href":"https:\/\/ipcszeged.hu\/index.php\/wp-json\/wp\/v2\/pages\/16426\/revisions"}],"predecessor-version":[{"id":16435,"href":"https:\/\/ipcszeged.hu\/index.php\/wp-json\/wp\/v2\/pages\/16426\/revisions\/16435"}],"up":[{"embeddable":true,"href":"https:\/\/ipcszeged.hu\/index.php\/wp-json\/wp\/v2\/pages\/729"}],"wp:attachment":[{"href":"https:\/\/ipcszeged.hu\/index.php\/wp-json\/wp\/v2\/media?parent=16426"}],"curies":[{"name":"wp","href":"https:\/\/api.w.org\/{rel}","templated":true}]}}