{"id":16408,"date":"2019-11-13T08:25:05","date_gmt":"2019-11-13T08:25:05","guid":{"rendered":"http:\/\/www.ipcszeged.hu\/?page_id=16408"},"modified":"2019-11-13T08:25:07","modified_gmt":"2019-11-13T08:25:07","slug":"onkentesek-regisztracioja","status":"publish","type":"page","link":"https:\/\/ipcszeged.hu\/index.php\/programok-ahol-megtalalsz-bennunket\/adventfeszt-2019\/onkentesek-regisztracioja\/","title":{"rendered":"\u00d6nk\u00e9ntesek regisztr\u00e1ci\u00f3ja"},"content":{"rendered":"\n<h2 class=\"wp-block-heading\">               Jelentkezz \u00d6nk\u00e9ntesnek Te is!<\/h2>\n\n\n\n<h2 class=\"wp-block-heading\">                  Mindenkire sz\u00fcks\u00e9g van!<\/h2>\n\n\n<iframe loading=\"lazy\" src=\"https:\/\/docs.google.com\/forms\/d\/e\/1FAIpQLSeKywEKrv0s032WWYvPcfTbmecjvqAG32cJfYDGBe3P8r_5HQ\/viewform?embedded=true\" width=\"640\" height=\"2809\" frameborder=\"0\" marginheight=\"0\" marginwidth=\"0\">Bet\u00f6lt\u00e9s\u2026<\/iframe> ","protected":false},"excerpt":{"rendered":"<p>Jelentkezz \u00d6nk\u00e9ntesnek Te is! Mindenkire sz\u00fcks\u00e9g van! Bet\u00f6lt\u00e9s\u2026<\/p>\n","protected":false},"author":1,"featured_media":0,"parent":16406,"menu_order":0,"comment_status":"closed","ping_status":"closed","template":"","meta":{"ngg_post_thumbnail":0,"footnotes":""},"class_list":["post-16408","page","type-page","status-publish","hentry"],"_links":{"self":[{"href":"https:\/\/ipcszeged.hu\/index.php\/wp-json\/wp\/v2\/pages\/16408","targetHints":{"allow":["GET"]}}],"collection":[{"href":"https:\/\/ipcszeged.hu\/index.php\/wp-json\/wp\/v2\/pages"}],"about":[{"href":"https:\/\/ipcszeged.hu\/index.php\/wp-json\/wp\/v2\/types\/page"}],"author":[{"embeddable":true,"href":"https:\/\/ipcszeged.hu\/index.php\/wp-json\/wp\/v2\/users\/1"}],"replies":[{"embeddable":true,"href":"https:\/\/ipcszeged.hu\/index.php\/wp-json\/wp\/v2\/comments?post=16408"}],"version-history":[{"count":1,"href":"https:\/\/ipcszeged.hu\/index.php\/wp-json\/wp\/v2\/pages\/16408\/revisions"}],"predecessor-version":[{"id":16409,"href":"https:\/\/ipcszeged.hu\/index.php\/wp-json\/wp\/v2\/pages\/16408\/revisions\/16409"}],"up":[{"embeddable":true,"href":"https:\/\/ipcszeged.hu\/index.php\/wp-json\/wp\/v2\/pages\/16406"}],"wp:attachment":[{"href":"https:\/\/ipcszeged.hu\/index.php\/wp-json\/wp\/v2\/media?parent=16408"}],"curies":[{"name":"wp","href":"https:\/\/api.w.org\/{rel}","templated":true}]}}