{"id":16406,"date":"2019-11-13T08:23:19","date_gmt":"2019-11-13T08:23:19","guid":{"rendered":"http:\/\/www.ipcszeged.hu\/?page_id=16406"},"modified":"2020-03-04T08:10:35","modified_gmt":"2020-03-04T08:10:35","slug":"adventfeszt-2019","status":"publish","type":"page","link":"https:\/\/ipcszeged.hu\/index.php\/programok-ahol-megtalalsz-bennunket\/adventfeszt-2019\/","title":{"rendered":"ADVENTfeszt 2019"},"content":{"rendered":"<h4 style=\"text-align: justify;\">Jelentkezz Te is az iskol\u00e1ddal az idei \u00e9v december\u00e9nek legnagyobb esem\u00e9ny\u00e9re, amelyet a Szeged-Csan\u00e1di Egyh\u00e1zmegy\u00e9ben szerveznek.<\/h4>\n<h5 style=\"text-align: justify;\">Jelentkez\u00e9si felt\u00e9telek:<\/h5>\n<ul style=\"text-align: justify;\">\n<li>\n<h5>csoportos jelentkez\u00e9s az iskol\u00e1kon \u00e9s a hittanos csoportokon kereszt\u00fcl<\/h5>\n<\/li>\n<li>\n<h5>korhat\u00e1r 13-18 \u00e9v<\/h5>\n<\/li>\n<li>\n<h5>Kattints \u00e9s regisztr\u00e1lj&nbsp;<\/h5>\n<\/li>\n<li>\n<h5>Regisztr\u00e1ci\u00f3s hat\u00e1rid\u0151 2019. november 15. p\u00e9ntek&nbsp;<\/h5>\n<\/li>\n<\/ul>\n<p style=\"text-align: justify;\">&nbsp;<\/p>\n<p><iframe loading=\"lazy\" src=\"https:\/\/docs.google.com\/forms\/d\/e\/1FAIpQLSfdmIYG2IwkNGWA1S9fXOQFQRPBHL6mv6C2CWW-tOxGFMRXxg\/viewform?embedded=true\" width=\"640\" height=\"2300\" frameborder=\"0\" marginheight=\"0\" marginwidth=\"0\">Bet\u00f6lt\u00e9s\u2026<\/iframe><\/p>\n ","protected":false},"excerpt":{"rendered":"<p>Jelentkezz Te is az iskol\u00e1ddal az idei \u00e9v december\u00e9nek legnagyobb esem\u00e9ny\u00e9re, amelyet a Szeged-Csan\u00e1di Egyh\u00e1zmegy\u00e9ben szerveznek. Jelentkez\u00e9si felt\u00e9telek: csoportos jelentkez\u00e9s az iskol\u00e1kon \u00e9s a hittanos csoportokon kereszt\u00fcl korhat\u00e1r 13-18 \u00e9v Kattints \u00e9s regisztr\u00e1lj&nbsp; Regisztr\u00e1ci\u00f3s hat\u00e1rid\u0151 2019. november 15. p\u00e9ntek&nbsp; &nbsp; Bet\u00f6lt\u00e9s\u2026<\/p>\n","protected":false},"author":1,"featured_media":0,"parent":162,"menu_order":14,"comment_status":"closed","ping_status":"closed","template":"","meta":{"ngg_post_thumbnail":0,"footnotes":""},"class_list":["post-16406","page","type-page","status-publish","hentry"],"_links":{"self":[{"href":"https:\/\/ipcszeged.hu\/index.php\/wp-json\/wp\/v2\/pages\/16406","targetHints":{"allow":["GET"]}}],"collection":[{"href":"https:\/\/ipcszeged.hu\/index.php\/wp-json\/wp\/v2\/pages"}],"about":[{"href":"https:\/\/ipcszeged.hu\/index.php\/wp-json\/wp\/v2\/types\/page"}],"author":[{"embeddable":true,"href":"https:\/\/ipcszeged.hu\/index.php\/wp-json\/wp\/v2\/users\/1"}],"replies":[{"embeddable":true,"href":"https:\/\/ipcszeged.hu\/index.php\/wp-json\/wp\/v2\/comments?post=16406"}],"version-history":[{"count":1,"href":"https:\/\/ipcszeged.hu\/index.php\/wp-json\/wp\/v2\/pages\/16406\/revisions"}],"predecessor-version":[{"id":16407,"href":"https:\/\/ipcszeged.hu\/index.php\/wp-json\/wp\/v2\/pages\/16406\/revisions\/16407"}],"up":[{"embeddable":true,"href":"https:\/\/ipcszeged.hu\/index.php\/wp-json\/wp\/v2\/pages\/162"}],"wp:attachment":[{"href":"https:\/\/ipcszeged.hu\/index.php\/wp-json\/wp\/v2\/media?parent=16406"}],"curies":[{"name":"wp","href":"https:\/\/api.w.org\/{rel}","templated":true}]}}