{"id":16224,"date":"2019-07-29T13:14:10","date_gmt":"2019-07-29T13:14:10","guid":{"rendered":"http:\/\/www.ipcszeged.hu\/?page_id=16224"},"modified":"2019-09-10T12:18:29","modified_gmt":"2019-09-10T12:18:29","slug":"program-2019","status":"publish","type":"page","link":"https:\/\/ipcszeged.hu\/index.php\/programok-ahol-megtalalsz-bennunket\/szent-gellert-ifjusagi-talalkozo\/gellert-nap19\/program-2019\/","title":{"rendered":"Program 2019"},"content":{"rendered":"<h4>9:00-10:00 Regisztr\u00e1ci\u00f3 \u00e9s gy\u00fclekez\u0151 a quadrumban&nbsp;<\/h4>\n<h4>10:00 K\u00f6sz\u00f6nt\u0151<\/h4>\n<h4>10:15-10:30 Gyulay Endre p\u00fcsp\u00f6k atya reggeli elm\u00e9lked\u00e9se&nbsp;<\/h4>\n<h4>10:35 &#8211; 11:15 H\u00edvva vagy&#8230;. &#8211; Gersei Csenge insta blogger, egyetemista el\u0151ad\u00e1sa<\/h4>\n<h4>11:30 &#8211; 12:55 A t\u00e9ma kiscsoportos feldolgoz\u00e1sa a Karolina Iskola termeiben&nbsp;<\/h4>\n<h4>13:00 Eb\u00e9d a quadrumban&nbsp;<\/h4>\n<h4>13:45 D\u00e9lut\u00e1ni j\u00e1t\u00e9kos forgatag<\/h4>\n<h4>15:00 \u00c9nekpr\u00f3ba \u00e9s Szentmise<\/h4>\n<p>A nap 16:30- kor z\u00e1rul a szentmise \u00e1ld\u00e1s\u00e1val.&nbsp;<\/p>\n<p>**A programv\u00e1ltoz\u00e1s jog\u00e1t fenntartjuk.<\/p>\n ","protected":false},"excerpt":{"rendered":"<p>9:00-10:00 Regisztr\u00e1ci\u00f3 \u00e9s gy\u00fclekez\u0151 a quadrumban&nbsp; 10:00 K\u00f6sz\u00f6nt\u0151 10:15-10:30 Gyulay Endre p\u00fcsp\u00f6k atya reggeli elm\u00e9lked\u00e9se&nbsp; 10:35 &#8211; 11:15 H\u00edvva vagy&#8230;. &#8211; Gersei Csenge insta blogger, egyetemista el\u0151ad\u00e1sa 11:30 &#8211; 12:55 A t\u00e9ma kiscsoportos feldolgoz\u00e1sa a Karolina Iskola termeiben&nbsp; 13:00 Eb\u00e9d a quadrumban&nbsp; 13:45 D\u00e9lut\u00e1ni j\u00e1t\u00e9kos forgatag 15:00 \u00c9nekpr\u00f3ba \u00e9s Szentmise A nap 16:30- kor z\u00e1rul&hellip; <br \/> <a class=\"read-more\" href=\"https:\/\/ipcszeged.hu\/index.php\/programok-ahol-megtalalsz-bennunket\/szent-gellert-ifjusagi-talalkozo\/gellert-nap19\/program-2019\/\">Read more<\/a><\/p>\n","protected":false},"author":1,"featured_media":0,"parent":16218,"menu_order":1,"comment_status":"closed","ping_status":"closed","template":"","meta":{"ngg_post_thumbnail":0,"footnotes":""},"class_list":["post-16224","page","type-page","status-publish","hentry"],"_links":{"self":[{"href":"https:\/\/ipcszeged.hu\/index.php\/wp-json\/wp\/v2\/pages\/16224","targetHints":{"allow":["GET"]}}],"collection":[{"href":"https:\/\/ipcszeged.hu\/index.php\/wp-json\/wp\/v2\/pages"}],"about":[{"href":"https:\/\/ipcszeged.hu\/index.php\/wp-json\/wp\/v2\/types\/page"}],"author":[{"embeddable":true,"href":"https:\/\/ipcszeged.hu\/index.php\/wp-json\/wp\/v2\/users\/1"}],"replies":[{"embeddable":true,"href":"https:\/\/ipcszeged.hu\/index.php\/wp-json\/wp\/v2\/comments?post=16224"}],"version-history":[{"count":2,"href":"https:\/\/ipcszeged.hu\/index.php\/wp-json\/wp\/v2\/pages\/16224\/revisions"}],"predecessor-version":[{"id":16317,"href":"https:\/\/ipcszeged.hu\/index.php\/wp-json\/wp\/v2\/pages\/16224\/revisions\/16317"}],"up":[{"embeddable":true,"href":"https:\/\/ipcszeged.hu\/index.php\/wp-json\/wp\/v2\/pages\/16218"}],"wp:attachment":[{"href":"https:\/\/ipcszeged.hu\/index.php\/wp-json\/wp\/v2\/media?parent=16224"}],"curies":[{"name":"wp","href":"https:\/\/api.w.org\/{rel}","templated":true}]}}