{"id":16039,"date":"2019-07-10T10:27:46","date_gmt":"2019-07-10T10:27:46","guid":{"rendered":"http:\/\/www.ipcszeged.hu\/?page_id=16039"},"modified":"2019-07-10T10:27:47","modified_gmt":"2019-07-10T10:27:47","slug":"galeria","status":"publish","type":"page","link":"https:\/\/ipcszeged.hu\/index.php\/programok-ahol-megtalalsz-bennunket\/egyhazmegyei-nyari-tabor\/xvi-egyhazmegyei-nyari-tabor\/galeria\/","title":{"rendered":"Gal\u00e9ria"},"content":{"rendered":"<h3 style=\"text-align: center;\">XVI. EGYH\u00c1ZMEGYEI NY\u00c1RI T\u00c1BOR &#8211; 2019 K\u00c9PEKBEN<\/h3>\n\n\nngg_shortcode_0_placeholder\n ","protected":false},"excerpt":{"rendered":"<p>XVI. EGYH\u00c1ZMEGYEI NY\u00c1RI T\u00c1BOR &#8211; 2019 K\u00c9PEKBEN<\/p>\n","protected":false},"author":1,"featured_media":0,"parent":15970,"menu_order":0,"comment_status":"closed","ping_status":"closed","template":"","meta":{"ngg_post_thumbnail":0,"footnotes":""},"class_list":["post-16039","page","type-page","status-publish","hentry"],"_links":{"self":[{"href":"https:\/\/ipcszeged.hu\/index.php\/wp-json\/wp\/v2\/pages\/16039","targetHints":{"allow":["GET"]}}],"collection":[{"href":"https:\/\/ipcszeged.hu\/index.php\/wp-json\/wp\/v2\/pages"}],"about":[{"href":"https:\/\/ipcszeged.hu\/index.php\/wp-json\/wp\/v2\/types\/page"}],"author":[{"embeddable":true,"href":"https:\/\/ipcszeged.hu\/index.php\/wp-json\/wp\/v2\/users\/1"}],"replies":[{"embeddable":true,"href":"https:\/\/ipcszeged.hu\/index.php\/wp-json\/wp\/v2\/comments?post=16039"}],"version-history":[{"count":1,"href":"https:\/\/ipcszeged.hu\/index.php\/wp-json\/wp\/v2\/pages\/16039\/revisions"}],"predecessor-version":[{"id":16204,"href":"https:\/\/ipcszeged.hu\/index.php\/wp-json\/wp\/v2\/pages\/16039\/revisions\/16204"}],"up":[{"embeddable":true,"href":"https:\/\/ipcszeged.hu\/index.php\/wp-json\/wp\/v2\/pages\/15970"}],"wp:attachment":[{"href":"https:\/\/ipcszeged.hu\/index.php\/wp-json\/wp\/v2\/media?parent=16039"}],"curies":[{"name":"wp","href":"https:\/\/api.w.org\/{rel}","templated":true}]}}