{"id":16023,"date":"2019-06-23T14:30:25","date_gmt":"2019-06-23T14:30:25","guid":{"rendered":"http:\/\/www.ipcszeged.hu\/?page_id=16023"},"modified":"2019-07-31T06:55:08","modified_gmt":"2019-07-31T06:55:08","slug":"video-projekt","status":"publish","type":"page","link":"https:\/\/ipcszeged.hu\/index.php\/projektjeink\/ifjusagi-projekt-efop-1-2-2-15-2016-00033\/video-projekt\/","title":{"rendered":"Vide\u00f3 projekt"},"content":{"rendered":"\n<figure class=\"wp-block-video\"><video height=\"1080\" style=\"aspect-ratio: 1920 \/ 1080;\" width=\"1920\" controls src=\"http:\/\/www.ipcszeged.hu\/wp-content\/uploads\/2019\/07\/1405976734.mp4\"><\/video><\/figure>\n\n\n\n<figure class=\"wp-block-embed-vimeo wp-block-embed is-type-video is-provider-vimeo wp-embed-aspect-16-9 wp-has-aspect-ratio\"><div class=\"wp-block-embed__wrapper\">\n<div class='embed-container'><iframe loading=\"lazy\" src=\"https:\/\/player.vimeo.com\/video\/348638966?dnt=1&#038;app_id=122963\" width=\"1920\" height=\"1080\" frameborder=\"0\" allow=\"autoplay; fullscreen\" allowfullscreen><\/iframe><\/div>\n<\/div><\/figure>\n\n\n\n<figure class=\"wp-block-video\"><video height=\"1080\" style=\"aspect-ratio: 1920 \/ 1080;\" width=\"1920\" controls src=\"http:\/\/www.ipcszeged.hu\/wp-content\/uploads\/2019\/04\/720p.mp4\"><\/video><\/figure>\n\n\n\n<figure class=\"wp-block-video\"><video height=\"1080\" style=\"aspect-ratio: 1920 \/ 1080;\" width=\"1920\" controls src=\"http:\/\/www.ipcszeged.hu\/wp-content\/uploads\/2019\/06\/Alexa-J\u00e1nos1.mp4\"><\/video><\/figure>\n\n\n\n<figure class=\"wp-block-video\"><video height=\"720\" style=\"aspect-ratio: 1280 \/ 720;\" width=\"1280\" controls src=\"http:\/\/www.ipcszeged.hu\/wp-content\/uploads\/2019\/04\/II.-hivogat\u00f3-film-T\u00e1bor-2019.mov\"><\/video><\/figure>\n\n\n\n<figure class=\"wp-block-video\"><video height=\"1080\" style=\"aspect-ratio: 1920 \/ 1080;\" width=\"1920\" controls src=\"http:\/\/www.ipcszeged.hu\/wp-content\/uploads\/2019\/06\/Farkas-Tibor2.mp4\"><\/video><\/figure>\n\n\n\n<figure class=\"wp-block-video\"><video height=\"1080\" style=\"aspect-ratio: 1920 \/ 1080;\" width=\"1920\" controls src=\"http:\/\/www.ipcszeged.hu\/wp-content\/uploads\/2019\/06\/Tapodi-Kriszti\u00e1n2.mp4\"><\/video><\/figure>\n\n\n\n<figure class=\"wp-block-video\"><video height=\"480\" style=\"aspect-ratio: 640 \/ 480;\" width=\"640\" controls src=\"http:\/\/www.ipcszeged.hu\/wp-content\/uploads\/2017\/04\/Hirling-Zsolt-tan\u00fas\u00e1gt\u00e9tele.mp4\"><\/video><\/figure>\n\n\n\n<figure class=\"wp-block-video\"><video height=\"1080\" style=\"aspect-ratio: 1920 \/ 1080;\" width=\"1920\" controls src=\"http:\/\/www.ipcszeged.hu\/wp-content\/uploads\/2018\/02\/Vitorla_2_a_k\u00f6z\u00f6ss\u00e9gvezet\u0151_k\u00e9pz\u0151-1.mov\"><\/video><\/figure>\n\n\n\n<figure class=\"wp-block-video\"><video height=\"1080\" style=\"aspect-ratio: 1920 \/ 1080;\" width=\"1920\" controls src=\"http:\/\/www.ipcszeged.hu\/wp-content\/uploads\/2019\/06\/Farkas-Tibor1.mp4\"><\/video><\/figure>\n\n\n\n<figure class=\"wp-block-video\"><video height=\"1080\" style=\"aspect-ratio: 1920 \/ 1080;\" width=\"1920\" controls src=\"http:\/\/www.ipcszeged.hu\/wp-content\/uploads\/2019\/06\/Tapodi-Kriszti\u00e1n1.mp4\"><\/video><\/figure>\n ","protected":false},"excerpt":{"rendered":"","protected":false},"author":1,"featured_media":0,"parent":14651,"menu_order":0,"comment_status":"closed","ping_status":"closed","template":"","meta":{"ngg_post_thumbnail":0,"footnotes":""},"class_list":["post-16023","page","type-page","status-publish","hentry"],"_links":{"self":[{"href":"https:\/\/ipcszeged.hu\/index.php\/wp-json\/wp\/v2\/pages\/16023","targetHints":{"allow":["GET"]}}],"collection":[{"href":"https:\/\/ipcszeged.hu\/index.php\/wp-json\/wp\/v2\/pages"}],"about":[{"href":"https:\/\/ipcszeged.hu\/index.php\/wp-json\/wp\/v2\/types\/page"}],"author":[{"embeddable":true,"href":"https:\/\/ipcszeged.hu\/index.php\/wp-json\/wp\/v2\/users\/1"}],"replies":[{"embeddable":true,"href":"https:\/\/ipcszeged.hu\/index.php\/wp-json\/wp\/v2\/comments?post=16023"}],"version-history":[{"count":5,"href":"https:\/\/ipcszeged.hu\/index.php\/wp-json\/wp\/v2\/pages\/16023\/revisions"}],"predecessor-version":[{"id":16269,"href":"https:\/\/ipcszeged.hu\/index.php\/wp-json\/wp\/v2\/pages\/16023\/revisions\/16269"}],"up":[{"embeddable":true,"href":"https:\/\/ipcszeged.hu\/index.php\/wp-json\/wp\/v2\/pages\/14651"}],"wp:attachment":[{"href":"https:\/\/ipcszeged.hu\/index.php\/wp-json\/wp\/v2\/media?parent=16023"}],"curies":[{"name":"wp","href":"https:\/\/api.w.org\/{rel}","templated":true}]}}