{"id":16014,"date":"2019-06-14T13:50:30","date_gmt":"2019-06-14T13:50:30","guid":{"rendered":"http:\/\/www.ipcszeged.hu\/?page_id=16014"},"modified":"2019-06-14T13:50:31","modified_gmt":"2019-06-14T13:50:31","slug":"last-info","status":"publish","type":"page","link":"https:\/\/ipcszeged.hu\/index.php\/programok-ahol-megtalalsz-bennunket\/egyhazmegyei-nyari-tabor\/xvi-egyhazmegyei-nyari-tabor\/last-info\/","title":{"rendered":"LAST Inf\u00f3"},"content":{"rendered":"<h3>Kiz\u00e1r\u00f3lag T\u00e1borosoknak \ud83d\ude42<\/h3>\n<div>Lassan m\u00e1r csak egy h\u00e9t van h\u00e1tra a ny\u00e1r egyik legfantasztikusabb programj\u00e1ig.<\/div>\n<div>Hogy melyik programr\u00f3l van sz\u00f3????<\/div>\n<div>Term\u00e9szetesen a XVI. Egyh\u00e1zmegyei Ny\u00e1ri T\u00e1borr\u00f3l.<\/div>\n<div>TE felk\u00e9sz\u00fclt\u00e9l m\u00e1r?<\/div>\n<div dir=\"auto\">&nbsp;<\/div>\n<h2 dir=\"auto\">Ne felejtsd el \u00e1tolvasni az <a href=\"http:\/\/www.ipcszeged.hu\/wp-content\/uploads\/2019\/06\/Inform\u00e1ci\u00f3s-F\u00fczet-2019.pdf\">Inform\u00e1ci\u00f3s F\u00fczet 2019<\/a>, amelyben megtal\u00e1lsz minden fontos inf\u00f3t, hogy mit hozz \u00e9s mit ne hozz a t\u00e1borba, illetve, ha el\u0151sz\u00f6r j\u00f6ssz a t\u00e1borban a c\u00edmet is megtal\u00e1lod.&nbsp;<\/h2>\n<div dir=\"auto\">&nbsp;<\/div>\n<div dir=\"auto\"><b>2019. j\u00fanius 24-\u00e9n h\u00e9tf\u0151n 10:00-t\u00f3<\/b>l v\u00e1runk regisztr\u00e1ci\u00f3val majd 12:00-t\u00f3l egy k\u00f6z\u00f6s eb\u00e9ddel.&nbsp;<\/div>\n<div dir=\"auto\">&nbsp;<\/div>\n<div dir=\"auto\"><span style=\"color: #313131;\">Ne felejtsd otthon a kinyomtatott \u00e9s kit\u00f6lt\u00f6tt&nbsp;<\/span><b><span style=\"color: #ff0000;\"><u>E\u00dc nyilatkozatot<\/u><\/span><span style=\"color: #313131;\">&nbsp;<\/span><\/b><span style=\"color: #313131;\">sem, amelyet sz\u00fcleiddel al\u00e1\u00edratt\u00e1l. Ha m\u00e9g nem k\u00fcldted be a<u>&nbsp;<\/u><\/span><b><span style=\"color: #ff0000;\"><u>pl\u00e9b\u00e1nosi aj\u00e1nl\u00e1s<\/u><\/span><\/b><span style=\"color: #313131;\">t, akkor azt is hozd magaddal, mert pl\u00e9b\u00e1nosi aj\u00e1nl\u00e1s n\u00e9lk\u00fcl nem tudunk fogadni a t\u00e1borban.&nbsp;<\/span><\/div>\n<div>Amennyiben valamilyen okn\u00e1l fogva (\u00e9retts\u00e9gi vizsga, k\u00f6telez\u0151 bizony\u00edtv\u00e1ny oszt\u00e1s, tan\u00e9vz\u00e1r\u00f3 rendezv\u00e9ny) meg kell szak\u00edtanod a t\u00e1borban elt\u00f6lteni k\u00edv\u00e1nt id\u0151det, akkor mindenk\u00e9ppen hozz magaddal egy<b><span style=\"color: #ff0000;\"><u><span style=\"font-size: large;\">\u00edr\u00e1sos sz\u00fcl\u0151i igazol\u00e1st<\/span><\/u><\/span><\/b><span style=\"font-size: large;\">,<\/span>&nbsp;hogy pontosan mikor hagyod el a t\u00e1bor ter\u00fclet\u00e9t \u00e9s mikor \u00e9rkezel vissza a t\u00e1borba.&nbsp;<\/div>\n<div dir=\"auto\">\n<div class=\"m_-3286222368763300230m_-7682694081705760728m_-2842343027024547969m_-7927669836998176730m_-1943853226448043966gmail_signature\" dir=\"ltr\" data-smartmail=\"gmail_signature\">\n<div dir=\"ltr\">\n<div dir=\"ltr\">\n<div dir=\"ltr\">\n<div dir=\"ltr\">\n<div dir=\"ltr\">\n<div dir=\"auto\">&nbsp;<\/div>\n<div dir=\"auto\">Tal\u00e1lkozunk a T\u00e1borban!&nbsp;<\/div>\n<div dir=\"auto\">&nbsp;<\/div>\n<div>\u00dcdv\u00f6zlettel:<\/div>\n<div>IPC csapata<\/div>\n<\/div>\n<\/div>\n<\/div>\n<div>Az Inform\u00e1ci\u00f3s f\u00fczetet itt v\u00e9gig is lapozhatod:<\/div>\n<div>&nbsp;<\/div>\n<\/div>\n<\/div>\n<\/div>\n<\/div>\n<div data-configid=\"32670776\/70579065\" style=\"width:100%; height:371px;\" class=\"issuuembed\"><\/div>\n<p><script type=\"text\/javascript\" src=\"\/\/e.issuu.com\/embed.js\" async=\"true\"><\/script><\/p>\n ","protected":false},"excerpt":{"rendered":"<p>Kiz\u00e1r\u00f3lag T\u00e1borosoknak \ud83d\ude42 Lassan m\u00e1r csak egy h\u00e9t van h\u00e1tra a ny\u00e1r egyik legfantasztikusabb programj\u00e1ig. Hogy melyik programr\u00f3l van sz\u00f3???? Term\u00e9szetesen a XVI. Egyh\u00e1zmegyei Ny\u00e1ri T\u00e1borr\u00f3l. TE felk\u00e9sz\u00fclt\u00e9l m\u00e1r? &nbsp; Ne felejtsd el \u00e1tolvasni az Inform\u00e1ci\u00f3s F\u00fczet 2019, amelyben megtal\u00e1lsz minden fontos inf\u00f3t, hogy mit hozz \u00e9s mit ne hozz a t\u00e1borba, illetve, ha el\u0151sz\u00f6r&hellip; <br \/> <a class=\"read-more\" href=\"https:\/\/ipcszeged.hu\/index.php\/programok-ahol-megtalalsz-bennunket\/egyhazmegyei-nyari-tabor\/xvi-egyhazmegyei-nyari-tabor\/last-info\/\">Read more<\/a><\/p>\n","protected":false},"author":1,"featured_media":0,"parent":15970,"menu_order":0,"comment_status":"closed","ping_status":"closed","template":"","meta":{"ngg_post_thumbnail":0,"footnotes":""},"class_list":["post-16014","page","type-page","status-publish","hentry"],"_links":{"self":[{"href":"https:\/\/ipcszeged.hu\/index.php\/wp-json\/wp\/v2\/pages\/16014","targetHints":{"allow":["GET"]}}],"collection":[{"href":"https:\/\/ipcszeged.hu\/index.php\/wp-json\/wp\/v2\/pages"}],"about":[{"href":"https:\/\/ipcszeged.hu\/index.php\/wp-json\/wp\/v2\/types\/page"}],"author":[{"embeddable":true,"href":"https:\/\/ipcszeged.hu\/index.php\/wp-json\/wp\/v2\/users\/1"}],"replies":[{"embeddable":true,"href":"https:\/\/ipcszeged.hu\/index.php\/wp-json\/wp\/v2\/comments?post=16014"}],"version-history":[{"count":1,"href":"https:\/\/ipcszeged.hu\/index.php\/wp-json\/wp\/v2\/pages\/16014\/revisions"}],"predecessor-version":[{"id":16017,"href":"https:\/\/ipcszeged.hu\/index.php\/wp-json\/wp\/v2\/pages\/16014\/revisions\/16017"}],"up":[{"embeddable":true,"href":"https:\/\/ipcszeged.hu\/index.php\/wp-json\/wp\/v2\/pages\/15970"}],"wp:attachment":[{"href":"https:\/\/ipcszeged.hu\/index.php\/wp-json\/wp\/v2\/media?parent=16014"}],"curies":[{"name":"wp","href":"https:\/\/api.w.org\/{rel}","templated":true}]}}