{"id":16003,"date":"2019-05-21T08:05:58","date_gmt":"2019-05-21T08:05:58","guid":{"rendered":"http:\/\/www.ipcszeged.hu\/?page_id=16003"},"modified":"2019-11-13T08:09:28","modified_gmt":"2019-11-13T08:09:28","slug":"forraspont-2019","status":"publish","type":"page","link":"https:\/\/ipcszeged.hu\/index.php\/programok-ahol-megtalalsz-bennunket\/forraspont-2019\/","title":{"rendered":"Forr\u00e1spont 2019"},"content":{"rendered":"\n<p>\n\nJ\u00e9zussal \u00e9lni \u00f6r\u00f6m! Gyere \u00e9s \u00e9ld \u00e1t \u00fajra! T\u00f6lt\u0151dj fel zen\u00e9vel, \u00e9s tan\u00fas\u00e1gt\u00e9telekkel a Forr\u00e1sPonton!<\/p>\n\n\n\n<p>Vend\u00e9geink lesznek:<br>Cristina n\u0151v\u00e9r (az olasz The Voice tehets\u00e9gkutat\u00f3 m\u0171sor gy\u0151ztese),<br>Kov\u00e1cs Andr\u00e1s P\u00e9ter (humorista, \u00edr\u00f3)<br>Papp Mikl\u00f3s (g\u00f6r\u00f6gkatolikus pap)<br>Pulay Eszter (aerobikedz\u0151)<br>D\u00e1nielfy Gergely (\u00e9nekes, el\u0151ad\u00f3)<br>F\u00e1bry Korn\u00e9l (r\u00f3mai katolikus pap, a NEK f\u0151titk\u00e1ra)<\/p>\n\n\n\n<p>\u2013 \u00e9s persze \u00f6r\u00f6k\u00f6s h\u00e1zigazd\u00e1nk: J\u00e9zus Krisztus!<\/p>\n\n\n\n<p>Id\u0151pont: 2019. szeptember 21., szombat, 14:00-20:00 \u00f3ra<br>Helysz\u00edn: BOK Csarnok (Budapest, D\u00f3zsa Gy\u00f6rgy \u00fat 1., 1146)<br>Kapunyit\u00e1s: 13:00 \u00f3ra<\/p>\n\n\n\n<h2 class=\"wp-block-heading\">REGISZTR\u00c1CI\u00d3:<br><a rel=\"noreferrer noopener\" target=\"_blank\" href=\"https:\/\/l.facebook.com\/l.php?u=https%3A%2F%2Fforraspont.iec2020.hu%2F%3Ffbclid%3DIwAR0IXJiRzfY08vzPEAAx_T4FKDuDo_0nfjVEssFHbU9LFYMFxM5HSL3TadE%23%2F&amp;h=AT2R8cqb-eSXot9G18HnfclyBQrzXDQSU8yxiWkN2honx4fdwjMDV4WGVd_dI-EJQNKfFQ770M5UmojxhYVmsydNjmjEwnmce9IZjcUAd_fhA27Yd9efVpXLzxFlCgNswjQ\">https:\/\/forraspont.iec2020.hu\/#\/<\/a><\/h2>\n\n\n\n<p>A programb\u00f3l:<br>\u2022\tZen\u00e9s dics\u0151\u00edt\u00e9s<br>\u2022\tTan\u00fas\u00e1gt\u00e9telek<br>\u2022\tP\u00f3diumbesz\u00e9lget\u00e9s<br>\u2022\tTan\u00edt\u00e1s <br>\u2022\tSzentmise Mohos G\u00e1bor seg\u00e9dp\u00fcsp\u00f6kkel<br>\u2022\tSzents\u00e9gim\u00e1d\u00e1s<\/p>\n\n\n\n<p>K\u00edv\u00e1ncsi vagy, milyen lehet egy katolikus h\u00e1zibuli? N\u00e9zd meg a tavalyi Forr\u00e1spontr\u00f3l k\u00e9sz\u00fclt vide\u00f3t: <br><a target=\"_blank\" href=\"https:\/\/www.facebook.com\/watch\/?v=398170731030024\" rel=\"noreferrer noopener\">https:\/\/www.facebook.com\/watch\/?v=398170731030024<\/a><\/p>\n\n\n\n<p>Erre a rendezv\u00e9ny\u00fcnkre a 15-30 \u00e9v k\u00f6z\u00f6ttieket v\u00e1rjuk. Ha r\u00e9gebb \u00f3ta vagy fiatal \u00e9s elm\u00falt\u00e1l 30 \u00e9ves, k\u00e9r\u00fcnk, hogy add tov\u00e1bb az esem\u00e9ny h\u00edr\u00e9t. Im\u00e1iddal t\u00e1mogasd a rendezv\u00e9nyt, hogy a Szentl\u00e9lek min\u00e9l t\u00f6bb fiatalt sz\u00f3l\u00edthasson meg. K\u00f6sz\u00f6nj\u00fck!<br><\/p>\n\n\n\n<figure class=\"wp-block-image\"><img loading=\"lazy\" decoding=\"async\" width=\"842\" height=\"1200\" src=\"http:\/\/www.ipcszeged.hu\/wp-content\/uploads\/2019\/06\/forraspont_plakat_2019_k.jpg\" alt=\"\" class=\"wp-image-16011\" srcset=\"https:\/\/ipcszeged.hu\/wp-content\/uploads\/2019\/06\/forraspont_plakat_2019_k.jpg 842w, https:\/\/ipcszeged.hu\/wp-content\/uploads\/2019\/06\/forraspont_plakat_2019_k-105x150.jpg 105w, https:\/\/ipcszeged.hu\/wp-content\/uploads\/2019\/06\/forraspont_plakat_2019_k-211x300.jpg 211w, https:\/\/ipcszeged.hu\/wp-content\/uploads\/2019\/06\/forraspont_plakat_2019_k-768x1095.jpg 768w, https:\/\/ipcszeged.hu\/wp-content\/uploads\/2019\/06\/forraspont_plakat_2019_k-758x1080.jpg 758w\" sizes=\"auto, (max-width: 842px) 100vw, 842px\" \/><\/figure>\n ","protected":false},"excerpt":{"rendered":"<p>J\u00e9zussal \u00e9lni \u00f6r\u00f6m! Gyere \u00e9s \u00e9ld \u00e1t \u00fajra! T\u00f6lt\u0151dj fel zen\u00e9vel, \u00e9s tan\u00fas\u00e1gt\u00e9telekkel a Forr\u00e1sPonton! Vend\u00e9geink lesznek:Cristina n\u0151v\u00e9r (az olasz The Voice tehets\u00e9gkutat\u00f3 m\u0171sor gy\u0151ztese),Kov\u00e1cs Andr\u00e1s P\u00e9ter (humorista, \u00edr\u00f3)Papp Mikl\u00f3s (g\u00f6r\u00f6gkatolikus pap)Pulay Eszter (aerobikedz\u0151)D\u00e1nielfy Gergely (\u00e9nekes, el\u0151ad\u00f3)F\u00e1bry Korn\u00e9l (r\u00f3mai katolikus pap, a NEK f\u0151titk\u00e1ra) \u2013 \u00e9s persze \u00f6r\u00f6k\u00f6s h\u00e1zigazd\u00e1nk: J\u00e9zus Krisztus! Id\u0151pont: 2019. szeptember 21.,&hellip; <br \/> <a class=\"read-more\" href=\"https:\/\/ipcszeged.hu\/index.php\/programok-ahol-megtalalsz-bennunket\/forraspont-2019\/\">Read more<\/a><\/p>\n","protected":false},"author":1,"featured_media":0,"parent":162,"menu_order":8,"comment_status":"closed","ping_status":"closed","template":"","meta":{"ngg_post_thumbnail":0,"footnotes":""},"class_list":["post-16003","page","type-page","status-publish","hentry"],"_links":{"self":[{"href":"https:\/\/ipcszeged.hu\/index.php\/wp-json\/wp\/v2\/pages\/16003","targetHints":{"allow":["GET"]}}],"collection":[{"href":"https:\/\/ipcszeged.hu\/index.php\/wp-json\/wp\/v2\/pages"}],"about":[{"href":"https:\/\/ipcszeged.hu\/index.php\/wp-json\/wp\/v2\/types\/page"}],"author":[{"embeddable":true,"href":"https:\/\/ipcszeged.hu\/index.php\/wp-json\/wp\/v2\/users\/1"}],"replies":[{"embeddable":true,"href":"https:\/\/ipcszeged.hu\/index.php\/wp-json\/wp\/v2\/comments?post=16003"}],"version-history":[{"count":2,"href":"https:\/\/ipcszeged.hu\/index.php\/wp-json\/wp\/v2\/pages\/16003\/revisions"}],"predecessor-version":[{"id":16012,"href":"https:\/\/ipcszeged.hu\/index.php\/wp-json\/wp\/v2\/pages\/16003\/revisions\/16012"}],"up":[{"embeddable":true,"href":"https:\/\/ipcszeged.hu\/index.php\/wp-json\/wp\/v2\/pages\/162"}],"wp:attachment":[{"href":"https:\/\/ipcszeged.hu\/index.php\/wp-json\/wp\/v2\/media?parent=16003"}],"curies":[{"name":"wp","href":"https:\/\/api.w.org\/{rel}","templated":true}]}}