{"id":15983,"date":"2019-04-30T13:33:00","date_gmt":"2019-04-30T13:33:00","guid":{"rendered":"http:\/\/www.ipcszeged.hu\/?page_id=15983"},"modified":"2019-07-29T12:59:21","modified_gmt":"2019-07-29T12:59:21","slug":"bit-003-2019","status":"publish","type":"page","link":"https:\/\/ipcszeged.hu\/index.php\/programok-ahol-megtalalsz-bennunket\/bit-bekes-megyei-ifjusagi-talalkozo\/bit-003-2019\/","title":{"rendered":"BIT 003&#8242; 2019"},"content":{"rendered":"<h2 style=\"text-align: center;\">B\u00e9k\u00e9s Megyei Ifj\u00fas\u00e1gi Tal\u00e1lkoz\u00f3&nbsp;<\/h2>\n<h3 style=\"text-align: center;\">\u201cHivat\u00e1s\u201d<\/h3>\n<h3 style=\"text-align: center;\">2019. j\u00fanius 01. \u2013 B\u00e9k\u00e9scsaba Belv\u00e1rosi Pl\u00e9b\u00e1nia<\/h3>\n<h3 style=\"text-align: center;\">v\u00e1rjuk a 12-18 \u00e9v k\u00f6z\u00f6tti fiatalok jelentkez\u00e9s\u00e9t!<\/h3>\n<h3 style=\"text-align: center;\">Regisztr\u00e1ci\u00f3s Hat\u00e1rid\u0151: 2019. m\u00e1jus 24.<\/h3>\n<h2 style=\"text-align: center;\"><a href=\"https:\/\/forms.gle\/sNB6vSwzRyaBaqsK9\">REGISZTR\u00c1LOK<\/a><\/h2>\n\n\n<iframe loading=\"lazy\" src=\"https:\/\/docs.google.com\/forms\/d\/e\/1FAIpQLSeblbFJu3N1Emo9uy830pOxSuNPgSxHuEDJHuE20dcQgDkMMQ\/viewform?embedded=true\" width=\"640\" height=\"1957\" frameborder=\"0\" marginheight=\"0\" marginwidth=\"0\">Bet\u00f6lt\u00e9s&#8230;<\/iframe>\n ","protected":false},"excerpt":{"rendered":"<p>B\u00e9k\u00e9s Megyei Ifj\u00fas\u00e1gi Tal\u00e1lkoz\u00f3&nbsp; \u201cHivat\u00e1s\u201d 2019. j\u00fanius 01. \u2013 B\u00e9k\u00e9scsaba Belv\u00e1rosi Pl\u00e9b\u00e1nia v\u00e1rjuk a 12-18 \u00e9v k\u00f6z\u00f6tti fiatalok jelentkez\u00e9s\u00e9t! Regisztr\u00e1ci\u00f3s Hat\u00e1rid\u0151: 2019. m\u00e1jus 24. REGISZTR\u00c1LOK Bet\u00f6lt\u00e9s&#8230;<\/p>\n","protected":false},"author":1,"featured_media":15985,"parent":16209,"menu_order":0,"comment_status":"closed","ping_status":"closed","template":"","meta":{"ngg_post_thumbnail":0,"footnotes":""},"class_list":["post-15983","page","type-page","status-publish","has-post-thumbnail","hentry"],"_links":{"self":[{"href":"https:\/\/ipcszeged.hu\/index.php\/wp-json\/wp\/v2\/pages\/15983","targetHints":{"allow":["GET"]}}],"collection":[{"href":"https:\/\/ipcszeged.hu\/index.php\/wp-json\/wp\/v2\/pages"}],"about":[{"href":"https:\/\/ipcszeged.hu\/index.php\/wp-json\/wp\/v2\/types\/page"}],"author":[{"embeddable":true,"href":"https:\/\/ipcszeged.hu\/index.php\/wp-json\/wp\/v2\/users\/1"}],"replies":[{"embeddable":true,"href":"https:\/\/ipcszeged.hu\/index.php\/wp-json\/wp\/v2\/comments?post=15983"}],"version-history":[{"count":1,"href":"https:\/\/ipcszeged.hu\/index.php\/wp-json\/wp\/v2\/pages\/15983\/revisions"}],"predecessor-version":[{"id":15986,"href":"https:\/\/ipcszeged.hu\/index.php\/wp-json\/wp\/v2\/pages\/15983\/revisions\/15986"}],"up":[{"embeddable":true,"href":"https:\/\/ipcszeged.hu\/index.php\/wp-json\/wp\/v2\/pages\/16209"}],"wp:featuredmedia":[{"embeddable":true,"href":"https:\/\/ipcszeged.hu\/index.php\/wp-json\/wp\/v2\/media\/15985"}],"wp:attachment":[{"href":"https:\/\/ipcszeged.hu\/index.php\/wp-json\/wp\/v2\/media?parent=15983"}],"curies":[{"name":"wp","href":"https:\/\/api.w.org\/{rel}","templated":true}]}}