{"id":15970,"date":"2019-04-24T10:26:25","date_gmt":"2019-04-24T10:26:25","guid":{"rendered":"http:\/\/www.ipcszeged.hu\/?page_id=15970"},"modified":"2020-08-28T10:08:39","modified_gmt":"2020-08-28T10:08:39","slug":"xvi-egyhazmegyei-nyari-tabor","status":"publish","type":"page","link":"https:\/\/ipcszeged.hu\/index.php\/programok-ahol-megtalalsz-bennunket\/egyhazmegyei-nyari-tabor\/xvi-egyhazmegyei-nyari-tabor\/","title":{"rendered":"2019- F\u00e9rfinek \u00e9s N\u0151nek&#8230;"},"content":{"rendered":"\n<figure class=\"wp-block-image\"><img loading=\"lazy\" decoding=\"async\" width=\"950\" height=\"1343\" src=\"http:\/\/www.ipcszeged.hu\/wp-content\/uploads\/2019\/05\/Nyari-tabor-2019-plakat-A3.jpg\" alt=\"\" class=\"wp-image-15990\" srcset=\"https:\/\/ipcszeged.hu\/wp-content\/uploads\/2019\/05\/Nyari-tabor-2019-plakat-A3.jpg 950w, https:\/\/ipcszeged.hu\/wp-content\/uploads\/2019\/05\/Nyari-tabor-2019-plakat-A3-106x150.jpg 106w, https:\/\/ipcszeged.hu\/wp-content\/uploads\/2019\/05\/Nyari-tabor-2019-plakat-A3-212x300.jpg 212w, https:\/\/ipcszeged.hu\/wp-content\/uploads\/2019\/05\/Nyari-tabor-2019-plakat-A3-768x1086.jpg 768w, https:\/\/ipcszeged.hu\/wp-content\/uploads\/2019\/05\/Nyari-tabor-2019-plakat-A3-764x1080.jpg 764w\" sizes=\"auto, (max-width: 950px) 100vw, 950px\" \/><\/figure>\n\n\n\n<figure class=\"wp-block-video\"><video height=\"720\" style=\"aspect-ratio: 1280 \/ 720;\" width=\"1280\" controls src=\"http:\/\/www.ipcszeged.hu\/wp-content\/uploads\/2019\/04\/720p.mov\"><\/video><\/figure>\n\n\n\n<figure class=\"wp-block-video\"><video height=\"720\" style=\"aspect-ratio: 1280 \/ 720;\" width=\"1280\" controls src=\"http:\/\/www.ipcszeged.hu\/wp-content\/uploads\/2019\/04\/II.-hivogat\u00f3-film-T\u00e1bor-2019.mov\"><\/video><\/figure>\n ","protected":false},"excerpt":{"rendered":"","protected":false},"author":1,"featured_media":0,"parent":274,"menu_order":1,"comment_status":"closed","ping_status":"closed","template":"","meta":{"ngg_post_thumbnail":0,"footnotes":""},"class_list":["post-15970","page","type-page","status-publish","hentry"],"_links":{"self":[{"href":"https:\/\/ipcszeged.hu\/index.php\/wp-json\/wp\/v2\/pages\/15970","targetHints":{"allow":["GET"]}}],"collection":[{"href":"https:\/\/ipcszeged.hu\/index.php\/wp-json\/wp\/v2\/pages"}],"about":[{"href":"https:\/\/ipcszeged.hu\/index.php\/wp-json\/wp\/v2\/types\/page"}],"author":[{"embeddable":true,"href":"https:\/\/ipcszeged.hu\/index.php\/wp-json\/wp\/v2\/users\/1"}],"replies":[{"embeddable":true,"href":"https:\/\/ipcszeged.hu\/index.php\/wp-json\/wp\/v2\/comments?post=15970"}],"version-history":[{"count":3,"href":"https:\/\/ipcszeged.hu\/index.php\/wp-json\/wp\/v2\/pages\/15970\/revisions"}],"predecessor-version":[{"id":16212,"href":"https:\/\/ipcszeged.hu\/index.php\/wp-json\/wp\/v2\/pages\/15970\/revisions\/16212"}],"up":[{"embeddable":true,"href":"https:\/\/ipcszeged.hu\/index.php\/wp-json\/wp\/v2\/pages\/274"}],"wp:attachment":[{"href":"https:\/\/ipcszeged.hu\/index.php\/wp-json\/wp\/v2\/media?parent=15970"}],"curies":[{"name":"wp","href":"https:\/\/api.w.org\/{rel}","templated":true}]}}