{"id":15749,"date":"2019-03-08T13:36:35","date_gmt":"2019-03-08T13:36:35","guid":{"rendered":"http:\/\/www.ipcszeged.hu\/?page_id=15749"},"modified":"2019-04-03T07:43:01","modified_gmt":"2019-04-03T07:43:01","slug":"nagybojti-nap","status":"publish","type":"page","link":"https:\/\/ipcszeged.hu\/index.php\/programok-ahol-megtalalsz-bennunket\/nagybojti-nap\/","title":{"rendered":"NAGYb\u00f6jti NAP"},"content":{"rendered":"\n<h2 class=\"wp-block-heading\">&#8220;&#8230;t\u00e1rj\u00e1tok ki ti is a sz\u00edveteket!&#8221;<\/h2>\n\n\n\n<p>(2Kor 6,13b)<\/p>\n\n\n\n<div class=\"wp-block-image\"><figure class=\"aligncenter is-resized\"><img loading=\"lazy\" decoding=\"async\" src=\"http:\/\/www.ipcszeged.hu\/wp-content\/uploads\/2019\/03\/plak\u00e1t.png\" alt=\"\" class=\"wp-image-15757\" width=\"382\" height=\"382\" srcset=\"https:\/\/ipcszeged.hu\/wp-content\/uploads\/2019\/03\/plak\u00e1t.png 1080w, https:\/\/ipcszeged.hu\/wp-content\/uploads\/2019\/03\/plak\u00e1t-150x150.png 150w, https:\/\/ipcszeged.hu\/wp-content\/uploads\/2019\/03\/plak\u00e1t-300x300.png 300w, https:\/\/ipcszeged.hu\/wp-content\/uploads\/2019\/03\/plak\u00e1t-768x768.png 768w, https:\/\/ipcszeged.hu\/wp-content\/uploads\/2019\/03\/plak\u00e1t-1024x1024.png 1024w, https:\/\/ipcszeged.hu\/wp-content\/uploads\/2019\/03\/plak\u00e1t-640x640.png 640w\" sizes=\"auto, (max-width: 382px) 100vw, 382px\" \/><\/figure><\/div>\n\n\n\n<p>Kedves Fiatalok!<br>A Szeged-Csan\u00e1di Egyh\u00e1zmegye Ifj\u00fas\u00e1gpasztor\u00e1ci\u00f3s Irod\u00e1ja szeretettel h\u00edv minden 14 \u00e9s 18 \u00e9v k\u00f6z\u00f6tti fiatalt 2019.m\u00e1rcius 30-\u00e1ra NAGYb\u00f6jti NAP-ra, amely Szegeden ker\u00fcl megrendez\u00e9sre.Gondolj\u00e1tok \u00e1t, hogy mit szeretn\u00e9tek megv\u00e1ltoztatni az \u00e9letetekben, \u00e9s hogy nyitott sz\u00edvvel tudjatok felk\u00e9sz\u00fclni a Nagyb\u00f6jt cs\u00facsppontj\u00e1ra, a Nagyh\u00e9tre.<br><\/p>\n\n\n\n<h3 class=\"wp-block-heading\"><strong><em>REGISZTR\u00c1LOK<\/em><\/strong><em>:<\/em><\/h3>\n\n\n\n<p><a rel=\"noreferrer noopener\" href=\"https:\/\/docs.google.com\/forms\/d\/e\/1FAIpQLSdvkDkvA42YpRd4a4VU-y0IHEGgPo6csVWoB_9aZbhvanJ4Qg\/viewform\" target=\"_blank\">https:\/\/docs.google.com\/forms\/d\/e\/1FAIpQLSdvkDkvA42YpRd4a4VU-y0IHEGgPo6csVWoB_9aZbhvanJ4Qg\/viewform<\/a><\/p>\n\n\n\n<p>Jelentkez\u00e9s <strong>m\u00e1cius 24<\/strong>-ig!<\/p>\n ","protected":false},"excerpt":{"rendered":"<p>&#8220;&#8230;t\u00e1rj\u00e1tok ki ti is a sz\u00edveteket!&#8221; (2Kor 6,13b) Kedves Fiatalok!A Szeged-Csan\u00e1di Egyh\u00e1zmegye Ifj\u00fas\u00e1gpasztor\u00e1ci\u00f3s Irod\u00e1ja szeretettel h\u00edv minden 14 \u00e9s 18 \u00e9v k\u00f6z\u00f6tti fiatalt 2019.m\u00e1rcius 30-\u00e1ra NAGYb\u00f6jti NAP-ra, amely Szegeden ker\u00fcl megrendez\u00e9sre.Gondolj\u00e1tok \u00e1t, hogy mit szeretn\u00e9tek megv\u00e1ltoztatni az \u00e9letetekben, \u00e9s hogy nyitott sz\u00edvvel tudjatok felk\u00e9sz\u00fclni a Nagyb\u00f6jt cs\u00facsppontj\u00e1ra, a Nagyh\u00e9tre. REGISZTR\u00c1LOK: https:\/\/docs.google.com\/forms\/d\/e\/1FAIpQLSdvkDkvA42YpRd4a4VU-y0IHEGgPo6csVWoB_9aZbhvanJ4Qg\/viewform Jelentkez\u00e9s m\u00e1cius 24-ig!<\/p>\n","protected":false},"author":1,"featured_media":0,"parent":162,"menu_order":13,"comment_status":"closed","ping_status":"closed","template":"","meta":{"ngg_post_thumbnail":0,"footnotes":""},"class_list":["post-15749","page","type-page","status-publish","hentry"],"_links":{"self":[{"href":"https:\/\/ipcszeged.hu\/index.php\/wp-json\/wp\/v2\/pages\/15749","targetHints":{"allow":["GET"]}}],"collection":[{"href":"https:\/\/ipcszeged.hu\/index.php\/wp-json\/wp\/v2\/pages"}],"about":[{"href":"https:\/\/ipcszeged.hu\/index.php\/wp-json\/wp\/v2\/types\/page"}],"author":[{"embeddable":true,"href":"https:\/\/ipcszeged.hu\/index.php\/wp-json\/wp\/v2\/users\/1"}],"replies":[{"embeddable":true,"href":"https:\/\/ipcszeged.hu\/index.php\/wp-json\/wp\/v2\/comments?post=15749"}],"version-history":[{"count":6,"href":"https:\/\/ipcszeged.hu\/index.php\/wp-json\/wp\/v2\/pages\/15749\/revisions"}],"predecessor-version":[{"id":15761,"href":"https:\/\/ipcszeged.hu\/index.php\/wp-json\/wp\/v2\/pages\/15749\/revisions\/15761"}],"up":[{"embeddable":true,"href":"https:\/\/ipcszeged.hu\/index.php\/wp-json\/wp\/v2\/pages\/162"}],"wp:attachment":[{"href":"https:\/\/ipcszeged.hu\/index.php\/wp-json\/wp\/v2\/media?parent=15749"}],"curies":[{"name":"wp","href":"https:\/\/api.w.org\/{rel}","templated":true}]}}