{"id":15727,"date":"2019-03-05T08:00:54","date_gmt":"2019-03-05T08:00:54","guid":{"rendered":"http:\/\/www.ipcszeged.hu\/?page_id=15727"},"modified":"2019-04-30T13:34:43","modified_gmt":"2019-04-30T13:34:43","slug":"nagybojti-fuzet-2019","status":"publish","type":"page","link":"https:\/\/ipcszeged.hu\/index.php\/letoltesek\/segedanyagok\/nagybojt\/nagybojti-fuzet-2019\/","title":{"rendered":"Nagyb\u00f6jti F\u00fczet 2019"},"content":{"rendered":"\n<div data-configid=\"32670776\/68184340\" style=\"width:100%; height:640px;\" class=\"issuuembed\"><\/div>\n<script type=\"text\/javascript\" src=\"\/\/e.issuu.com\/embed.js\" async=\"true\"><\/script>\n\n\n<h4 style=\"text-align: center;\">A Nagyb\u00f6jti F\u00fczet nyomtathat\u00f3 PDF dokumentumban is let\u00f6lthet\u0151 itt: <a href=\"http:\/\/www.ipcszeged.hu\/wp-content\/uploads\/2019\/02\/nagyb\u00f6jti-f\u00fczet-2019-bor\u00edt\u00f3val.pdf\">nagyb\u00f6jti f\u00fczet 2019<\/a><\/h4>\n<p>A f\u00fczet bor\u00edt\u00f3 k\u00e9p\u00e9nek forr\u00e1sa: www.pixabay.com<\/p>\n<p>A f\u00fczetbe szerepl\u0151 k\u00e9pek \u00e9s illusztr\u00e1ci\u00f3k a www.pinterest.com online port\u00e1l ingyenes tartalm\u00e1b\u00f3l sz\u00e1rmazik.<\/p> ","protected":false},"excerpt":{"rendered":"<p>A Nagyb\u00f6jti F\u00fczet nyomtathat\u00f3 PDF dokumentumban is let\u00f6lthet\u0151 itt: nagyb\u00f6jti f\u00fczet 2019 A f\u00fczet bor\u00edt\u00f3 k\u00e9p\u00e9nek forr\u00e1sa: www.pixabay.com A f\u00fczetbe szerepl\u0151 k\u00e9pek \u00e9s illusztr\u00e1ci\u00f3k a www.pinterest.com online port\u00e1l ingyenes tartalm\u00e1b\u00f3l sz\u00e1rmazik.<\/p>\n","protected":false},"author":1,"featured_media":0,"parent":729,"menu_order":0,"comment_status":"closed","ping_status":"closed","template":"","meta":{"ngg_post_thumbnail":0,"footnotes":""},"class_list":["post-15727","page","type-page","status-publish","hentry"],"_links":{"self":[{"href":"https:\/\/ipcszeged.hu\/index.php\/wp-json\/wp\/v2\/pages\/15727","targetHints":{"allow":["GET"]}}],"collection":[{"href":"https:\/\/ipcszeged.hu\/index.php\/wp-json\/wp\/v2\/pages"}],"about":[{"href":"https:\/\/ipcszeged.hu\/index.php\/wp-json\/wp\/v2\/types\/page"}],"author":[{"embeddable":true,"href":"https:\/\/ipcszeged.hu\/index.php\/wp-json\/wp\/v2\/users\/1"}],"replies":[{"embeddable":true,"href":"https:\/\/ipcszeged.hu\/index.php\/wp-json\/wp\/v2\/comments?post=15727"}],"version-history":[{"count":4,"href":"https:\/\/ipcszeged.hu\/index.php\/wp-json\/wp\/v2\/pages\/15727\/revisions"}],"predecessor-version":[{"id":15732,"href":"https:\/\/ipcszeged.hu\/index.php\/wp-json\/wp\/v2\/pages\/15727\/revisions\/15732"}],"up":[{"embeddable":true,"href":"https:\/\/ipcszeged.hu\/index.php\/wp-json\/wp\/v2\/pages\/729"}],"wp:attachment":[{"href":"https:\/\/ipcszeged.hu\/index.php\/wp-json\/wp\/v2\/media?parent=15727"}],"curies":[{"name":"wp","href":"https:\/\/api.w.org\/{rel}","templated":true}]}}