{"id":15722,"date":"2019-02-26T12:18:44","date_gmt":"2019-02-26T12:18:44","guid":{"rendered":"http:\/\/www.ipcszeged.hu\/?page_id=15722"},"modified":"2019-07-29T13:06:41","modified_gmt":"2019-07-29T13:06:41","slug":"xii-tesz-vesz-tavasz-2019","status":"publish","type":"page","link":"https:\/\/ipcszeged.hu\/index.php\/programok-ahol-megtalalsz-bennunket\/tesz-vesz-tavasz\/xii-tesz-vesz-tavasz-2019\/","title":{"rendered":"XII. Tesz-Vesz Tavasz 2019"},"content":{"rendered":"\n<p>Id\u00e9n XII. alkalommal ker\u00fcl megrendez\u00e9sre a Szeged \u2013 Csan\u00e1di Egyh\u00e1zmegye m\u00e1r hagyom\u00e1nny\u00e1 v\u00e1lt \u00f6nk\u00e9ntes programja a&nbsp;<strong>TESZ \u2013 VESZ &#8211; TAVASZ<\/strong>. A program c\u00e9lja r\u00e1\u00e9breszteni a fiatalokat az&nbsp;<strong>\u00f6nk\u00e9ntess\u00e9gre<\/strong>, a&nbsp;<strong>kreat\u00edv feladatokra<\/strong>, valamint arra, hogy v\u00e1llal\u00e1saik \u00e9s egy\u00e9ni kezdem\u00e9nyez\u00e9seik \u00e1ltal saj\u00e1t k\u00f6rnyezet\u00fck hi\u00e1nyoss\u00e1gait p\u00f3tolj\u00e1k, vagy jav\u00edts\u00e1k.<\/p>\n\n\n\n<p>Ma m\u00e1r elmondhatjuk, hogy az \u00e9vek sor\u00e1n t\u00f6bb ezer \u00f6nk\u00e9ntes, k\u00fcl\u00f6nb\u00f6z\u0151 projektekben v\u00e9gzett szolg\u00e1latot<font color=\"#007fac\">.<\/font><\/p>\n\n\n\n<p>A program h\u00e1rom f\u0151 tev\u00e9kenys\u00e9gi ter\u00fclete:<\/p>\n\n\n\n<ul class=\"wp-block-list\"><li>K\u00f6rnyezetv\u00e9delmi <\/li><li>Szoci\u00e1lis <\/li><li>Kultur\u00e1lis<\/li><\/ul>\n\n\n\n<p>A k\u00f6rnyezet tudatoss\u00e1g \u00e9s a szoci\u00e1lis\nfelel\u0151ss\u00e9g mellett a program igyekszik er\u0151s\u00edteni egyh\u00e1zmegyei identit\u00e1studatot\nis. Ennek a tudatnak elm\u00e9ly\u00edt\u00e9sek\u00e9nt id\u00e9n is figyelmet szeretn\u00e9nk szentelni a\ntemplomokra \u00e9s a templom kertek rendbe t\u00e9tel\u00e9re \u00e9s megtiszt\u00edt\u00e1s\u00e1ra. Arra k\u00e9rj\u00fck\na v\u00e1llalkoz\u00f3 kedv\u0171 csoportokat, akik szeretn\u00e9nek r\u00e9szt venni a programon, hogy a\nsaj\u00e1t telep\u00fcl\u00e9s\u00fck\u00f6n l\u00e9v\u0151 templomot, k\u00e1poln\u00e1t keress\u00e9k fel, \u00e9s kapcsol\u00f3djanak be\na Tesz-Vesz Tavasz munk\u00e1j\u00e1ba.<\/p>\n\n\n\n<p>A programra f\u0151k\u00e9nt pl\u00e9b\u00e1niai\nifj\u00fas\u00e1gi csoportok, katolikus iskol\u00e1k \u00e9s oszt\u00e1lyaik jelentkez\u00e9s\u00e9t v\u00e1rjuk egy\n\u00e1ltaluk megnevezett tev\u00e9kenys\u00e9ggel.<\/p>\n\n\n\n<p><strong>Projekt id\u0151pontja: 2019. m\u00e1rcius 18-24.<\/strong><\/p>\n\n\n\n<p>Jelentkez\u00e9si hat\u00e1rid\u0151:&nbsp;<strong>2019. m\u00e1rcius 12. (kedd)<\/strong><\/p>\n\n\n\n<p style=\"text-align:center\"><strong>REGISZTR\u00c1LOK<\/strong><\/p>\n\n\n\n<p><a href=\"https:\/\/docs.google.com\/forms\/d\/e\/1FAIpQLSewjgmx11M6QaKkgTlPb4U2Yu4IeoYhkn1cm0Is7SQEsupCmQ\/viewform\">https:\/\/docs.google.com\/forms\/d\/e\/1FAIpQLSewjgmx11M6QaKkgTlPb4U2Yu4IeoYhkn1cm0Is7SQEsupCmQ\/viewform<\/a><\/p>\n\n\n\n<p><\/p>\n ","protected":false},"excerpt":{"rendered":"<p>Id\u00e9n XII. alkalommal ker\u00fcl megrendez\u00e9sre a Szeged \u2013 Csan\u00e1di Egyh\u00e1zmegye m\u00e1r hagyom\u00e1nny\u00e1 v\u00e1lt \u00f6nk\u00e9ntes programja a&nbsp;TESZ \u2013 VESZ &#8211; TAVASZ. A program c\u00e9lja r\u00e1\u00e9breszteni a fiatalokat az&nbsp;\u00f6nk\u00e9ntess\u00e9gre, a&nbsp;kreat\u00edv feladatokra, valamint arra, hogy v\u00e1llal\u00e1saik \u00e9s egy\u00e9ni kezdem\u00e9nyez\u00e9seik \u00e1ltal saj\u00e1t k\u00f6rnyezet\u00fck hi\u00e1nyoss\u00e1gait p\u00f3tolj\u00e1k, vagy jav\u00edts\u00e1k. Ma m\u00e1r elmondhatjuk, hogy az \u00e9vek sor\u00e1n t\u00f6bb ezer \u00f6nk\u00e9ntes, k\u00fcl\u00f6nb\u00f6z\u0151 projektekben&hellip; <br \/> <a class=\"read-more\" href=\"https:\/\/ipcszeged.hu\/index.php\/programok-ahol-megtalalsz-bennunket\/tesz-vesz-tavasz\/xii-tesz-vesz-tavasz-2019\/\">Read more<\/a><\/p>\n","protected":false},"author":1,"featured_media":0,"parent":268,"menu_order":0,"comment_status":"closed","ping_status":"closed","template":"","meta":{"ngg_post_thumbnail":0,"footnotes":""},"class_list":["post-15722","page","type-page","status-publish","hentry"],"_links":{"self":[{"href":"https:\/\/ipcszeged.hu\/index.php\/wp-json\/wp\/v2\/pages\/15722","targetHints":{"allow":["GET"]}}],"collection":[{"href":"https:\/\/ipcszeged.hu\/index.php\/wp-json\/wp\/v2\/pages"}],"about":[{"href":"https:\/\/ipcszeged.hu\/index.php\/wp-json\/wp\/v2\/types\/page"}],"author":[{"embeddable":true,"href":"https:\/\/ipcszeged.hu\/index.php\/wp-json\/wp\/v2\/users\/1"}],"replies":[{"embeddable":true,"href":"https:\/\/ipcszeged.hu\/index.php\/wp-json\/wp\/v2\/comments?post=15722"}],"version-history":[{"count":2,"href":"https:\/\/ipcszeged.hu\/index.php\/wp-json\/wp\/v2\/pages\/15722\/revisions"}],"predecessor-version":[{"id":15775,"href":"https:\/\/ipcszeged.hu\/index.php\/wp-json\/wp\/v2\/pages\/15722\/revisions\/15775"}],"up":[{"embeddable":true,"href":"https:\/\/ipcszeged.hu\/index.php\/wp-json\/wp\/v2\/pages\/268"}],"wp:attachment":[{"href":"https:\/\/ipcszeged.hu\/index.php\/wp-json\/wp\/v2\/media?parent=15722"}],"curies":[{"name":"wp","href":"https:\/\/api.w.org\/{rel}","templated":true}]}}