{"id":14786,"date":"2018-11-19T12:16:46","date_gmt":"2018-11-19T12:16:46","guid":{"rendered":"http:\/\/www.ipcszeged.hu\/?page_id=14786"},"modified":"2018-11-20T08:33:36","modified_gmt":"2018-11-20T08:33:36","slug":"motivacio-neked","status":"publish","type":"page","link":"https:\/\/ipcszeged.hu\/index.php\/fiatalokrol-fiataloknak\/motivacio-neked\/","title":{"rendered":"Motiv\u00e1ci\u00f3 NEKED"},"content":{"rendered":"<p style=\"text-align: justify;\">Nagyon sz\u00e9pen k\u00f6sz\u00f6nj\u00fck az interj\u00fat Kov\u00e1cs Zolt\u00e1n aty\u00e1nak, amelyet a Szeged-Csan\u00e1di Egyh\u00e1zmegye Ifj\u00fas\u00e1gpasztor\u00e1ci\u00f3s Irod\u00e1j\u00e1nak adott!<\/p>\n<p style=\"text-align: justify;\">A k\u00e9rd\u00e9sekre adott v\u00e1laszaival szeretne titeket motiv\u00e1lni arra, hogy az \u00e9let milyen soksz\u00edn\u0171, hogy mennyi lehet\u0151s\u00e9g rejlik benne, \u00e9s hogy haszn\u00e1ljatok ki Isten \u00e1ltal adott minden lehet\u0151s\u00e9get!<\/p>\n<ol style=\"text-align: justify;\">\n<li><strong>Sz\u00e1modra mi a legnagyobb motiv\u00e1ci\u00f3s forr\u00e1s?<\/strong><\/li>\n<\/ol>\n<p style=\"text-align: justify;\">Nos, alapvet\u0151en olyan embernek tartom magam, akit neh\u00e9z k\u00edv\u00fclr\u0151l motiv\u00e1lni. Nehezen viselem azt, ha m\u00e1s akarja megmondani, hogy mit csin\u00e1ljak, vagy ha \u00e9rzem, hogy valaki nagyon akarja a saj\u00e1t elk\u00e9pzel\u00e9s\u00e9t rajtam \u00e9rv\u00e9nyes\u00edteni. Ebben az Isten a kiv\u00e9tel alapvet\u0151en. \u0150 motiv\u00e1l, mert megtapasztaltam, hogy az \u0150 akarata mindig az \u00e9n boldogs\u00e1gomat szolg\u00e1lja. Persze azt is tudom, hogy nem azonnal, hanem az \u00f6sszk\u00e9pet tekintve a v\u00e9gs\u0151 kiegyenl\u00edt\u00e9sn\u00e9l. Ez\u00e9rt, ha tudom valamir\u0151l, hogy Isten szeretn\u00e9 v\u00e9ghez vinni az \u00e9letemben, akkor az nagyon motiv\u00e1l, hogy meg is tegyem. Nem szabad ugyanakkor Isten akarat\u00e1t t\u00falmisztifik\u00e1lni. A kell\u0151 mennyis\u00e9g\u0171 csendes ima, az Isten szav\u00e1n val\u00f3 elm\u00e9lked\u00e9ssel t\u00f6lt\u00f6tt id\u0151, mindig megadja azt a bens\u0151 ir\u00e1nyt\u0171t, amely c\u00e9lokat kit\u0171zve motiv\u00e1l.<\/p>\n<h6 style=\"text-align: center;\">\u0150 (Isten) motiv\u00e1l, mert megtapasztaltam, hogy az \u0150 akarata mindig az \u00e9n boldogs\u00e1gomat szolg\u00e1lja.<\/h6>\n<hr>\n<ol style=\"text-align: justify;\" start=\"2\">\n<li><strong>Ki a p\u00e9ldak\u00e9ped, \u00e9s mi\u00e9rt?<\/strong><\/li>\n<\/ol>\n<p style=\"text-align: justify;\">Mindenkiben m\u00e1s fog meg. Sosem \u00e1ll\u00edtottam magam el\u00e9 egy kimondott p\u00e9ldak\u00e9pet a k\u00f6rnyezetemb\u0151l vagy a k\u00f6z\u00e9letb\u0151l. Az \u00e9let sz\u00e1momra t\u00fal sz\u00fcrke lenne, ha azt mondan\u00e1m, hogy \u0151 a p\u00e9ldak\u00e9pem, ilyen akarok lenni, ez a c\u00e9l. Amikor ugyanis tal\u00e1lok valakiben valamit, amire sz\u00edvesen hasonl\u00edtan\u00e9k, akkor tal\u00e1lok egy tucat dolgot, amiben k\u00fcl\u00f6nb\u00f6z\u00fcnk. Ha ki kellene emelni bizonyos szem\u00e9lyeket \u00fagy \u00e9rzem, hogy vagy az egyikkel, vagy a m\u00e1sikkal szemben nem voln\u00e9k fair. Egy j\u00f3 katolikus v\u00e1lasz tal\u00e1n az, hogy mivel J\u00e9zus minden mindenben, ez\u00e9rt \u0150 az, aki egyed\u00fcl p\u00e1ly\u00e1zhat a 100%-os p\u00e9ldak\u00e9p c\u00edmre.<\/p>\n<h6 style=\"text-align: center;\">Egy j\u00f3 katolikus v\u00e1lasz tal\u00e1n az, hogy mivel J\u00e9zus minden mindenben, ez\u00e9rt \u0150 az, aki egyed\u00fcl p\u00e1ly\u00e1zhat a 100%-os p\u00e9ldak\u00e9p c\u00edmre.<\/h6>\n<hr>\n<ol style=\"text-align: justify;\" start=\"3\">\n<li><strong>Mi\u00e9rt gondolod azt, hogy fontos a mai vil\u00e1gban is Isten?<\/strong><\/li>\n<\/ol>\n<p style=\"text-align: justify;\">Az a jelens\u00e9g, hogy Isten fontoss\u00e1g\u00e1t megk\u00e9rd\u0151jelezz\u00fck eur\u00f3pai t\u00fcnet. Minden m\u00e1s n\u00e9p felfogja azt, hogy az \u00e9let aj\u00e1nd\u00e9k, amit Valakit\u0151l kaptunk. De itt nem \u00e1ll meg a t\u00f6rt\u00e9net. Ez az Isten, aki megteremtette az eget \u00e9s a f\u00f6ldet, szem\u00e9lyes kapcsolatban szeretne vel\u00fcnk lenni. Akar sugallataival \u00e9s a lelk\u00fcnkben tapasztalhat\u00f3 finom ind\u00edt\u00e1sokon kereszt\u00fcl vezetni benn\u00fcnket afel\u00e9, hogy \u00f6nmagunk legjobb verzi\u00f3i lehess\u00fcnk. A mai sz\u00e1mtalan lehet\u0151s\u00e9g szorong\u00e1ssal t\u00f6lti el a fiatalokat. Ezen k\u00edv\u00fcl annyi h\u00e1trah\u00faz\u00f3 \u00e9rzelem \u00e9s akad\u00e1ly tapasztalhat\u00f3. Isten abban szeretne benn\u00fcnket vezetni, hogy felejts\u00fck el a szorong\u00e1st \u00e9s a k\u00eds\u00e9rt\u00e9seket (h\u00e1trah\u00faz\u00f3 gondolatokat \u00e9s \u00e9rz\u00e9seket), k\u00f6vess\u00fck \u0151t, \u00e9s \u00edgy tal\u00e1ljuk meg \u00f6nmagunk hely\u00e9t az \u00e9letben. Ez fontos, nem?<\/p>\n<h6 style=\"text-align: center;\">Isten abban szeretne benn\u00fcnket vezetni, hogy felejts\u00fck el a szorong\u00e1st \u00e9s a k\u00eds\u00e9rt\u00e9seket, k\u00f6vess\u00fck \u0151t, \u00e9s \u00edgy tal\u00e1ljuk meg \u00f6nmagunk hely\u00e9t az \u00e9letben.<\/h6>\n<hr>\n<ol style=\"text-align: justify;\" start=\"4\">\n<li><strong>Mi\u00e9rt j\u00f3, ha tartozunk k\u00f6z\u00f6ss\u00e9ghez?<\/strong><\/li>\n<\/ol>\n<p style=\"text-align: justify;\">Az ember t\u00e1rsas l\u00e9ny \u2013 mond\u00e1 valami nagyokos. De ahogy \u00f6regszik az ember, r\u00e1d\u00f6bben, hogy t\u00e9nyleg. Azaz, eljut az ember agy\u00e1ig, hogy hi\u00e1ba vannak j\u00f3 cuccaim, j\u00f3 h\u00e1zam, aut\u00f3m, nyaral\u00f3m, men\u0151 ruh\u00e1im, ha egyed\u00fcl vagyok, a mag\u00e1nyoss\u00e1g belemar a lelkembe, mert az boldogg\u00e1 tesz benn\u00fcnket, ha van kivel meg\u00e9lni dolgokat. Ugyanakkor, ezzel szemben, az j\u00f3 tapasztalat, hogy amikor pl. t\u00e1borozunk vagy hittanos csoportba j\u00e1runk, akkor az olyannyira fel tud t\u00f6lteni benn\u00fcnket \u00e9s olyan \u00faj lend\u00fcletet adhat nek\u00fcnk, ami kihat az \u00e9v\u00fcnk, het\u00fcnk tov\u00e1bbi alakul\u00e1s\u00e1ra. A k\u00f6z\u00f6ss\u00e9gben tudjuk meg\u00e9lni azt a tervet, amire Isten h\u00edv benn\u00fcnket, teh\u00e1t csak k\u00f6z\u00f6ss\u00e9gben lehet\u00fcnk \u00f6nmagunk legjobb verzi\u00f3i. Ez persze att\u00f3l f\u00fcgg, hogy van-e hit a k\u00f6z\u00f6ss\u00e9gben. A vasat is csak egy m\u00e1sik vas tudja \u00e9lezni.<\/p>\n<h6 style=\"text-align: center;\">Az ember t\u00e1rsas l\u00e9ny \u2013 mond\u00e1 valami nagyokos.<\/h6>\n<hr>\n<ol style=\"text-align: justify;\" start=\"5\">\n<li><strong>Milyen weboldalt aj\u00e1nlan\u00e1l a fiataloknak?<\/strong><\/li>\n<\/ol>\n<p style=\"text-align: justify;\">Azt aj\u00e1nlom, hogy Facebookon l\u00e1jkoljanak min\u00e9l t\u00f6bb olyan oldalt, ami \u00e9rt\u00e9kes, katolikus cuccokat k\u00f6zvet\u00edt. \u00c9n szeretem pl. a Catholic Memes, 777blog meg az ehhez hasonl\u00f3 oldalakat. De ilyeneket nem neh\u00e9z mostans\u00e1g tal\u00e1lni. Egy kicsit t\u00f6bb id\u0151t ig\u00e9nyel felkutatni olyan blogokat, amelyeken valaki \u00edr h\u00e9tk\u00f6znapi \u00e9let\u00e9r\u0151l \u00e9s istenkapcsolat\u00e1r\u00f3l. Ezek nagy kincsek tudnak lenni.<\/p>\n<h6 style=\"text-align: center;\">Min\u00e9l t\u00f6bb olyan oldalt, ami \u00e9rt\u00e9kes, katolikus cuccokat k\u00f6zvet\u00edt.<\/h6>\n<hr>\n<ol style=\"text-align: justify;\" start=\"6\">\n<li><strong>Tudsz-e olyan \u00e9lethelyzetet mondani az \u00e9ltedb\u0151l, ami meglep\u0151, de motiv\u00e1l\u00f3?<\/strong><\/li>\n<\/ol>\n<p style=\"text-align: justify;\">Az, hogy Isten papnak h\u00edvott. Az\u00e9rt volt meglep\u0151, mert mindenre gondoltam (hentest\u0151l a m\u00e9rn\u00f6kig), csak erre nem. Eleinte ezt a bens\u0151 \u00e9rz\u00e9st le akartam tagadni, de miut\u00e1n vissza-visszat\u00e9rt, ut\u00e1naj\u00e1rtam. Akkor tudtam csak igent mondani, amikor megl\u00e1ttam, hogy ebben van boldogs\u00e1g. Isten megadta ezt a tapasztalatot. Ez a meglep\u0151 dolog azt\u00e1n motiv\u00e1lt, hogy odaadjam az \u00e9letemet Istennek, \u00e9s hogy ezt min\u00e9l jobban tegyem.<\/p>\n<h6 style=\"text-align: center;\">Az, hogy Isten papnak h\u00edvott.<\/h6>\n<hr>\n<ol style=\"text-align: justify;\" start=\"7\">\n<li><strong>Mit gondolsz, hogy kereszt\u00e9nyk\u00e9nt mennyire kell elszakadnunk a &#8220;vil\u00e1gi&#8221; dolgokt\u00f3l?<\/strong><\/li>\n<\/ol>\n<p style=\"text-align: justify;\">Amennyire h\u00e1tr\u00e1ltatnak benn\u00fcnket abban, hogy \u00f6nmagunk legjobb verzi\u00f3i legy\u00fcnk. Valaki sok vil\u00e1gi dologgal rendelkezik, de az els\u0151 m\u00e9gis az Isten. Ezzel szemben valakit ez teljesen megh\u00fcly\u00edt \u00fagy, hogy elfelejti az Istent. Az a l\u00e9nyeg, hogy ha Isten k\u00e9r valamit, akkor oda tudjuk adni neki. Ha t\u00fal sokat foglalkozunk egy dologgal, akkor Isten n\u00e9ha elk\u00e9ri az\u00e9rt, hogy megtan\u00edtson a helyes hozz\u00e1\u00e1ll\u00e1sra, illetve az igazs\u00e1gra, hogy \u201eha \u0151 nem dolgozik vel\u00fcnk, akkor mi hi\u00e1ba k\u00fcszk\u00f6d\u00fcnk.\u201d (v\u00f6. Zsolt 127)<\/p>\n<h6 style=\"text-align: center;\">Amennyire h\u00e1tr\u00e1ltatnak benn\u00fcnket.<\/h6>\n<hr>\n<ol style=\"text-align: justify;\" start=\"8\">\n<li><strong>Istennek mely tulajdons\u00e1gai motiv\u00e1lnak?<\/strong><\/li>\n<\/ol>\n<p style=\"text-align: justify;\">Isten irgalmass\u00e1ga az a szeretet, amely megnyilv\u00e1nul ir\u00e1ntunk a b\u0171n\u00f6k ellen\u00e9re. Isten sz\u00edv\u00e9nek k\u00f6zep\u00e9n van az, hogy \u0150 szeret benn\u00fcnket akkor is, ha mi b\u0171neinkben vagyunk. Pr\u00f3b\u00e1lja kiszeretni bel\u0151l\u00fcnk a j\u00f3t, amennyire hagyjuk. Ezt a tulajdons\u00e1got elsaj\u00e1t\u00edtani csak \u00fagy lehet, ha rendszeresen id\u0151t t\u00f6lt\u00fcnk Isten jelenl\u00e9t\u00e9ben. Ha k\u00f6zel megy\u00fcnk hozz\u00e1 a Szentmis\u00e9ben \u00e9s az Olt\u00e1riszents\u00e9gben, \u0150 \u00e1tform\u00e1lja sz\u00edv\u00fcnket \u00e9s motiv\u00e1l arra, hogy az \u0150 irgalmass\u00e1g\u00e1t kivigy\u00fck az emberek k\u00f6z\u00e9. Csak annyit kell tenni, hogy meg\u00e9rtj\u00fck, hogy \u0150 mit tett vel\u00fcnk, \u00e9s ezt tov\u00e1bb adjuk m\u00e1soknak a vil\u00e1gban. Ez a tulajdons\u00e1ga nagyon motiv\u00e1l \u00e9s amikor ezt siker\u00fcl meg\u00e9lnem, \u00fagy \u00e9rzem, hogy helyemen vagyok a vil\u00e1gban. Az egyh\u00e1z az irgalmass\u00e1g 14 fajt\u00e1j\u00e1t k\u00fcl\u00f6nb\u00f6zteti meg, teh\u00e1t lehet v\u00e1lasztani, hogy kihez mi illik a legjobban.<\/p>\n<h6 style=\"text-align: center;\">Isten irgalmass\u00e1ga nagyon motiv\u00e1l \u00e9s amikor ezt siker\u00fcl meg\u00e9lnem, \u00fagy \u00e9rzem, hogy helyemen vagyok a vil\u00e1gban.<\/h6>\n<hr>\n<ol style=\"text-align: justify;\" start=\"9\">\n<li><strong>Mi motiv\u00e1l tanul\u00e1sra, olvas\u00e1sra \u00e9s a folyamatos fejl\u0151d\u00e9sre?<\/strong><\/li>\n<\/ol>\n<p style=\"text-align: justify;\">Tetszik a tanul\u00e1s teremt\u0151 ereje. Itt \u00e9ppens\u00e9ggel nem a sz\u00e1raz inform\u00e1ci\u00f3s adatok bemagol\u00e1s\u00e1ra gondolok. Ink\u00e1bb arra a jelens\u00e9gre, ahogy a dolgok \u00faj, m\u00e9lyebb meg\u00e9rt\u00e9se fejleszti a gondolkod\u00e1st. Az a legjobb tanul\u00e1s, amikor tapasztalataimb\u00f3l levonom a kell\u0151 k\u00f6vetkeztet\u00e9seket, \u00e9s \u00faj utat tal\u00e1lok, hogy az \u00e9let tov\u00e1bb fejl\u0151dj\u00f6n. A lelki \u00e9letben \u00e9s a gyakorlati \u00e9letben is fontos a tanul\u00e1s. A lelki \u00e9letben nagyon fontos megtanulni, hogy mihez kezdjek a saj\u00e1t \u00e9rz\u00e9seimmel. Az az ember, aki elsaj\u00e1t\u00edtja az \u00e9rzelmi intelligenci\u00e1t, nagyon stabil alapot kap \u00e9lethivat\u00e1s\u00e1ban. Isten erre egy\u00e9bk\u00e9nt sz\u00fcntelen\u00fcl motiv\u00e1l. M\u00e1sr\u00e9szt, amikor gyakorlati dolgok kapcs\u00e1n is fontos lesz\u0171rni a tanuls\u00e1gokat. Lehet, hogy ami az egyik gener\u00e1ci\u00f3nak kell\u0151en kifejezte a hit l\u00e9nyeg\u00e9t, az a m\u00e1sik gener\u00e1ci\u00f3t\u00f3l t\u00e1vol \u00e1ll. Olykor a templomi \u00e9nekeinkkel kapcsolatban tapasztalom ezt meg, amikor 1674-es sz\u00f6vegel\u00e9s\u0171 \u00e9nekekkel vesz\u00fcnk r\u00e9szt a Szentmis\u00e9n. Itt is fontos megtanulni, hogy nem a hit elavult, csak olykor annak kifejez\u00e9si form\u00e1i. Papk\u00e9nt fontos sz\u00e1momra, hogy a r\u00e1m b\u00edzottak hite \u00e9l\u0151 legyen. Ez\u00e9rt \u00e9rdekel ez annyira.<\/p>\n<h6 style=\"text-align: center;\">Tetszik a tanul\u00e1s teremt\u0151 ereje.<\/h6>\n<p style=\"text-align: justify;\">&nbsp;<\/p>\n<p style=\"text-align: justify;\">Sz\u00f6veg: Kov\u00e1cs Zolt\u00e1n<\/p>\n<p style=\"text-align: justify;\">Fot\u00f3: Sz\u0171cs Sebesty\u00e9n<\/p>\n ","protected":false},"excerpt":{"rendered":"<p>Nagyon sz\u00e9pen k\u00f6sz\u00f6nj\u00fck az interj\u00fat Kov\u00e1cs Zolt\u00e1n aty\u00e1nak, amelyet a Szeged-Csan\u00e1di Egyh\u00e1zmegye Ifj\u00fas\u00e1gpasztor\u00e1ci\u00f3s Irod\u00e1j\u00e1nak adott! A k\u00e9rd\u00e9sekre adott v\u00e1laszaival szeretne titeket motiv\u00e1lni arra, hogy az \u00e9let milyen soksz\u00edn\u0171, hogy mennyi lehet\u0151s\u00e9g rejlik benne, \u00e9s hogy haszn\u00e1ljatok ki Isten \u00e1ltal adott minden lehet\u0151s\u00e9get! Sz\u00e1modra mi a legnagyobb motiv\u00e1ci\u00f3s forr\u00e1s? Nos, alapvet\u0151en olyan embernek tartom magam, akit&hellip; <br \/> <a class=\"read-more\" href=\"https:\/\/ipcszeged.hu\/index.php\/fiatalokrol-fiataloknak\/motivacio-neked\/\">Read more<\/a><\/p>\n","protected":false},"author":1,"featured_media":0,"parent":7374,"menu_order":2,"comment_status":"closed","ping_status":"closed","template":"","meta":{"ngg_post_thumbnail":0,"footnotes":""},"class_list":["post-14786","page","type-page","status-publish","hentry"],"_links":{"self":[{"href":"https:\/\/ipcszeged.hu\/index.php\/wp-json\/wp\/v2\/pages\/14786","targetHints":{"allow":["GET"]}}],"collection":[{"href":"https:\/\/ipcszeged.hu\/index.php\/wp-json\/wp\/v2\/pages"}],"about":[{"href":"https:\/\/ipcszeged.hu\/index.php\/wp-json\/wp\/v2\/types\/page"}],"author":[{"embeddable":true,"href":"https:\/\/ipcszeged.hu\/index.php\/wp-json\/wp\/v2\/users\/1"}],"replies":[{"embeddable":true,"href":"https:\/\/ipcszeged.hu\/index.php\/wp-json\/wp\/v2\/comments?post=14786"}],"version-history":[{"count":6,"href":"https:\/\/ipcszeged.hu\/index.php\/wp-json\/wp\/v2\/pages\/14786\/revisions"}],"predecessor-version":[{"id":14798,"href":"https:\/\/ipcszeged.hu\/index.php\/wp-json\/wp\/v2\/pages\/14786\/revisions\/14798"}],"up":[{"embeddable":true,"href":"https:\/\/ipcszeged.hu\/index.php\/wp-json\/wp\/v2\/pages\/7374"}],"wp:attachment":[{"href":"https:\/\/ipcszeged.hu\/index.php\/wp-json\/wp\/v2\/media?parent=14786"}],"curies":[{"name":"wp","href":"https:\/\/api.w.org\/{rel}","templated":true}]}}