{"id":14767,"date":"2018-11-15T10:39:30","date_gmt":"2018-11-15T10:39:30","guid":{"rendered":"http:\/\/www.ipcszeged.hu\/?page_id=14767"},"modified":"2018-11-15T10:39:30","modified_gmt":"2018-11-15T10:39:30","slug":"2018-11-08-i-talalkozas","status":"publish","type":"page","link":"https:\/\/ipcszeged.hu\/index.php\/fiatalokrol-fiataloknak\/ifjusagi-kozossegek\/ifjusagi-kozossegek-vezetoinek-talalkozoi\/2018-11-08-i-talalkozas\/","title":{"rendered":"2018. 11. 08-i tal\u00e1lkoz\u00e1s"},"content":{"rendered":"<p>Nagy \u00f6r\u00f6m volt sz\u00e1munkra, hogy t\u00f6bb, mint h\u00fasz k\u00f6z\u00f6ss\u00e9ggel elkezd\u0151d\u00f6tt egy egy\u00fcttm\u0171k\u00f6d\u00e9s.<\/p>\n<h3>Mi volt a c\u00e9lja a tal\u00e1lkoz\u00f3nak?<\/h3>\n<p>Az Ifj\u00fas\u00e1gpasztor\u00e1ci\u00f3s Iroda szeretne egyfajta f\u00f3rum lenni a Szeged-Csan\u00e1di Egyh\u00e1zmegy\u00e9ben l\u00e9trej\u00f6tt pl\u00e9b\u00e1ni\u00e1khoz kapcsol\u00f3d\u00f3 ifj\u00fas\u00e1gi k\u00f6z\u00f6ss\u00e9geknek. C\u00e9lunk, hogy ezek a csoportok megismerj\u00e9k egym\u00e1st, \u00e9s azok a fiatalok, akik nem azt az adott k\u00f6z\u00f6ss\u00e9get keresik, a k\u00f6z\u00f6ss\u00e9gvezet\u0151k eltudj\u00e1k ahhoz ir\u00e1ny\u00edtani, amelyr\u0151l \u00fagy gondolj\u00e1k, hogy megfelel\u0151 lenne a fiatal sz\u00e1m\u00e1ra.<\/p>\n<h3>Az este mott\u00f3ja<\/h3>\n<h4>\u201cA test ugyan egy, de sok tagja van, a testnek ez a sok tagja azonban m\u00e9gis egy test. \u00cdgy Krisztus is.\u201d (1Kor 12,12)<\/h4>\n<p>Az est\u00e9t meghat\u00e1rozta a mott\u00f3, amely arra utalt, hogy hi\u00e1ba vagyunk k\u00fcl\u00f6nb\u00f6z\u0151 telep\u00fcl\u00e9seken, hi\u00e1ba rendelkez\u00fcnk egy\u00e9ni szem\u00e9lyis\u00e9ggel, \u00e9s hi\u00e1ba m\u00e1smilyen az \u00e9let\u00fcnk, ha egy c\u00e9l\u00e9rt dolgozunk, Isten\u00e9rt!<\/p>\n<h3>J\u00f6v\u0151betekint\u00e9s<\/h3>\n<p>A k\u00f6z\u00f6s egy\u00fcttm\u0171k\u00f6d\u00e9s kialak\u00edt\u00e1sa a Krisztus \u00e1ltal el\u0151revet\u00edtett c\u00e9l \u00e9rdek\u00e9ben.<\/p>\nngg_shortcode_0_placeholder\n ","protected":false},"excerpt":{"rendered":"<p>Nagy \u00f6r\u00f6m volt sz\u00e1munkra, hogy t\u00f6bb, mint h\u00fasz k\u00f6z\u00f6ss\u00e9ggel elkezd\u0151d\u00f6tt egy egy\u00fcttm\u0171k\u00f6d\u00e9s. Mi volt a c\u00e9lja a tal\u00e1lkoz\u00f3nak? Az Ifj\u00fas\u00e1gpasztor\u00e1ci\u00f3s Iroda szeretne egyfajta f\u00f3rum lenni a Szeged-Csan\u00e1di Egyh\u00e1zmegy\u00e9ben l\u00e9trej\u00f6tt pl\u00e9b\u00e1ni\u00e1khoz kapcsol\u00f3d\u00f3 ifj\u00fas\u00e1gi k\u00f6z\u00f6ss\u00e9geknek. C\u00e9lunk, hogy ezek a csoportok megismerj\u00e9k egym\u00e1st, \u00e9s azok a fiatalok, akik nem azt az adott k\u00f6z\u00f6ss\u00e9get keresik, a k\u00f6z\u00f6ss\u00e9gvezet\u0151k eltudj\u00e1k ahhoz&hellip; <br \/> <a class=\"read-more\" href=\"https:\/\/ipcszeged.hu\/index.php\/fiatalokrol-fiataloknak\/ifjusagi-kozossegek\/ifjusagi-kozossegek-vezetoinek-talalkozoi\/2018-11-08-i-talalkozas\/\">Read more<\/a><\/p>\n","protected":false},"author":1,"featured_media":0,"parent":14761,"menu_order":0,"comment_status":"closed","ping_status":"closed","template":"","meta":{"ngg_post_thumbnail":0,"footnotes":""},"class_list":["post-14767","page","type-page","status-publish","hentry"],"_links":{"self":[{"href":"https:\/\/ipcszeged.hu\/index.php\/wp-json\/wp\/v2\/pages\/14767","targetHints":{"allow":["GET"]}}],"collection":[{"href":"https:\/\/ipcszeged.hu\/index.php\/wp-json\/wp\/v2\/pages"}],"about":[{"href":"https:\/\/ipcszeged.hu\/index.php\/wp-json\/wp\/v2\/types\/page"}],"author":[{"embeddable":true,"href":"https:\/\/ipcszeged.hu\/index.php\/wp-json\/wp\/v2\/users\/1"}],"replies":[{"embeddable":true,"href":"https:\/\/ipcszeged.hu\/index.php\/wp-json\/wp\/v2\/comments?post=14767"}],"version-history":[{"count":1,"href":"https:\/\/ipcszeged.hu\/index.php\/wp-json\/wp\/v2\/pages\/14767\/revisions"}],"predecessor-version":[{"id":14769,"href":"https:\/\/ipcszeged.hu\/index.php\/wp-json\/wp\/v2\/pages\/14767\/revisions\/14769"}],"up":[{"embeddable":true,"href":"https:\/\/ipcszeged.hu\/index.php\/wp-json\/wp\/v2\/pages\/14761"}],"wp:attachment":[{"href":"https:\/\/ipcszeged.hu\/index.php\/wp-json\/wp\/v2\/media?parent=14767"}],"curies":[{"name":"wp","href":"https:\/\/api.w.org\/{rel}","templated":true}]}}