{"id":14764,"date":"2018-11-15T10:37:46","date_gmt":"2018-11-15T10:37:46","guid":{"rendered":"http:\/\/www.ipcszeged.hu\/?page_id=14764"},"modified":"2018-12-12T10:47:36","modified_gmt":"2018-12-12T10:47:36","slug":"kozossegek","status":"publish","type":"page","link":"https:\/\/ipcszeged.hu\/index.php\/fiatalokrol-fiataloknak\/ifjusagi-kozossegek\/kozossegek\/","title":{"rendered":"K\u00f6z\u00f6ss\u00e9gek"},"content":{"rendered":"\n<p>K\u00f6z\u00f6ss\u00e9g neve: Belv\u00e1rosi Pl\u00e9b\u00e1nia Ifiklubja<br>K\u00f6z\u00f6ss\u00e9g vezet\u0151je: T\u00f3th Evelin<br>K\u00f6z\u00f6ss\u00e9g nagys\u00e1ga: 13 f\u0151<br>Koroszt\u00e1ly: 14-18<br>K\u00f6z\u00f6ss\u00e9g jellege: &#8220;J\u00f3 egy\u00fctt lenni!&#8221;<br>Tal\u00e1lkoz\u00e1sok: <br>Helye: 6720 szeged, D\u00f3m t\u00e9r 15.<br>Rendszeress\u00e9ge: Hetente<br><br>K\u00f6z\u00f6ss\u00e9g neve: Csermely Ifj\u00fas\u00e1gi K\u00f6z\u00f6ss\u00e9g<br>K\u00f6z\u00f6ss\u00e9g vezet\u0151je: Tr\u00f3ja T\u00edmea<br>K\u00f6z\u00f6ss\u00e9g nagys\u00e1ga: 18 f\u0151<br>Koroszt\u00e1ly: 14-22<br>K\u00f6z\u00f6ss\u00e9g jellege: Hit-\u00e9let k\u00e9rd\u00e9sei<br>Tal\u00e1lkoz\u00e1sok: <br>Helye: 6781 Domasz\u00e9k, D\u00f3zsa Gy\u00f6rgy utca 2-4.<br>Rendszeress\u00e9ge: Hetente<br><br>K\u00f6z\u00f6ss\u00e9g neve: CSOKI<br>K\u00f6z\u00f6ss\u00e9g vezet\u0151je: Korm\u00e1nyos Anna Am\u00e1lia<br>K\u00f6z\u00f6ss\u00e9g nagys\u00e1ga: 10 f\u0151<br>Koroszt\u00e1ly: 20-36<br>K\u00f6z\u00f6ss\u00e9g jellege: &#8220;J\u00f3 egy\u00fctt lenni!&#8221;<br>Tal\u00e1lkoz\u00e1sok: <br>Helye: 6640. Csongr\u00e1d Kossuth t\u00e9r 4.<br>Rendszeress\u00e9ge: Hetente<br><br>K\u00f6z\u00f6ss\u00e9g neve: Eleven T\u0171z zenekar<br>K\u00f6z\u00f6ss\u00e9g vezet\u0151je: B\u00e9ni Istv\u00e1n<br>K\u00f6z\u00f6ss\u00e9g nagys\u00e1ga: 11 f\u0151<br>Koroszt\u00e1ly: 17-53<br>K\u00f6z\u00f6ss\u00e9g jellege: Zenei<br>Tal\u00e1lkoz\u00e1sok: <br>Helye: Pet\u0151fitelepi K\u00f6z\u00f6ss\u00e9gi H\u00e1z, 6727 Szeged, Csap u. 29. <br>Rendszeress\u00e9ge: Hetente<br><br>K\u00f6z\u00f6ss\u00e9g neve: Fels\u0151v\u00e1rosi Ifj\u00fas\u00e1gi Hittanos Csoport (Athleta Christi)<br>K\u00f6z\u00f6ss\u00e9g vezet\u0151je: De\u00e1k P\u00e9ter<br>K\u00f6z\u00f6ss\u00e9g nagys\u00e1ga: 14 f\u0151<br>Koroszt\u00e1ly: 13-16<br>K\u00f6z\u00f6ss\u00e9g jellege: Hit-\u00e9let k\u00e9rd\u00e9sei<br>Tal\u00e1lkoz\u00e1sok: <br>Helye: 6721 Szeged, Munk\u00e1csy u. 7-9.<br>Rendszeress\u00e9ge: Hetente<br><br>K\u00f6z\u00f6ss\u00e9g neve: Fokol\u00e1re Mozgalom<br>K\u00f6z\u00f6ss\u00e9g vezet\u0151je: Babos G\u00e1bor<br>K\u00f6z\u00f6ss\u00e9g nagys\u00e1ga: 10 f\u0151<br>Koroszt\u00e1ly: 9-18<br>K\u00f6z\u00f6ss\u00e9g jellege: Lelkis\u00e9gi mozgalomhoz kapcsol\u00f3d\u00f3<br>Tal\u00e1lkoz\u00e1sok: <br>Helye: 6726 Szeged, K\u00f6z\u00e9p Kik\u00f6t\u0151 sor 13. (Bej\u00e1rat: Jankovich u. 2.)<br>Rendszeress\u00e9ge: Alkalmank\u00e9nt<br><br>K\u00f6z\u00f6ss\u00e9g neve: F\u00f6ld S\u00f3ja Karizmatikus Ifj\u00fas\u00e1gi K\u00f6z\u00f6ss\u00e9g<br>K\u00f6z\u00f6ss\u00e9g vezet\u0151je: No\u00e9 Rebeka, Lele Krisztina<br>K\u00f6z\u00f6ss\u00e9g nagys\u00e1ga: 22<br>Koroszt\u00e1ly: 16-25<br>K\u00f6z\u00f6ss\u00e9g jellege: Lelkis\u00e9gi mozgalomhoz kapcsol\u00f3d\u00f3<br>Tal\u00e1lkoz\u00e1sok: <br>Helye: 6721 Szeged, Munk\u00e1csy u. 7-9.<br>Rendszeress\u00e9ge: Hetente<br><br>K\u00f6z\u00f6ss\u00e9g neve: GY\u00e1FiCso -Gy\u00e1lai Fiatalok Csoportja<br>K\u00f6z\u00f6ss\u00e9g vezet\u0151je: Sz\u00e1szi B\u00e1tor<br>K\u00f6z\u00f6ss\u00e9g nagys\u00e1ga: 10 f\u0151<br>Koroszt\u00e1ly: 14-17<br>K\u00f6z\u00f6ss\u00e9g jellege: &#8220;J\u00f3 egy\u00fctt lenni!&#8221;<br>Tal\u00e1lkoz\u00e1sok: <br>Helye: 6757 Szeged, Koszor\u00fa u. 46.<br>Rendszeress\u00e9ge: K\u00e9t hetente<br><br>K\u00f6z\u00f6ss\u00e9g neve: Havas Boldogasszony Anti\u00f3chia<br>K\u00f6z\u00f6ss\u00e9g vezet\u0151je: 3 sz\u00fcl\u0151p\u00e1r: B\u00e9ni Istv\u00e1n \u00e9s Anita, Varga P\u00e9ter \u00e9s Veronika, Nov\u00e1k Timor \u00e9s M\u00e1ria<br>K\u00f6z\u00f6ss\u00e9g nagys\u00e1ga: 8 f\u0151<br>Koroszt\u00e1ly: K\u00f6z\u00e9piskol\u00e1sok, egyetemist\u00e1k<br>K\u00f6z\u00f6ss\u00e9g jellege: Lelkis\u00e9gi mozgalomhoz kapcsol\u00f3d\u00f3<br>Tal\u00e1lkoz\u00e1sok: <br>Helye: 6725 Szeged, M\u00e1ty\u00e1s kir\u00e1ly t\u00e9r 26.<br>Rendszeress\u00e9ge: Hetente<br><br>K\u00f6z\u00f6ss\u00e9g neve: IFI<br>K\u00f6z\u00f6ss\u00e9g vezet\u0151je: Pis\u00e1k Attila<br>K\u00f6z\u00f6ss\u00e9g nagys\u00e1ga: 9 f\u0151<br>Koroszt\u00e1ly: 12-14<br>K\u00f6z\u00f6ss\u00e9g jellege: &#8220;J\u00f3 egy\u00fctt lenni!&#8221;<br>Tal\u00e1lkoz\u00e1sok: <br>Helye: <br>Rendszeress\u00e9ge: Hetente<br><br>K\u00f6z\u00f6ss\u00e9g neve: Ifi<br>K\u00f6z\u00f6ss\u00e9g vezet\u0151je: Cseh Mikl\u00f3s<br>K\u00f6z\u00f6ss\u00e9g nagys\u00e1ga: 6<br>Koroszt\u00e1ly: K\u00f6z\u00e9piskola \u00e9s fiatal feln\u0151ttek<br>K\u00f6z\u00f6ss\u00e9g jellege: Hit-\u00e9let k\u00e9rd\u00e9sei<br>Tal\u00e1lkoz\u00e1sok: <br>Helye: <br>Rendszeress\u00e9ge: K\u00e9t hetente<br><br>K\u00f6z\u00f6ss\u00e9g neve: Ifi k\u00f6zi<br>K\u00f6z\u00f6ss\u00e9g vezet\u0151je: M\u00e9sz\u00e1rosn\u00e9 Dob\u00f3 Kl\u00e1ra<br>K\u00f6z\u00f6ss\u00e9g nagys\u00e1ga: 6 f\u0151<br>Koroszt\u00e1ly: 15-20<br>K\u00f6z\u00f6ss\u00e9g jellege: Hit-\u00e9let k\u00e9rd\u00e9sei<br>Tal\u00e1lkoz\u00e1sok: <br>Helye: 6723 Szeged, Igl\u00f3i u. 1.<br><br>Rendszeress\u00e9ge: K\u00e9t hetente<br>K\u00f6z\u00f6ss\u00e9g neve: Ifj\u00fas\u00e1gi L\u00e1ny K\u00f6z\u00f6ss\u00e9g<br>K\u00f6z\u00f6ss\u00e9g vezet\u0151je: R\u00f3zs\u00e1n\u00e9 Nagy Nikoletta<br>K\u00f6z\u00f6ss\u00e9g nagys\u00e1ga: 5 f\u0151<br>Koroszt\u00e1ly: K\u00f6z\u00e9piskol\u00e1sok<br>K\u00f6z\u00f6ss\u00e9g jellege: Hit-\u00e9let k\u00e9rd\u00e9sei<br>Tal\u00e1lkoz\u00e1sok: <br>Helye: 6721 Szeged, Munk\u00e1csy utca 7-9.<br>Rendszeress\u00e9ge: Hetente<br><br>K\u00f6z\u00f6ss\u00e9g neve: Keksz, Csicseri ifj. k\u00f6z\u00f6ss\u00e9gek<br>K\u00f6z\u00f6ss\u00e9g vezet\u0151je: M\u00e1z\u00e1s Orsolya Marianna OP<br>K\u00f6z\u00f6ss\u00e9g nagys\u00e1ga: 14 f\u0151<br>Koroszt\u00e1ly: 16-23<br>K\u00f6z\u00f6ss\u00e9g jellege: Hit-\u00e9let k\u00e9rd\u00e9sei<br>Tal\u00e1lkoz\u00e1sok: <br>Helye: 6800 H\u00f3dmez\u0151v\u00e1s\u00e1rhely Szent Istv\u00e1n t\u00e9r 4.<br>Rendszeress\u00e9ge: Hetente<br><br>K\u00f6z\u00f6ss\u00e9g neve: Magyar Cserk\u00e9szsz\u00f6vets\u00e9g (MCSSZ), D\u00e9l-Alf\u00f6ldi ker\u00fclet<br>K\u00f6z\u00f6ss\u00e9g vezet\u0151je: Babos G\u00e1bor<br>K\u00f6z\u00f6ss\u00e9g nagys\u00e1ga: 657 f\u0151<br>Koroszt\u00e1ly: 3. oszt\u00e1lyt\u00f3l az egyetemista koroszt\u00e1lyig<br>K\u00f6z\u00f6ss\u00e9g jellege: &#8220;J\u00f3 egy\u00fctt lenni!&#8221;<br>Tal\u00e1lkoz\u00e1sok: <br>Helye:<br>\u2022    112. Kubinyi Zolt\u00e1n cserk\u00e9szcsapat, 6800 H\u00f3dmez\u0151v\u00e1s\u00e1rhely, Bercs\u00e9nyi utca 31.<br>\u00a0 \u00a0Helyi k\u00f6z\u00f6ss\u00e9g vezet\u0151 e-mail c\u00edme: hegyizsolt68@gmail.com<br>\u2022    175. Bocskai cserk\u00e9szcsapat, 5630 B\u00e9k\u00e9s, Sz\u00e9chenyi t\u00e9r 21<br>\u00a0 \u00a0Helyi k\u00f6z\u00f6ss\u00e9g vezet\u0151 e-mail c\u00edme: papreka92@gmail.com<br>\u2022    553. Szent Imre herceg cserk\u00e9szcsapat, 6640 Csongr\u00e1d, Csemegi K\u00e1roly utca 1.<br>\u00a0 \u00a0Helyi k\u00f6z\u00f6ss\u00e9g vezet\u0151 e-mail c\u00edme: csongradcserkesz@gmail.com<br>\u2022    519. B\u00e1lint S\u00e1ndor cserk\u00e9szcsapat, 6721 Szeged, Munk\u00e1csy utca 7-9.<br>\u00a0 \u00a0Helyi k\u00f6z\u00f6ss\u00e9g vezet\u0151 e-mail c\u00edme: info@519.cserkesz.hu<br>\u2022    550. M\u00e1rton \u00c1ron cserk\u00e9szcsapat, 6723 Szeged, T\u00e1tra t\u00e9r 5.<br>\u00a0 \u00a0Helyi k\u00f6z\u00f6ss\u00e9g vezet\u0151 e-mail c\u00edme: 550martonaron@gmail.com<br>\u2022    552. Petneh\u00e1zy D\u00e1vid cserk\u00e9szcsapat, 6721, Szeged, K\u00e1lv\u00e1ria t\u00e9r 2.<br>\u00a0 \u00a0Helyi k\u00f6z\u00f6ss\u00e9g vezet\u0151 e-mail c\u00edme: szilagyi4bt@gmail.com<br>\u2022    554. Kerkai Jen\u0151 cserk\u00e9szcsapat, 5700 Gyula, S\u00e1ndorhegy 2.<br>\u00a0 \u00a0Helyi k\u00f6z\u00f6ss\u00e9g vezet\u0151 e-mail c\u00edme: efszabolcs@gmail.com<br>\u2022    582. Attila cserk\u00e9szcsapat, 6600 Szentes, Erzs\u00e9bet t\u00e9r 2.\u00a0<br>\u00a0 \u00a0Helyi k\u00f6z\u00f6ss\u00e9g vezet\u0151 e-mail c\u00edme: oze.dorina@gmail.com<br>\u2022    1507. \u00c1rp\u00e1dh\u00e1zi Szent Margit cserk\u00e9szcsapat, 6725 Szeged, Szenth\u00e1roms\u00e1g u. 70\u201376.<br>\u00a0 \u00a0Helyi k\u00f6z\u00f6ss\u00e9g vezet\u0151 e-mail c\u00edme: kerilaca@gmail.com<br>\u2022    1509. Szent L\u00e1szl\u00f3 cserk\u00e9szcsapat, 6900 Mak\u00f3, Szent Istv\u00e1n t\u00e9r 14-16.<br>\u00a0 \u00a0Helyi k\u00f6z\u00f6ss\u00e9g vezet\u0151 e-mail c\u00edme: miklaipisti@gmail.com<br>\u2022    1515. Gr\u00f3f Sz\u00e9ch\u00e9nyi Mikl\u00f3s cserk\u00e9szcsapat, 5900 Orosh\u00e1za, De\u00e1k Ferenc utca 18.<br>\u00a0 \u00a0Helyi k\u00f6z\u00f6ss\u00e9g vezet\u0151 e-mail c\u00edme: laurin63@gmail.com<br>\u00a0 \u00a0Rendszeress\u00e9ge: Hetente<br><br>K\u00f6z\u00f6ss\u00e9g neve: Mak\u00f3i Munk\u00e1s- Agr\u00e1r Misszi\u00f3<br>K\u00f6z\u00f6ss\u00e9g vezet\u0151je: Kiss J\u00f3zsef Andr\u00e1s<br>K\u00f6z\u00f6ss\u00e9g nagys\u00e1ga: 40 f\u0151<br>Koroszt\u00e1ly: K\u00f6z\u00e9piskol\u00e1sok<br>K\u00f6z\u00f6ss\u00e9g jellege: Hit-\u00e9let k\u00e9rd\u00e9sei<br>Tal\u00e1lkoz\u00e1sok: <br>Helye: 6900 Mak\u00f3, Szent Istv\u00e1n t\u00e9r 22\/a<br>Rendszeress\u00e9ge: Hetente<br><br>K\u00f6z\u00f6ss\u00e9g neve: M\u00e1ria L\u00e9gi\u00f3 Ifj\u00fas\u00e1gi csoport<br>K\u00f6z\u00f6ss\u00e9g vezet\u0151je: Balogh Istv\u00e1nn\u00e9<br>K\u00f6z\u00f6ss\u00e9g nagys\u00e1ga: 15 f\u0151<br>Koroszt\u00e1ly: Jellemz\u0151en fels\u0151 tagozatosok<br>K\u00f6z\u00f6ss\u00e9g jellege: &#8220;J\u00f3 egy\u00fctt lenni!&#8221;<br>Tal\u00e1lkoz\u00e1sok: <br>Helye: 5920 Csorv\u00e1s, Istv\u00e1n kir\u00e1ly u. 28.<br>Rendszeress\u00e9ge: Hetente<br><br>K\u00f6z\u00f6ss\u00e9g neve: Munk\u00e1smisszi\u00f3<br>K\u00f6z\u00f6ss\u00e9g vezet\u0151je: K\u00f3sa L\u00e1szl\u00f3<br>K\u00f6z\u00f6ss\u00e9g nagys\u00e1ga: 1200 f\u0151<br>Koroszt\u00e1ly: 15-30 f\u0151<br>K\u00f6z\u00f6ss\u00e9g jellege: Lelkis\u00e9gi mozgalomhoz kapcsol\u00f3d\u00f3<br>Tal\u00e1lkoz\u00e1sok: <br>Helye: <br>Rendszeress\u00e9ge: Hetente<br><br>K\u00f6z\u00f6ss\u00e9g neve: \u00daj hajt\u00e1s<br>K\u00f6z\u00f6ss\u00e9g vezet\u0151je: Aranyi Erzs\u00e9bet<br>K\u00f6z\u00f6ss\u00e9g nagys\u00e1ga: Als\u00f3s\u00f3kt\u00f3l a feln\u0151ttekig<br>Koroszt\u00e1ly: 7 f\u0151 a feln\u0151ttben, 10 f\u0151 az ifj\u00fas\u00e1giban<br>K\u00f6z\u00f6ss\u00e9g jellege: Zenei<br>Tal\u00e1lkoz\u00e1sok: <br>Helye: 6600 Szentes, Erzs\u00e9bet t\u00e9r 2.<br>Rendszeress\u00e9ge: K\u00e9t hetente<br><br>K\u00f6z\u00f6ss\u00e9g neve: Virorla klub<br>K\u00f6z\u00f6ss\u00e9g vezet\u0151je: V\u00e9r\u00f3n\u00e9 Erzsi\u00e1k Be\u00e1ta<br>K\u00f6z\u00f6ss\u00e9g nagys\u00e1ga: 15-20 f\u0151<br>Koroszt\u00e1ly: \u00c1ltal\u00e1nos iskol\u00e1sok \u00e9s k\u00f6z\u00e9piskol\u00e1sok<br>K\u00f6z\u00f6ss\u00e9g jellege: &#8220;J\u00f3 egy\u00fctt lenni!&#8221;<br>Tal\u00e1lkoz\u00e1sok: <br>Helye: 5662 Csan\u00e1dap\u00e1ca, Szent Gell\u00e9rt \u00fat 32.<br>Rendszeress\u00e9ge: Hetente<\/p>\n\n\n\n<p><\/p>\n ","protected":false},"excerpt":{"rendered":"<p>K\u00f6z\u00f6ss\u00e9g neve: Belv\u00e1rosi Pl\u00e9b\u00e1nia IfiklubjaK\u00f6z\u00f6ss\u00e9g vezet\u0151je: T\u00f3th EvelinK\u00f6z\u00f6ss\u00e9g nagys\u00e1ga: 13 f\u0151Koroszt\u00e1ly: 14-18K\u00f6z\u00f6ss\u00e9g jellege: &#8220;J\u00f3 egy\u00fctt lenni!&#8221;Tal\u00e1lkoz\u00e1sok: Helye: 6720 szeged, D\u00f3m t\u00e9r 15.Rendszeress\u00e9ge: Hetente K\u00f6z\u00f6ss\u00e9g neve: Csermely Ifj\u00fas\u00e1gi K\u00f6z\u00f6ss\u00e9gK\u00f6z\u00f6ss\u00e9g vezet\u0151je: Tr\u00f3ja T\u00edmeaK\u00f6z\u00f6ss\u00e9g nagys\u00e1ga: 18 f\u0151Koroszt\u00e1ly: 14-22K\u00f6z\u00f6ss\u00e9g jellege: Hit-\u00e9let k\u00e9rd\u00e9seiTal\u00e1lkoz\u00e1sok: Helye: 6781 Domasz\u00e9k, D\u00f3zsa Gy\u00f6rgy utca 2-4.Rendszeress\u00e9ge: Hetente K\u00f6z\u00f6ss\u00e9g neve: CSOKIK\u00f6z\u00f6ss\u00e9g vezet\u0151je: Korm\u00e1nyos Anna Am\u00e1liaK\u00f6z\u00f6ss\u00e9g nagys\u00e1ga: 10&hellip; <br \/> <a class=\"read-more\" href=\"https:\/\/ipcszeged.hu\/index.php\/fiatalokrol-fiataloknak\/ifjusagi-kozossegek\/kozossegek\/\">Read more<\/a><\/p>\n","protected":false},"author":1,"featured_media":0,"parent":14655,"menu_order":1,"comment_status":"closed","ping_status":"closed","template":"","meta":{"ngg_post_thumbnail":0,"footnotes":""},"class_list":["post-14764","page","type-page","status-publish","hentry"],"_links":{"self":[{"href":"https:\/\/ipcszeged.hu\/index.php\/wp-json\/wp\/v2\/pages\/14764","targetHints":{"allow":["GET"]}}],"collection":[{"href":"https:\/\/ipcszeged.hu\/index.php\/wp-json\/wp\/v2\/pages"}],"about":[{"href":"https:\/\/ipcszeged.hu\/index.php\/wp-json\/wp\/v2\/types\/page"}],"author":[{"embeddable":true,"href":"https:\/\/ipcszeged.hu\/index.php\/wp-json\/wp\/v2\/users\/1"}],"replies":[{"embeddable":true,"href":"https:\/\/ipcszeged.hu\/index.php\/wp-json\/wp\/v2\/comments?post=14764"}],"version-history":[{"count":3,"href":"https:\/\/ipcszeged.hu\/index.php\/wp-json\/wp\/v2\/pages\/14764\/revisions"}],"predecessor-version":[{"id":15493,"href":"https:\/\/ipcszeged.hu\/index.php\/wp-json\/wp\/v2\/pages\/14764\/revisions\/15493"}],"up":[{"embeddable":true,"href":"https:\/\/ipcszeged.hu\/index.php\/wp-json\/wp\/v2\/pages\/14655"}],"wp:attachment":[{"href":"https:\/\/ipcszeged.hu\/index.php\/wp-json\/wp\/v2\/media?parent=14764"}],"curies":[{"name":"wp","href":"https:\/\/api.w.org\/{rel}","templated":true}]}}