{"id":14761,"date":"2018-11-15T10:37:27","date_gmt":"2018-11-15T10:37:27","guid":{"rendered":"http:\/\/www.ipcszeged.hu\/?page_id=14761"},"modified":"2018-11-15T10:37:27","modified_gmt":"2018-11-15T10:37:27","slug":"ifjusagi-kozossegek-vezetoinek-talalkozoi","status":"publish","type":"page","link":"https:\/\/ipcszeged.hu\/index.php\/fiatalokrol-fiataloknak\/ifjusagi-kozossegek\/ifjusagi-kozossegek-vezetoinek-talalkozoi\/","title":{"rendered":"Ifj\u00fas\u00e1gi K\u00f6z\u00f6ss\u00e9gek Vezet\u0151inek Tal\u00e1lkoz\u00f3i"},"content":{"rendered":" ","protected":false},"excerpt":{"rendered":"","protected":false},"author":1,"featured_media":0,"parent":14655,"menu_order":0,"comment_status":"closed","ping_status":"closed","template":"","meta":{"ngg_post_thumbnail":0,"footnotes":""},"class_list":["post-14761","page","type-page","status-publish","hentry"],"_links":{"self":[{"href":"https:\/\/ipcszeged.hu\/index.php\/wp-json\/wp\/v2\/pages\/14761","targetHints":{"allow":["GET"]}}],"collection":[{"href":"https:\/\/ipcszeged.hu\/index.php\/wp-json\/wp\/v2\/pages"}],"about":[{"href":"https:\/\/ipcszeged.hu\/index.php\/wp-json\/wp\/v2\/types\/page"}],"author":[{"embeddable":true,"href":"https:\/\/ipcszeged.hu\/index.php\/wp-json\/wp\/v2\/users\/1"}],"replies":[{"embeddable":true,"href":"https:\/\/ipcszeged.hu\/index.php\/wp-json\/wp\/v2\/comments?post=14761"}],"version-history":[{"count":1,"href":"https:\/\/ipcszeged.hu\/index.php\/wp-json\/wp\/v2\/pages\/14761\/revisions"}],"predecessor-version":[{"id":14763,"href":"https:\/\/ipcszeged.hu\/index.php\/wp-json\/wp\/v2\/pages\/14761\/revisions\/14763"}],"up":[{"embeddable":true,"href":"https:\/\/ipcszeged.hu\/index.php\/wp-json\/wp\/v2\/pages\/14655"}],"wp:attachment":[{"href":"https:\/\/ipcszeged.hu\/index.php\/wp-json\/wp\/v2\/media?parent=14761"}],"curies":[{"name":"wp","href":"https:\/\/api.w.org\/{rel}","templated":true}]}}