{"id":14651,"date":"2018-11-08T09:33:22","date_gmt":"2018-11-08T09:33:22","guid":{"rendered":"http:\/\/www.ipcszeged.hu\/?page_id=14651"},"modified":"2020-08-19T12:02:44","modified_gmt":"2020-08-19T12:02:44","slug":"ifjusagi-projekt-efop-1-2-2-15-2016-00033","status":"publish","type":"page","link":"https:\/\/ipcszeged.hu\/index.php\/projektjeink\/ifjusagi-projekt-efop-1-2-2-15-2016-00033\/","title":{"rendered":"Ifj\u00fas\u00e1gi projekt EFOP 1.2.2-15-2016-00033"},"content":{"rendered":"<p><img loading=\"lazy\" decoding=\"async\" class=\"wp-image-4774 alignright\" src=\"http:\/\/szeged-csanad.hu\/wp-content\/uploads\/2020\/02\/infoblokk_kedv_final_felso_cmyk_ESZA.jpg\" alt=\"\" width=\"350\" height=\"242\"><\/p>\n<p>&nbsp;<\/p>\n<p>&nbsp;<\/p>\n<p>&nbsp;<\/p>\n<p>&nbsp;<\/p>\n<p>&nbsp;<\/p>\n<p><strong>Kedvezm\u00e9nyezett neve:&nbsp;<\/strong>Szeged-Csan\u00e1di Egyh\u00e1zmegye<\/p>\n<p class=\"normal-header\"><strong>A projekt c\u00edme:&nbsp;<\/strong>Az Ifj\u00fas\u00e1gi k\u00f6z\u00f6ss\u00e9gi aktivit\u00e1st el\u0151seg\u00edt\u0151 programok megval\u00f3s\u00edt\u00e1sa a Szeged-Csan\u00e1di Egyh\u00e1zmegy\u00e9ben<\/p>\n<p class=\"normal-header\"><strong>A szerz\u0151d\u00f6tt t\u00e1mogat\u00e1s \u00f6sszege:&nbsp;<\/strong>24&nbsp;929 764.- Ft<\/p>\n<p class=\"normal-header\"><strong>A t\u00e1mogat\u00e1s m\u00e9rt\u00e9ke<\/strong>&nbsp;(%-ban): 100%<\/p>\n<p class=\"normal-header\"><strong>A projekt tartalm\u00e1nak bemutat\u00e1sa:&nbsp;<\/strong><\/p>\n<p class=\"normal-header\">A projektben lehet\u0151s\u00e9g ny\u00edlik olyan programok \u00e9s rendezv\u00e9nyek megszervez\u00e9s\u00e9re \u00e9s lebonyol\u00edt\u00e1s\u00e1ra, amelyek el\u0151seg\u00edtik a projektben neves\u00edtett indik\u00e1tornak min\u0151s\u00fcl\u0151 15-29 \u00e9ves koroszt\u00e1ly sz\u00e1m\u00e1ra a k\u00f6z\u00f6ss\u00e9gi aktivit\u00e1st. A projektben 27 db esem\u00e9nyt val\u00f3s\u00edt meg a Szeged- Csan\u00e1di Egyh\u00e1zmegye.<\/p>\n<p class=\"normal-header\">Az \u00f6nk\u00e9ntes programokban r\u00e9sztvev\u0151k sz\u00e1ma 2020.01.15-ig 5132 f\u0151<\/p>\n<p class=\"normal-header\">25 \u00e9ven aluli r\u00e9sztvev\u0151k sz\u00e1ma 3510 f\u0151<\/p>\n<p class=\"normal-header\"><strong>A projekt tervezett befejez\u00e9si d\u00e1tuma:&nbsp;<\/strong>2020.01.15.<\/p>\n<p class=\"normal-header\"><strong>Projekt azonos\u00edt\u00f3 sz\u00e1ma:&nbsp;<\/strong>EFOP \u2013 1.2.2-15-2016-00033<\/p>\n<p>&nbsp;<\/p>\n<p><a href=\"http:\/\/szeged-csanad.hu\/efop-1-2-2-15-2016-00033\/\" rel=\"http:\/\/szeged-csanad.hu\/\"><img loading=\"lazy\" decoding=\"async\" class=\"aligncenter wp-image-2366 size-full\" src=\"http:\/\/www.ipcszeged.hu\/wp-content\/uploads\/2017\/01\/efop_1_2_2_15_2016_00033_c_fekvo_nyomdai-page-001.jpg\" alt=\"\" width=\"7086\" height=\"5022\" srcset=\"https:\/\/ipcszeged.hu\/wp-content\/uploads\/2017\/01\/efop_1_2_2_15_2016_00033_c_fekvo_nyomdai-page-001.jpg 7086w, https:\/\/ipcszeged.hu\/wp-content\/uploads\/2017\/01\/efop_1_2_2_15_2016_00033_c_fekvo_nyomdai-page-001-150x106.jpg 150w, https:\/\/ipcszeged.hu\/wp-content\/uploads\/2017\/01\/efop_1_2_2_15_2016_00033_c_fekvo_nyomdai-page-001-300x213.jpg 300w, https:\/\/ipcszeged.hu\/wp-content\/uploads\/2017\/01\/efop_1_2_2_15_2016_00033_c_fekvo_nyomdai-page-001-768x544.jpg 768w, https:\/\/ipcszeged.hu\/wp-content\/uploads\/2017\/01\/efop_1_2_2_15_2016_00033_c_fekvo_nyomdai-page-001-945x670.jpg 945w, https:\/\/ipcszeged.hu\/wp-content\/uploads\/2017\/01\/efop_1_2_2_15_2016_00033_c_fekvo_nyomdai-page-001-600x425.jpg 600w\" sizes=\"auto, (max-width: 7086px) 100vw, 7086px\" \/><\/a><\/p>\n ","protected":false},"excerpt":{"rendered":"<p>&nbsp; &nbsp; &nbsp; &nbsp; &nbsp; Kedvezm\u00e9nyezett neve:&nbsp;Szeged-Csan\u00e1di Egyh\u00e1zmegye A projekt c\u00edme:&nbsp;Az Ifj\u00fas\u00e1gi k\u00f6z\u00f6ss\u00e9gi aktivit\u00e1st el\u0151seg\u00edt\u0151 programok megval\u00f3s\u00edt\u00e1sa a Szeged-Csan\u00e1di Egyh\u00e1zmegy\u00e9ben A szerz\u0151d\u00f6tt t\u00e1mogat\u00e1s \u00f6sszege:&nbsp;24&nbsp;929 764.- Ft A t\u00e1mogat\u00e1s m\u00e9rt\u00e9ke&nbsp;(%-ban): 100% A projekt tartalm\u00e1nak bemutat\u00e1sa:&nbsp; A projektben lehet\u0151s\u00e9g ny\u00edlik olyan programok \u00e9s rendezv\u00e9nyek megszervez\u00e9s\u00e9re \u00e9s lebonyol\u00edt\u00e1s\u00e1ra, amelyek el\u0151seg\u00edtik a projektben neves\u00edtett indik\u00e1tornak min\u0151s\u00fcl\u0151 15-29 \u00e9ves koroszt\u00e1ly&hellip; <br \/> <a class=\"read-more\" href=\"https:\/\/ipcszeged.hu\/index.php\/projektjeink\/ifjusagi-projekt-efop-1-2-2-15-2016-00033\/\">Read more<\/a><\/p>\n","protected":false},"author":1,"featured_media":0,"parent":16773,"menu_order":0,"comment_status":"closed","ping_status":"closed","template":"","meta":{"ngg_post_thumbnail":0,"footnotes":""},"class_list":["post-14651","page","type-page","status-publish","hentry"],"_links":{"self":[{"href":"https:\/\/ipcszeged.hu\/index.php\/wp-json\/wp\/v2\/pages\/14651","targetHints":{"allow":["GET"]}}],"collection":[{"href":"https:\/\/ipcszeged.hu\/index.php\/wp-json\/wp\/v2\/pages"}],"about":[{"href":"https:\/\/ipcszeged.hu\/index.php\/wp-json\/wp\/v2\/types\/page"}],"author":[{"embeddable":true,"href":"https:\/\/ipcszeged.hu\/index.php\/wp-json\/wp\/v2\/users\/1"}],"replies":[{"embeddable":true,"href":"https:\/\/ipcszeged.hu\/index.php\/wp-json\/wp\/v2\/comments?post=14651"}],"version-history":[{"count":5,"href":"https:\/\/ipcszeged.hu\/index.php\/wp-json\/wp\/v2\/pages\/14651\/revisions"}],"predecessor-version":[{"id":16776,"href":"https:\/\/ipcszeged.hu\/index.php\/wp-json\/wp\/v2\/pages\/14651\/revisions\/16776"}],"up":[{"embeddable":true,"href":"https:\/\/ipcszeged.hu\/index.php\/wp-json\/wp\/v2\/pages\/16773"}],"wp:attachment":[{"href":"https:\/\/ipcszeged.hu\/index.php\/wp-json\/wp\/v2\/media?parent=14651"}],"curies":[{"name":"wp","href":"https:\/\/api.w.org\/{rel}","templated":true}]}}