{"id":14629,"date":"2018-11-05T10:38:26","date_gmt":"2018-11-05T10:38:26","guid":{"rendered":"http:\/\/www.ipcszeged.hu\/?page_id=14629"},"modified":"2019-02-26T12:40:43","modified_gmt":"2019-02-26T12:40:43","slug":"adventi-ifi-7vege","status":"publish","type":"page","link":"https:\/\/ipcszeged.hu\/index.php\/programok-ahol-megtalalsz-bennunket\/adventi-ifi-7vege\/","title":{"rendered":"Adventi IFI 7v\u00e9ge"},"content":{"rendered":"<h2 style=\"text-align: center;\">&#8220;K\u00e9sz\u00edts\u00e9tek el az \u00dar \u00fatj\u00e1t!&#8221; (Lk 3,4)<\/h2>\n<p style=\"text-align: justify;\">2018.november 30 &#8211; december 02. k\u00f6z\u00f6tt Domasz\u00e9k, Z\u00f6ldf\u00e1son tartottuk hagyom\u00e1nyteremt\u0151 Adventi IFI 7v\u00e9g\u00e9t, ahol k\u00f6zel 20 fiatal vett r\u00e9szt.<\/p>\n<p style=\"text-align: justify;\">Mivel tal\u00e1lkoztak a fiatalok?<\/p>\n<p style=\"text-align: justify;\">&#8211; Tal\u00e1lkoz\u00e1s J\u00e9zus \u00fatj\u00e1val: Ahogyan a h\u00e9tv\u00e9ge mott\u00f3ja is felsz\u00f3l\u00edt minket, \u00fagy k\u00e9sz\u00edtett\u00e9k el a fiatalok az \u00dar \u00fatj\u00e1t.<\/p>\n<p style=\"text-align: justify;\">&#8211; \u00c1tgondolts\u00e1g: Tal\u00e1lkoztak elm\u00e9lked\u00e9sekkel, csoportfoglalkoz\u00e1ssal \u00e9s tan\u00fas\u00e1gt\u00e9tellel.<\/p>\n<p style=\"text-align: justify;\">&#8211; Ismerked\u00e9s r\u00e9gi \u00e9s \u00faj bar\u00e1tokkal: A lelki felt\u00f6lt\u0151d\u00e9s mellett a j\u00f3 kedv \u00e9s a fiatalos hangulat is nagy szerepet kapott a h\u00e9tv\u00e9g\u00e9n.<\/p>\n<p style=\"text-align: justify;\">&#8211; J\u00e9zussal val\u00f3 szem\u00e9lyes tal\u00e1lkoz\u00e1s: A szombat esti Szents\u00e9gim\u00e1d\u00e1s alatt k\u00fcl\u00f6nlegesen \u00e9lm\u00e9nyben lehetett r\u00e9sz\u00fck a fiataloknak, hiszen az \u00e1ltaluk k\u00e9sz\u00edtett \u00fat mellett volt lehet\u0151s\u00e9g\u00fck arra, hogy tal\u00e1lkozzanak J\u00e9zussal.<\/p>\nngg_shortcode_0_placeholder\n<p style=\"text-align: center;\">2018. 11. 30.<\/p>\nngg_shortcode_1_placeholder\n<p style=\"text-align: center;\">2018. 12. 01.<\/p>\nngg_shortcode_2_placeholder\n<p style=\"text-align: center;\">2018. 12. 02.<\/p>\n ","protected":false},"excerpt":{"rendered":"<p>&#8220;K\u00e9sz\u00edts\u00e9tek el az \u00dar \u00fatj\u00e1t!&#8221; (Lk 3,4) 2018.november 30 &#8211; december 02. k\u00f6z\u00f6tt Domasz\u00e9k, Z\u00f6ldf\u00e1son tartottuk hagyom\u00e1nyteremt\u0151 Adventi IFI 7v\u00e9g\u00e9t, ahol k\u00f6zel 20 fiatal vett r\u00e9szt. Mivel tal\u00e1lkoztak a fiatalok? &#8211; Tal\u00e1lkoz\u00e1s J\u00e9zus \u00fatj\u00e1val: Ahogyan a h\u00e9tv\u00e9ge mott\u00f3ja is felsz\u00f3l\u00edt minket, \u00fagy k\u00e9sz\u00edtett\u00e9k el a fiatalok az \u00dar \u00fatj\u00e1t. &#8211; \u00c1tgondolts\u00e1g: Tal\u00e1lkoztak elm\u00e9lked\u00e9sekkel, csoportfoglalkoz\u00e1ssal \u00e9s&hellip; <br \/> <a class=\"read-more\" href=\"https:\/\/ipcszeged.hu\/index.php\/programok-ahol-megtalalsz-bennunket\/adventi-ifi-7vege\/\">Read more<\/a><\/p>\n","protected":false},"author":1,"featured_media":0,"parent":162,"menu_order":8,"comment_status":"closed","ping_status":"closed","template":"","meta":{"ngg_post_thumbnail":0,"footnotes":""},"class_list":["post-14629","page","type-page","status-publish","hentry"],"_links":{"self":[{"href":"https:\/\/ipcszeged.hu\/index.php\/wp-json\/wp\/v2\/pages\/14629","targetHints":{"allow":["GET"]}}],"collection":[{"href":"https:\/\/ipcszeged.hu\/index.php\/wp-json\/wp\/v2\/pages"}],"about":[{"href":"https:\/\/ipcszeged.hu\/index.php\/wp-json\/wp\/v2\/types\/page"}],"author":[{"embeddable":true,"href":"https:\/\/ipcszeged.hu\/index.php\/wp-json\/wp\/v2\/users\/1"}],"replies":[{"embeddable":true,"href":"https:\/\/ipcszeged.hu\/index.php\/wp-json\/wp\/v2\/comments?post=14629"}],"version-history":[{"count":16,"href":"https:\/\/ipcszeged.hu\/index.php\/wp-json\/wp\/v2\/pages\/14629\/revisions"}],"predecessor-version":[{"id":15477,"href":"https:\/\/ipcszeged.hu\/index.php\/wp-json\/wp\/v2\/pages\/14629\/revisions\/15477"}],"up":[{"embeddable":true,"href":"https:\/\/ipcszeged.hu\/index.php\/wp-json\/wp\/v2\/pages\/162"}],"wp:attachment":[{"href":"https:\/\/ipcszeged.hu\/index.php\/wp-json\/wp\/v2\/media?parent=14629"}],"curies":[{"name":"wp","href":"https:\/\/api.w.org\/{rel}","templated":true}]}}