{"id":1457,"date":"2016-06-08T06:24:01","date_gmt":"2016-06-08T06:24:01","guid":{"rendered":"http:\/\/www.ipcszeged.hu\/?page_id=1457"},"modified":"2016-06-08T06:24:01","modified_gmt":"2016-06-08T06:24:01","slug":"regisztralok-a-taborra","status":"publish","type":"page","link":"https:\/\/ipcszeged.hu\/index.php\/programok-ahol-megtalalsz-bennunket\/egyhazmegyei-nyari-tabor\/2016-gyula\/regisztralok-a-taborra\/","title":{"rendered":"Regisztr\u00e1lok a t\u00e1borra!"},"content":{"rendered":"<h3 style=\"text-align: center;\"><a href=\"https:\/\/docs.google.com\/forms\/d\/1RsGRT8dC9FGg5aXPEUVrHYlm5ZrXla2bsJfjFClqF-A\/viewform?c=0&amp;w=1\">T\u00e1boros regisztr\u00e1ci\u00f3<\/a>\u00a0itt!<\/h3>\n<h3 style=\"text-align: center;\"><\/h3>\n<h3 style=\"text-align: center;\">Gyere el, l\u00e1sd meg \u00e9s ismerd meg Gyul\u00e1t a vizek v\u00e1ros\u00e1t!<\/h3>\n ","protected":false},"excerpt":{"rendered":"<p>T\u00e1boros regisztr\u00e1ci\u00f3\u00a0itt! Gyere el, l\u00e1sd meg \u00e9s ismerd meg Gyul\u00e1t a vizek v\u00e1ros\u00e1t!<\/p>\n","protected":false},"author":1,"featured_media":0,"parent":1141,"menu_order":0,"comment_status":"closed","ping_status":"closed","template":"","meta":{"ngg_post_thumbnail":0,"footnotes":""},"class_list":["post-1457","page","type-page","status-publish","hentry"],"_links":{"self":[{"href":"https:\/\/ipcszeged.hu\/index.php\/wp-json\/wp\/v2\/pages\/1457","targetHints":{"allow":["GET"]}}],"collection":[{"href":"https:\/\/ipcszeged.hu\/index.php\/wp-json\/wp\/v2\/pages"}],"about":[{"href":"https:\/\/ipcszeged.hu\/index.php\/wp-json\/wp\/v2\/types\/page"}],"author":[{"embeddable":true,"href":"https:\/\/ipcszeged.hu\/index.php\/wp-json\/wp\/v2\/users\/1"}],"replies":[{"embeddable":true,"href":"https:\/\/ipcszeged.hu\/index.php\/wp-json\/wp\/v2\/comments?post=1457"}],"version-history":[{"count":1,"href":"https:\/\/ipcszeged.hu\/index.php\/wp-json\/wp\/v2\/pages\/1457\/revisions"}],"predecessor-version":[{"id":1458,"href":"https:\/\/ipcszeged.hu\/index.php\/wp-json\/wp\/v2\/pages\/1457\/revisions\/1458"}],"up":[{"embeddable":true,"href":"https:\/\/ipcszeged.hu\/index.php\/wp-json\/wp\/v2\/pages\/1141"}],"wp:attachment":[{"href":"https:\/\/ipcszeged.hu\/index.php\/wp-json\/wp\/v2\/media?parent=1457"}],"curies":[{"name":"wp","href":"https:\/\/api.w.org\/{rel}","templated":true}]}}