{"id":1407,"date":"2016-05-25T12:34:46","date_gmt":"2016-05-25T12:34:46","guid":{"rendered":"http:\/\/www.ipcszeged.hu\/?page_id=1407"},"modified":"2016-05-25T12:35:35","modified_gmt":"2016-05-25T12:35:35","slug":"evezz-a-melyre-lk-54","status":"publish","type":"page","link":"https:\/\/ipcszeged.hu\/index.php\/programok-ahol-megtalalsz-bennunket\/vitorla-2\/vitorla\/informaciok\/evezz-a-melyre-lk-54\/","title":{"rendered":"&#8220;Evezz a m\u00e9lyre&#8221; Lk 5,4"},"content":{"rendered":"<h4><\/h4>\n<h4>II. k\u00e9pz\u00e9si alkalom t\u00e9m\u00e1ja:\u00a0Tan\u00edtv\u00e1nyi \u00e9s apostoli lelk\u00fclet; emberhal\u00e1szat<\/h4>\n<p>A k\u00e9pz\u00e9st Gyuris Gell\u00e9rt \u00e9s a Szentandr\u00e1s Evangeliz\u00e1ci\u00f3s Iskola munkat\u00e1rsai, illetve P\u00e9csi Rita\u00a0vezeti.<\/p>\n<p>A k\u00e9pz\u00e9s lelki vezet\u0151je Ily\u00e9s Zsolt atya lesz.<\/p>\n<p><strong>2016.06.03. P\u00e9ntek<\/strong><br \/>\n\u2022 17:00-t\u00f3l \u00e9rkez\u00e9sek<br \/>\n\u2022 18:00 Vacsora<br \/>\n\u2022 19:00 Nyit\u00f3 Szentmise (Levente atya)<a href=\"http:\/\/www.ipcszeged.hu\/wp-content\/uploads\/2016\/02\/vitorla_kozossegvezeto-logoi.jpg\"><img loading=\"lazy\" decoding=\"async\" class=\"wp-image-995 alignright\" src=\"http:\/\/www.ipcszeged.hu\/wp-content\/uploads\/2016\/02\/vitorla_kozossegvezeto-logoi.jpg\" sizes=\"auto, (max-width: 403px) 100vw, 403px\" srcset=\"http:\/\/www.ipcszeged.hu\/wp-content\/uploads\/2016\/02\/vitorla_kozossegvezeto-logoi.jpg 1659w, http:\/\/www.ipcszeged.hu\/wp-content\/uploads\/2016\/02\/vitorla_kozossegvezeto-logoi-150x74.jpg 150w, http:\/\/www.ipcszeged.hu\/wp-content\/uploads\/2016\/02\/vitorla_kozossegvezeto-logoi-300x148.jpg 300w, http:\/\/www.ipcszeged.hu\/wp-content\/uploads\/2016\/02\/vitorla_kozossegvezeto-logoi-945x467.jpg 945w, http:\/\/www.ipcszeged.hu\/wp-content\/uploads\/2016\/02\/vitorla_kozossegvezeto-logoi-600x296.jpg 600w\" alt=\"vitorla_kozossegvezeto logoi\" width=\"403\" height=\"199\" \/><\/a><br \/>\n\u2022 20:00 \u2013 21:30 Az evangeliz\u00e1ci\u00f3 lelkis\u00e9ge<br \/>\n\u2022 21:30 &#8211; 22:30 Ima a tapasztalatok\u00e9rt<\/p>\n<p><strong>2016.06.04. Szombat<\/strong><br \/>\n\u2022 7:45 Reggeli Ima<br \/>\n\u2022 8:00 Reggeli<br \/>\n\u2022 8:45 \u2013 10:15 Az evangeliz\u00e1ci\u00f3 folyamata<br \/>\n\u2022 10:15-10:45 sz\u00fcnet<br \/>\n\u2022 10:45 \u2013 12:30 A k\u00e9r\u00fcgma<br \/>\n\u2022 12:30 Eb\u00e9d<br \/>\n\u2022 13:15 \u2013 14:45 P\u00e9csi Rita I. blokk<br \/>\n\u2022 14:45 \u2013 15:00 sz\u00fcnet<br \/>\n\u2022 15:00 &#8211; 16:30 P\u00e9csi Rita II. blokk<\/p>\n ","protected":false},"excerpt":{"rendered":"<p>II. k\u00e9pz\u00e9si alkalom t\u00e9m\u00e1ja:\u00a0Tan\u00edtv\u00e1nyi \u00e9s apostoli lelk\u00fclet; emberhal\u00e1szat A k\u00e9pz\u00e9st Gyuris Gell\u00e9rt \u00e9s a Szentandr\u00e1s Evangeliz\u00e1ci\u00f3s Iskola munkat\u00e1rsai, illetve P\u00e9csi Rita\u00a0vezeti. A k\u00e9pz\u00e9s lelki vezet\u0151je Ily\u00e9s Zsolt atya lesz. 2016.06.03. P\u00e9ntek \u2022 17:00-t\u00f3l \u00e9rkez\u00e9sek \u2022 18:00 Vacsora \u2022 19:00 Nyit\u00f3 Szentmise (Levente atya) \u2022 20:00 \u2013 21:30 Az evangeliz\u00e1ci\u00f3 lelkis\u00e9ge \u2022 21:30 &#8211; 22:30 Ima&hellip; <br \/> <a class=\"read-more\" href=\"https:\/\/ipcszeged.hu\/index.php\/programok-ahol-megtalalsz-bennunket\/vitorla-2\/vitorla\/informaciok\/evezz-a-melyre-lk-54\/\">Read more<\/a><\/p>\n","protected":false},"author":1,"featured_media":1408,"parent":997,"menu_order":0,"comment_status":"closed","ping_status":"closed","template":"","meta":{"ngg_post_thumbnail":0,"footnotes":""},"class_list":["post-1407","page","type-page","status-publish","has-post-thumbnail","hentry"],"_links":{"self":[{"href":"https:\/\/ipcszeged.hu\/index.php\/wp-json\/wp\/v2\/pages\/1407","targetHints":{"allow":["GET"]}}],"collection":[{"href":"https:\/\/ipcszeged.hu\/index.php\/wp-json\/wp\/v2\/pages"}],"about":[{"href":"https:\/\/ipcszeged.hu\/index.php\/wp-json\/wp\/v2\/types\/page"}],"author":[{"embeddable":true,"href":"https:\/\/ipcszeged.hu\/index.php\/wp-json\/wp\/v2\/users\/1"}],"replies":[{"embeddable":true,"href":"https:\/\/ipcszeged.hu\/index.php\/wp-json\/wp\/v2\/comments?post=1407"}],"version-history":[{"count":1,"href":"https:\/\/ipcszeged.hu\/index.php\/wp-json\/wp\/v2\/pages\/1407\/revisions"}],"predecessor-version":[{"id":1409,"href":"https:\/\/ipcszeged.hu\/index.php\/wp-json\/wp\/v2\/pages\/1407\/revisions\/1409"}],"up":[{"embeddable":true,"href":"https:\/\/ipcszeged.hu\/index.php\/wp-json\/wp\/v2\/pages\/997"}],"wp:featuredmedia":[{"embeddable":true,"href":"https:\/\/ipcszeged.hu\/index.php\/wp-json\/wp\/v2\/media\/1408"}],"wp:attachment":[{"href":"https:\/\/ipcszeged.hu\/index.php\/wp-json\/wp\/v2\/media?parent=1407"}],"curies":[{"name":"wp","href":"https:\/\/api.w.org\/{rel}","templated":true}]}}