{"id":1136,"date":"2016-05-09T06:53:03","date_gmt":"2016-05-09T06:53:03","guid":{"rendered":"http:\/\/www.ipcszeged.hu\/?page_id=1136"},"modified":"2016-05-09T06:53:03","modified_gmt":"2016-05-09T06:53:03","slug":"keszitsetek-elo-az-ur-utjat-mk-13","status":"publish","type":"page","link":"https:\/\/ipcszeged.hu\/index.php\/programok-ahol-megtalalsz-bennunket\/vitorla-2\/vitorla\/informaciok\/keszitsetek-elo-az-ur-utjat-mk-13\/","title":{"rendered":"&#8220;K\u00e9sz\u00edts\u00e9tek el\u0151 az \u00dar \u00fatj\u00e1t&#8221; (Mk 1,3)"},"content":{"rendered":"<h4 style=\"text-align: center;\">I. k\u00e9pz\u00e9si alkalom t\u00e9m\u00e1ja: K\u00fcldet\u00e9s\u00fcnk a pl\u00e9b\u00e1ni\u00e1n<\/h4>\n<h4 style=\"text-align: center;\">A k\u00e9pz\u00e9st Guly\u00e1s P\u00e9ter \u00e9s Serf\u0151z\u0151 Levente atya vezeti.<\/h4>\n<h5>2016.05.06. P\u00e9ntek<br \/>\n\u2022 17:00-t\u00f3l \u00e9rkez\u00e9sek<br \/>\n\u2022 18:00 Vacsora<br \/>\n\u2022 19:15 Nyit\u00f3 Szentmise (Levente atya)<a href=\"http:\/\/www.ipcszeged.hu\/wp-content\/uploads\/2016\/02\/vitorla_kozossegvezeto-logoi.jpg\"><img loading=\"lazy\" decoding=\"async\" class=\"wp-image-995 alignright\" src=\"http:\/\/www.ipcszeged.hu\/wp-content\/uploads\/2016\/02\/vitorla_kozossegvezeto-logoi.jpg\" alt=\"vitorla_kozossegvezeto logoi\" width=\"403\" height=\"199\" srcset=\"https:\/\/ipcszeged.hu\/wp-content\/uploads\/2016\/02\/vitorla_kozossegvezeto-logoi.jpg 1659w, https:\/\/ipcszeged.hu\/wp-content\/uploads\/2016\/02\/vitorla_kozossegvezeto-logoi-150x74.jpg 150w, https:\/\/ipcszeged.hu\/wp-content\/uploads\/2016\/02\/vitorla_kozossegvezeto-logoi-300x148.jpg 300w, https:\/\/ipcszeged.hu\/wp-content\/uploads\/2016\/02\/vitorla_kozossegvezeto-logoi-945x467.jpg 945w, https:\/\/ipcszeged.hu\/wp-content\/uploads\/2016\/02\/vitorla_kozossegvezeto-logoi-600x296.jpg 600w\" sizes=\"auto, (max-width: 403px) 100vw, 403px\" \/><\/a><br \/>\n\u2022 20:00 &#8211; 21:30 I. blokk (Guly\u00e1s P\u00e9ter)<br \/>\n\u2022 21:30 Esti Ima<\/h5>\n<h5>2016.05.07. Szombat<br \/>\n\u2022 7:45 Reggeli Ima<br \/>\n\u2022 8:00 Reggeli<br \/>\n\u2022 8:45 &#8211; 10:15 II. blokk<br \/>\n\u2022 10:15-10:45 sz\u00fcnet<br \/>\n\u2022 10:45 &#8211; 12:15 III. blokk<br \/>\n\u2022 12:30 Eb\u00e9d<br \/>\n\u2022 14:00 &#8211; 15:00 IV. blokk<br \/>\n\u2022 15:15 &#8211; 16:00 z\u00e1r\u00f3 blokk (szerz\u0151d\u00e9sek al\u00e1\u00edr\u00e1sa)<\/h5>\n ","protected":false},"excerpt":{"rendered":"<p>I. k\u00e9pz\u00e9si alkalom t\u00e9m\u00e1ja: K\u00fcldet\u00e9s\u00fcnk a pl\u00e9b\u00e1ni\u00e1n A k\u00e9pz\u00e9st Guly\u00e1s P\u00e9ter \u00e9s Serf\u0151z\u0151 Levente atya vezeti. 2016.05.06. P\u00e9ntek \u2022 17:00-t\u00f3l \u00e9rkez\u00e9sek \u2022 18:00 Vacsora \u2022 19:15 Nyit\u00f3 Szentmise (Levente atya) \u2022 20:00 &#8211; 21:30 I. blokk (Guly\u00e1s P\u00e9ter) \u2022 21:30 Esti Ima 2016.05.07. Szombat \u2022 7:45 Reggeli Ima \u2022 8:00 Reggeli \u2022 8:45 &#8211; 10:15&hellip; <br \/> <a class=\"read-more\" href=\"https:\/\/ipcszeged.hu\/index.php\/programok-ahol-megtalalsz-bennunket\/vitorla-2\/vitorla\/informaciok\/keszitsetek-elo-az-ur-utjat-mk-13\/\">Read more<\/a><\/p>\n","protected":false},"author":1,"featured_media":1137,"parent":997,"menu_order":0,"comment_status":"closed","ping_status":"closed","template":"","meta":{"ngg_post_thumbnail":0,"footnotes":""},"class_list":["post-1136","page","type-page","status-publish","has-post-thumbnail","hentry"],"_links":{"self":[{"href":"https:\/\/ipcszeged.hu\/index.php\/wp-json\/wp\/v2\/pages\/1136","targetHints":{"allow":["GET"]}}],"collection":[{"href":"https:\/\/ipcszeged.hu\/index.php\/wp-json\/wp\/v2\/pages"}],"about":[{"href":"https:\/\/ipcszeged.hu\/index.php\/wp-json\/wp\/v2\/types\/page"}],"author":[{"embeddable":true,"href":"https:\/\/ipcszeged.hu\/index.php\/wp-json\/wp\/v2\/users\/1"}],"replies":[{"embeddable":true,"href":"https:\/\/ipcszeged.hu\/index.php\/wp-json\/wp\/v2\/comments?post=1136"}],"version-history":[{"count":2,"href":"https:\/\/ipcszeged.hu\/index.php\/wp-json\/wp\/v2\/pages\/1136\/revisions"}],"predecessor-version":[{"id":1147,"href":"https:\/\/ipcszeged.hu\/index.php\/wp-json\/wp\/v2\/pages\/1136\/revisions\/1147"}],"up":[{"embeddable":true,"href":"https:\/\/ipcszeged.hu\/index.php\/wp-json\/wp\/v2\/pages\/997"}],"wp:featuredmedia":[{"embeddable":true,"href":"https:\/\/ipcszeged.hu\/index.php\/wp-json\/wp\/v2\/media\/1137"}],"wp:attachment":[{"href":"https:\/\/ipcszeged.hu\/index.php\/wp-json\/wp\/v2\/media?parent=1136"}],"curies":[{"name":"wp","href":"https:\/\/api.w.org\/{rel}","templated":true}]}}